{"id":222,"date":"2025-02-27T10:43:02","date_gmt":"2025-02-27T10:43:02","guid":{"rendered":"https:\/\/pj.oscloud.online\/?page_id=222"},"modified":"2026-04-02T11:07:28","modified_gmt":"2026-04-02T11:07:28","slug":"stala-nabidka","status":"publish","type":"page","link":"https:\/\/penzion-janostik.cz\/index.php\/stala-nabidka\/","title":{"rendered":"St\u00e1l\u00e1 nab\u00eddka"},"content":{"rendered":"\t\t<div data-elementor-type=\"wp-page\" data-elementor-id=\"222\" class=\"elementor elementor-222\" data-elementor-post-type=\"page\">\n\t\t\t\t<div class=\"elementor-element elementor-element-2ec2ca6 e-flex e-con-boxed e-con e-parent\" data-id=\"2ec2ca6\" data-element_type=\"container\">\n\t\t\t\t\t<div class=\"e-con-inner\">\n\t\t\t\t<div class=\"elementor-element elementor-element-0bc7ebb elementor-widget elementor-widget-heading\" data-id=\"0bc7ebb\" data-element_type=\"widget\" data-widget_type=\"heading.default\">\n\t\t\t\t<div class=\"elementor-widget-container\">\n\t\t\t\t\t<h5 class=\"elementor-heading-title elementor-size-default\">N\u00e1pojov\u00fd a j\u00eddeln\u00ed l\u00edstek<\/h5>\t\t\t\t<\/div>\n\t\t\t\t<\/div>\n\t\t\t\t\t<\/div>\n\t\t\t\t<\/div>\n\t\t<div class=\"elementor-element elementor-element-c0cc4b0 e-flex e-con-boxed e-con e-parent\" data-id=\"c0cc4b0\" data-element_type=\"container\">\n\t\t\t\t\t<div class=\"e-con-inner\">\n\t\t\t\t<div class=\"elementor-element elementor-element-d08acb6 elementor-widget elementor-widget-text-editor\" data-id=\"d08acb6\" data-element_type=\"widget\" data-widget_type=\"text-editor.default\">\n\t\t\t\t<div class=\"elementor-widget-container\">\n\t\t\t\t\t\t\t\t\t<p data-start=\"130\" data-end=\"147\"><strong data-start=\"130\" data-end=\"147\">NEALKO N\u00c1POJE<\/strong><\/p><p data-start=\"149\" data-end=\"754\">Dom\u00e1c\u00ed malinov\u00e1\/bezinkov\u00e1 limon\u00e1da 0,5 l \u2013 90 K\u010d<br data-start=\"197\" data-end=\"200\" \/>Citron\u00e1da 0,3 l (\u010derstv\u00e1 citronov\u00e1 \u0161\u0165\u00e1va, led, soda, citron) \u2013 50 K\u010d<br data-start=\"268\" data-end=\"271\" \/>Radensk\u00e1 miner\u00e1ln\u00ed voda \u2013 52 K\u010d<br data-start=\"302\" data-end=\"305\" \/>Korunn\u00ed jemn\u011b perliv\u00e1 \u2013 42 K\u010d<br data-start=\"334\" data-end=\"337\" \/>Rajec perliv\u00fd \/ neperliv\u00fd \u2013 42 K\u010d<br data-start=\"370\" data-end=\"373\" \/>Royal-cola \u2013 60 K\u010d<br data-start=\"391\" data-end=\"394\" \/>Targa limon\u00e1da (pomeran\u010d \/ citron) \u2013 60 K\u010d<br data-start=\"436\" data-end=\"439\" \/>Targa tonic original, ginger \u2013 60 K\u010d<br data-start=\"475\" data-end=\"478\" \/>Vinea b\u00edl\u00e1 \/ \u010derven\u00e1 \u2013 60 K\u010d<br data-start=\"506\" data-end=\"509\" \/>Rauch zelen\u00fd \u010daj \u2013 70 K\u010d<br data-start=\"533\" data-end=\"536\" \/>Rauch d\u017eus (pomeran\u010d \/ jahoda \/ jablko \/ multivitamin \/ \u010dern\u00fd ryb\u00edz) \u2013 65 K\u010d<br data-start=\"612\" data-end=\"615\" \/>Kofola to\u010den\u00e1 0,3 l \/ 0,5 l \u2013 30 \/ 50 K\u010d<br data-start=\"655\" data-end=\"658\" \/>Malinovka to\u010den\u00e1 0,3 l \/ 0,5 l \u2013 30 \/ 50 K\u010d<br data-start=\"701\" data-end=\"704\" \/>D\u017eb\u00e1nek s vodou, citron 0,5 l \/ 1 l \u2013 30 \/ 50 K\u010d<\/p><hr data-start=\"756\" data-end=\"759\" \/><p data-start=\"761\" data-end=\"784\"><strong data-start=\"761\" data-end=\"784\">K\u00c1VA A TEPL\u00c9 N\u00c1POJE<\/strong><\/p><p data-start=\"786\" data-end=\"1307\">Tureck\u00e1 k\u00e1va, cukr, ml\u00e9ko \u2013 60 K\u010d<br data-start=\"819\" data-end=\"822\" \/>Espresso, cukr, ml\u00e9ko \u2013 65 K\u010d<br data-start=\"851\" data-end=\"854\" \/>Cappuccino, espresso s ml\u00e9\u010dnou p\u011bnou \u2013 70 K\u010d<br data-start=\"898\" data-end=\"901\" \/>Latte Macchiato, espresso s tepl\u00fdm ml\u00e9kem a ml\u00e9\u010dnou p\u011bnou \u2013 80 K\u010d<br data-start=\"966\" data-end=\"969\" \/>V\u00edde\u0148sk\u00e1 k\u00e1va \u2013 espresso se \u0161leha\u010dkou \u2013 85 K\u010d<br data-start=\"1014\" data-end=\"1017\" \/>Al\u017e\u00edrsk\u00e1 k\u00e1va \u2013 espresso, vaje\u010dn\u00fd lik\u00e9r, \u0161leha\u010dka \u2013 115 K\u010d<br data-start=\"1075\" data-end=\"1078\" \/>Irsk\u00e1 k\u00e1va \u2013 espresso, Jameson, \u0161leha\u010dka \u2013 140 K\u010d<br data-start=\"1127\" data-end=\"1130\" \/>Ledov\u00e1 k\u00e1va \u2013 espresso, zmrzlina, \u0161leha\u010dka \u2013 125 K\u010d<br data-start=\"1181\" data-end=\"1184\" \/>\u010caj \u2013 50 K\u010d<br data-start=\"1195\" data-end=\"1198\" \/>\u010caj z \u010derstv\u00e9ho z\u00e1zvoru, citron, med \u2013 85 K\u010d<br data-start=\"1242\" data-end=\"1245\" \/>Hork\u00e1 \u010dokol\u00e1da \u2013 75 K\u010d<br data-start=\"1267\" data-end=\"1270\" \/>Grog \u2013 85 K\u010d<br data-start=\"1282\" data-end=\"1285\" \/>Sva\u0159en\u00e9 v\u00edno \u2013 90 K\u010d<\/p><hr data-start=\"1309\" data-end=\"1312\" \/><p data-start=\"1314\" data-end=\"1341\"><strong data-start=\"1314\" data-end=\"1341\">PIVO \u010cEPOVAN\u00c9 A LAHVOV\u00c9<\/strong><\/p><p data-start=\"1343\" data-end=\"1571\">Radegast 10\u00b0 0,3 l \/ 0,5 l \u2013 32 \/ 48 K\u010d<br data-start=\"1382\" data-end=\"1385\" \/>Radegast 12\u00b0 0,3 l \/ 0,5 l \u2013 42 \/ 58 K\u010d<br data-start=\"1424\" data-end=\"1427\" \/>Birell ochucen\u00fd 0,3 l \/ 0,5 l \u2013 \u010depovan\u00fd \u2013 38 \/ 50 K\u010d<br data-start=\"1480\" data-end=\"1483\" \/>Birell sv\u011btl\u00fd, polotmav\u00fd 0,5 l \u2013 l\u00e1hev \u2013 46 K\u010d<br data-start=\"1529\" data-end=\"1532\" \/>Birell ochucen\u00fd 0,5 l \u2013 plech \u2013 58 K\u010d<\/p><hr data-start=\"1573\" data-end=\"1576\" \/><p data-start=\"1578\" data-end=\"1608\"><strong data-start=\"1578\" data-end=\"1608\">M\u00cdCHAN\u00c9 ALKOHOLICK\u00c9 N\u00c1POJE<\/strong><\/p><p data-start=\"1610\" data-end=\"1765\">Aperol spritz \/ 0,04 Aperol, 1 dcl Prosecco, led, soda, pomeran\u010d \/ \u2013 135 K\u010d<br data-start=\"1685\" data-end=\"1688\" \/>Hugo spritz \/ 2 dcl Prosecco, led, soda, bezinkov\u00fd sirup, citron \/ \u2013 135 K\u010d<\/p><hr data-start=\"1767\" data-end=\"1770\" \/><p data-start=\"1772\" data-end=\"1799\"><strong data-start=\"1772\" data-end=\"1799\">\u0160UMIV\u00c1 V\u00cdNA A APERITIVY<\/strong><\/p><p data-start=\"1801\" data-end=\"2040\">Prosecco 1,5 dcl \u2013 85 K\u010d<br data-start=\"1825\" data-end=\"1828\" \/>Cinzano bianco, extra dry 1 dcl \u2013 85 K\u010d<br data-start=\"1867\" data-end=\"1870\" \/>Martini bianco, extra dry 1 dcl \u2013 90 K\u010d<br data-start=\"1909\" data-end=\"1912\" \/>Prosecco, brut Valdobbiadene 0,75 l \u2013 640 K\u010d<br data-start=\"1956\" data-end=\"1959\" \/>Bohemia sekt demi \/ brut 0,75 l \u2013 450 K\u010d<br data-start=\"1999\" data-end=\"2002\" \/>Bohemia sekt, nealko 0,75 l \u2013 380 K\u010d<\/p><hr data-start=\"2042\" data-end=\"2045\" \/><p data-start=\"2047\" data-end=\"2071\"><strong data-start=\"2047\" data-end=\"2071\">POL\u00c9VKY A MAL\u00c1 J\u00cdDLA<\/strong><\/p><p data-start=\"2073\" data-end=\"2164\">Vala\u0161sk\u00e1 kyselice<br data-start=\"2090\" data-end=\"2093\" \/>tradi\u010dn\u00ed pol\u00e9vka ze zel\u00ed, brambor, uzen\u00e9ho masa a smetany 1,7 \u2013 90 K\u010d<\/p><p data-start=\"2166\" data-end=\"2267\">Hov\u011bz\u00ed v\u00fdvar<br data-start=\"2178\" data-end=\"2181\" \/>v\u00fdvar z \u017eeber a morkov\u00fdch kost\u00ed s ko\u0159enovou zeleninou, masem a nudlemi 1,3,9 \u2013 90 K\u010d<\/p><p data-start=\"2269\" data-end=\"2371\">Krevety 6 ks<br data-start=\"2281\" data-end=\"2284\" \/>sma\u017een\u00e9 v k\u0159upav\u00e9m t\u011bst\u00ed\u010dku, pod\u00e1van\u00e9 s \u010desnekov\u00fdm dresinkem a toustem 1,2,3 \u2013 210 K\u010d<\/p><p data-start=\"2373\" data-end=\"2478\">Tatarsk\u00fd biftek 100 g<br data-start=\"2394\" data-end=\"2397\" \/>jemn\u011b sekan\u00e1 a ochucen\u00e1 hov\u011bz\u00ed sv\u00ed\u010dkov\u00e1, s topinkami a \u010desnekem 1,3,10 \u2013 335 K\u010d<\/p><p data-start=\"2480\" data-end=\"2618\">Tvar\u016f\u017eky 3 ks<br data-start=\"2493\" data-end=\"2496\" \/>na grilu rozpe\u010den\u00e9 lo\u0161tick\u00e9 tvar\u016f\u017eky zabalen\u00e9 ve slanin\u011b,<br data-start=\"2553\" data-end=\"2556\" \/>pod\u00e1van\u00e9 s cibulkov\u00fdm sal\u00e1tkem a \u010derstv\u00fdm chlebem 7 \u2013 185 K\u010d<\/p><p data-start=\"2620\" data-end=\"2713\">Utopenec<br data-start=\"2628\" data-end=\"2631\" \/>dom\u00e1c\u00ed utopenec marinovan\u00fd s cibul\u00ed, zel\u00edm, feferonkou a okurkou, pe\u010divo \u2013 80 K\u010d<\/p><hr data-start=\"2715\" data-end=\"2718\" \/><p data-start=\"2720\" data-end=\"2746\"><strong data-start=\"2720\" data-end=\"2746\">SAL\u00c1TY A BEZMAS\u00c1 J\u00cdDLA<\/strong><\/p><p data-start=\"2748\" data-end=\"2885\">Sal\u00e1t Caesar 300 g<br data-start=\"2766\" data-end=\"2769\" \/>listy \u0159\u00edmsk\u00e9ho sal\u00e1tu s an\u010dovi\u010dkov\u00fdm dresinkem, slaninov\u00fdmi chipsy, parmaz\u00e1nem a \u010desnekov\u00fdmi krutonky 3,4 \u2013 175 K\u010d<\/p><p data-start=\"2887\" data-end=\"2992\">s filetovan\u00fdm, grilovan\u00fdm ku\u0159ec\u00edm prsem 130 g \u2013 270 K\u010d<br data-start=\"2941\" data-end=\"2944\" \/>s krevetami sma\u017een\u00fdmi v t\u011bst\u00ed\u010dku 6 ks \u2013 325 K\u010d<\/p><p data-start=\"2994\" data-end=\"3080\">Pikantn\u00ed sal\u00e1t 200 g<br data-start=\"3014\" data-end=\"3017\" \/>sal\u00e1t p\u0159ipraven\u00fd z kysan\u00e9ho zel\u00ed a nakl\u00e1dan\u00e9 zeleniny \u2013 85 K\u010d<\/p><p data-start=\"3082\" data-end=\"3228\">Pohanka z ml\u00fdna od pana \u0160majstrly 400 g<br data-start=\"3121\" data-end=\"3124\" \/>vala\u0161sk\u00e1 pohanka se \u0161pen\u00e1tem, su\u0161en\u00fdmi raj\u010daty a grilovanou zeleninou,<br data-start=\"3194\" data-end=\"3197\" \/>dochucen\u00e1 parmaz\u00e1nem \u2013 265 K\u010d<\/p><p data-start=\"3230\" data-end=\"3320\">Sma\u017een\u00fd s\u00fdr 120 g<br data-start=\"3247\" data-end=\"3250\" \/>s\u00fdr gouda s va\u0159en\u00fdmi baby bramb\u016frky a dom\u00e1c\u00ed tatarkou 1,3,7 \u2013 265 K\u010d<\/p><hr data-start=\"3322\" data-end=\"3325\" \/><p data-start=\"3327\" data-end=\"3358\"><strong data-start=\"3327\" data-end=\"3358\">TRADI\u010cN\u00cd J\u00cdDLA NA\u0160\u00cd KUCHYN\u011a<\/strong><\/p><p data-start=\"3360\" data-end=\"3527\">Sv\u00ed\u010dkov\u00e1 na smetan\u011b 150 g<br data-start=\"3385\" data-end=\"3388\" \/>hov\u011bz\u00ed k\u00fdta pe\u010den\u00e1 na zelenin\u011b se smetanovou om\u00e1\u010dkou, dochucen\u00e1 citronem a brusinkami<br data-start=\"3473\" data-end=\"3476\" \/>s dom\u00e1c\u00edm houskov\u00fdm knedl\u00edkem 1,3,7,9,10 \u2013 295 K\u010d<\/p><p data-start=\"3529\" data-end=\"3639\">Gul\u00e1\u0161 150 g<br data-start=\"3540\" data-end=\"3543\" \/>hov\u011bz\u00ed kli\u017eka pomalu du\u0161en\u00e1 s cibul\u00ed a paprikou<br data-start=\"3590\" data-end=\"3593\" \/>s dom\u00e1c\u00edm houskov\u00fdm knedl\u00edkem 1,3,7 \u2013 285 K\u010d<\/p><p data-start=\"3641\" data-end=\"3778\">Ondr\u00e1\u0161 150 g<br data-start=\"3653\" data-end=\"3656\" \/>vep\u0159ov\u00e1 kotleta, sma\u017een\u00e1 v brambor\u00e1kov\u00e9m t\u011bst\u011b<br data-start=\"3702\" data-end=\"3705\" \/>s pikantn\u00edm sal\u00e1tem z kysan\u00e9ho zel\u00ed a nakl\u00e1dan\u00e9 zeleniny 1,3,7 \u2013 265 K\u010d<\/p><hr data-start=\"3780\" data-end=\"3783\" \/><p data-start=\"3785\" data-end=\"3801\"><strong data-start=\"3785\" data-end=\"3801\">HLAVN\u00cd CHODY<\/strong><\/p><p data-start=\"3803\" data-end=\"3941\">Jano\u0161t\u00edkova panenka 150 g<br data-start=\"3828\" data-end=\"3831\" \/>grilovan\u00e1 vep\u0159ov\u00e1 panenka s halu\u0161kami s h\u0159\u00edbkovou om\u00e1\u010dkou,<br data-start=\"3889\" data-end=\"3892\" \/>brusinkami a restovanou cibulkou 1,3,7 \u2013 325 K\u010d<\/p><p data-start=\"3943\" data-end=\"4053\">V\u00edde\u0148sk\u00fd \u0159\u00edzek 200 g<br data-start=\"3963\" data-end=\"3966\" \/>telec\u00ed k\u00fdta v trojobalu, sma\u017een\u00e1 na m\u00e1sle, pod\u00e1van\u00e1 s bramborovou ka\u0161\u00ed 1,3,7 \u2013 345 K\u010d<\/p><p data-start=\"4055\" data-end=\"4160\">Ku\u0159e se zeleninou 150 g<br data-start=\"4078\" data-end=\"4081\" \/>ku\u0159ec\u00ed prsn\u00ed steak s parmaz\u00e1novou om\u00e1\u010dkou a grilovanou zeleninou 3,7 \u2013 285 K\u010d<\/p><p data-start=\"4162\" data-end=\"4303\">Steak 200 g<br data-start=\"4173\" data-end=\"4176\" \/>vep\u0159ov\u00e1 krkovice sous vide s om\u00e1\u010dkou ze zelen\u00e9ho pep\u0159e, fazolky se slaninou<br data-start=\"4251\" data-end=\"4254\" \/>a steakov\u00e9 hranolky s chilli dipem 3,7 \u2013 315 K\u010d<\/p><p data-start=\"4305\" data-end=\"4412\">\u017deb\u00edrka BBQ 400 g<br data-start=\"4322\" data-end=\"4325\" \/>vep\u0159ov\u00e1 \u017eeb\u00edrka se sal\u00e1tem Coleslaw, steakov\u00fdmi hranolkami a dom\u00e1c\u00ed tatarkou \u2013 325 K\u010d<\/p><p data-start=\"4414\" data-end=\"4532\">Halu\u0161ky 350 g<br data-start=\"4427\" data-end=\"4430\" \/>bramborov\u00e9 halu\u0161ky se \u0161lehanou beskydskou brynzou,<br data-start=\"4480\" data-end=\"4483\" \/>cibulkou a dom\u00e1c\u00edm uzen\u00fdm \u0161pekem 1,3,7 \u2013 245 K\u010d<\/p><p data-start=\"4534\" data-end=\"4625\">\u0158\u00edzek z ku\u0159ec\u00edch prsou 150 g<br data-start=\"4562\" data-end=\"4565\" \/>sma\u017een\u00fd, s dom\u00e1c\u00edm bramborov\u00fdm sal\u00e1tem 1,3,7,9,10 \u2013 265 K\u010d<\/p><p data-start=\"4627\" data-end=\"4720\">\u0158\u00edzek z vep\u0159ov\u00e9 krkovice 150 g<br data-start=\"4657\" data-end=\"4660\" \/>sma\u017een\u00fd, s dom\u00e1c\u00edm bramborov\u00fdm sal\u00e1tem 1,3,7,9,10 \u2013 265 K\u010d<\/p><hr data-start=\"4722\" data-end=\"4725\" \/><p data-start=\"4727\" data-end=\"4749\"><strong data-start=\"4727\" data-end=\"4749\">DEZERTY A ZMRZLINA<\/strong><\/p><p data-start=\"4751\" data-end=\"4811\">Pala\u010dinka<br data-start=\"4760\" data-end=\"4763\" \/>s nutelou, malinami a \u0161leha\u010dkou 1,3,7 \u2013 145 K\u010d<\/p><p data-start=\"4813\" data-end=\"4879\">\u010cokol\u00e1dov\u00fd fond\u00e1n<br data-start=\"4830\" data-end=\"4833\" \/>se zmrzlinou a ovocn\u00fdm coulis 1,3,7 \u2013 155 K\u010d<\/p><p data-start=\"4881\" data-end=\"4953\">Maliny<br data-start=\"4887\" data-end=\"4890\" \/>hork\u00e9 maliny se \u0161leha\u010dkou a vanilkovou zmrzlinou 3,7 \u2013 155 K\u010d<\/p><p data-start=\"4955\" data-end=\"5041\">Zmrzlinov\u00fd poh\u00e1r<br data-start=\"4971\" data-end=\"4974\" \/>zmrzlina \u010dokol\u00e1dov\u00e1, vanilkov\u00e1 a ovocn\u00e1 se \u0161leha\u010dkou 3,7 \u2013 155 K\u010d<\/p><hr data-start=\"5043\" data-end=\"5046\" \/><p data-start=\"5048\" data-end=\"5059\"><strong data-start=\"5048\" data-end=\"5059\">P\u0158\u00cdLOHY<\/strong><\/p><p data-start=\"5061\" data-end=\"5411\">Bramborov\u00e9 hranolky 200 g \u2013 65 K\u010d<br data-start=\"5094\" data-end=\"5097\" \/>Bramborov\u00e1 ka\u0161e 200 g \u2013 60 K\u010d<br data-start=\"5126\" data-end=\"5129\" \/>Baby brambory 200 g \u2013 65 K\u010d<br data-start=\"5156\" data-end=\"5159\" \/>Va\u0159en\u00e9 brambory s m\u00e1slem 200 g \u2013 55 K\u010d<br data-start=\"5197\" data-end=\"5200\" \/>Houskov\u00fd knedl\u00edk 200 g \u2013 55 K\u010d<br data-start=\"5230\" data-end=\"5233\" \/>Bramborov\u00fd sal\u00e1t 250 g 3,9,10 \u2013 75 K\u010d<br data-start=\"5270\" data-end=\"5273\" \/>Grilovan\u00e1 zelenina 250 g \u2013 125 K\u010d<br data-start=\"5306\" data-end=\"5309\" \/>Sal\u00e1t z kysan\u00e9ho zel\u00ed 250 g \u2013 80 K\u010d<br data-start=\"5344\" data-end=\"5347\" \/>Ko\u0161\u00edk pe\u010diva \u2013 50 K\u010d<br data-start=\"5367\" data-end=\"5370\" \/>Tatarsk\u00e1 om\u00e1\u010dka \u2013 40 K\u010d<br data-start=\"5393\" data-end=\"5396\" \/>Ke\u010dup \u2013 40 K\u010d<\/p><hr data-start=\"5413\" data-end=\"5416\" \/><p data-start=\"5418\" data-end=\"5431\"><strong data-start=\"5418\" data-end=\"5431\">INFORMACE<\/strong><\/p><p data-start=\"5433\" data-end=\"5586\">Informace o alergenech obsa\u017een\u00fdch v pokrmech jsou vyzna\u010deny \u010d\u00edslem.<br data-start=\"5500\" data-end=\"5503\" \/>Viz seznam alergen\u016f, dopl\u0148uj\u00edc\u00ed informace poskytne obsluha na vy\u017e\u00e1d\u00e1n\u00ed z\u00e1kazn\u00edka.<\/p><p data-start=\"5588\" data-end=\"5636\">Za polovi\u010dn\u00ed porce \u00fa\u010dtujeme 70 % z ceny j\u00eddla.<\/p><p data-start=\"5638\" data-end=\"5686\">J\u00eddeln\u00ed a n\u00e1pojov\u00fd l\u00edstek platn\u00fd od 1. 4. 2026<\/p><hr data-start=\"5688\" data-end=\"5691\" \/><p data-start=\"5693\" data-end=\"5726\"><strong data-start=\"5693\" data-end=\"5726\">SEZNAM POTRAVINOV\u00ddCH ALERGEN\u016e<\/strong><\/p><p data-start=\"5728\" data-end=\"5933\">1 Obiloviny obsahuj\u00edc\u00ed lepek<br data-start=\"5756\" data-end=\"5759\" \/>2 Kor\u00fd\u0161i<br data-start=\"5767\" data-end=\"5770\" \/>3 Vejce<br data-start=\"5777\" data-end=\"5780\" \/>4 Ryby<br data-start=\"5786\" data-end=\"5789\" \/>5 Ara\u0161\u00eddy<br data-start=\"5798\" data-end=\"5801\" \/>6 S\u00f3ja<br data-start=\"5807\" data-end=\"5810\" \/>7 Ml\u00e9ko<br data-start=\"5817\" data-end=\"5820\" \/>8 Sko\u0159\u00e1pkov\u00e9 plody<br data-start=\"5838\" data-end=\"5841\" \/>9 Celer<br data-start=\"5848\" data-end=\"5851\" \/>10 Ho\u0159\u010dice<br data-start=\"5861\" data-end=\"5864\" \/>11 Sezam<br data-start=\"5872\" data-end=\"5875\" \/>12 Oxid si\u0159i\u010dit\u00fd a si\u0159i\u010ditany<br data-start=\"5904\" data-end=\"5907\" \/>13 Vl\u010d\u00ed bob<br data-start=\"5918\" data-end=\"5921\" \/>14 M\u011bkk\u00fd\u0161i<\/p><hr data-start=\"5935\" data-end=\"5938\" \/><p style=\"text-align: center;\" data-start=\"5940\" data-end=\"6057\">Ostravsk\u00e1 375, 756 61 Ro\u017enov pod Radho\u0161t\u011bm<br data-start=\"5982\" data-end=\"5985\" \/><a class=\"decorated-link cursor-pointer\" rel=\"noopener\" data-start=\"5985\" data-end=\"6010\">penzionjanostik@seznam.cz<\/a><br data-start=\"6010\" data-end=\"6013\" \/><a class=\"decorated-link\" href=\"http:\/\/www.penzion-janostik.cz\" target=\"_new\" rel=\"noopener\" data-start=\"6013\" data-end=\"6036\">www.penzion-janostik.cz<\/a><br data-start=\"6036\" data-end=\"6039\" \/>tel: 774 202 315<\/p>\t\t\t\t\t\t\t\t<\/div>\n\t\t\t\t<\/div>\n\t\t\t\t<div class=\"elementor-element elementor-element-d31f1e2 elementor-widget-divider--view-line elementor-widget elementor-widget-divider\" data-id=\"d31f1e2\" data-element_type=\"widget\" data-widget_type=\"divider.default\">\n\t\t\t\t<div class=\"elementor-widget-container\">\n\t\t\t\t\t\t\t<div class=\"elementor-divider\">\n\t\t\t<span class=\"elementor-divider-separator\">\n\t\t\t\t\t\t<\/span>\n\t\t<\/div>\n\t\t\t\t\t\t<\/div>\n\t\t\t\t<\/div>\n\t\t\t\t<div class=\"elementor-element elementor-element-03c4f24 elementor-widget elementor-widget-text-editor\" data-id=\"03c4f24\" data-element_type=\"widget\" data-widget_type=\"text-editor.default\">\n\t\t\t\t<div class=\"elementor-widget-container\">\n\t\t\t\t\t\t\t\t\t<p style=\"text-align: center;\">Seznam alergen\u016f dle legislativy 1169\/2011\/EC v pokrmech dle j\u00eddeln\u00edho l\u00edstku restaurace JANO\u0160T\u00cdK<\/p><p style=\"text-align: center;\">P\u0159ehled potravinov\u00fdch alergen\u016f, kter\u00e9 podl\u00e9haj\u00ed legislativn\u00edmu ozna\u010dov\u00e1n\u00ed<\/p><p style=\"text-align: center;\">P.\u010d. &#8211;\u00a0Alergen,\u00a0Pozn\u00e1mka<br \/>1 &#8211;\u00a0Obiloviny obsahuj\u00edc\u00ed lepek, nejedn\u00e1 se o celiakii, v\u00fdrobky z nich<br \/>2 &#8211;\u00a0Kor\u00fd\u0161i a v\u00fdrobky z nich, pat\u0159\u00ed mezi potraviny ohro\u017euj\u00edc\u00ed \u017eivot<br \/>3-\u00a0Vejce a v\u00fdrobky z nich, pat\u0159\u00ed mezi potraviny ohro\u017euj\u00edc\u00ed \u017eivot<br \/>4 &#8211;\u00a0Ryby a v\u00fdrobky z nich<br \/>5 &#8211;\u00a0Podzemnice olejn\u00e1 (ara\u0161\u00eddy) a v\u00fdrobky z nich,\u00a0pat\u0159\u00ed mezi potraviny ohro\u017euj\u00edc\u00ed \u017eivot<br \/>6 &#8211;\u00a0S\u00f3jov\u00e9 boby (s\u00f3ja) a v\u00fdrobky z nich<br \/>7 &#8211;\u00a0Ml\u00e9ko a v\u00fdrobky z n\u011bj,\u00a0pat\u0159\u00ed mezi potraviny ohro\u017euj\u00edc\u00ed \u017eivot<br \/>8 &#8211;\u00a0Sko\u0159\u00e1pkov\u00e9 plody a v\u00fdrobky z nich,\u00a0jedn\u00e1 se o v\u0161echny druhy o\u0159ech\u016f<br \/>9 &#8211;\u00a0Celer a v\u00fdrobky z n\u011bj<br \/>10 &#8211;\u00a0Ho\u0159\u010dice a v\u00fdrobky z n\u00ed<br \/>11 &#8211; Sezamov\u00e1 semena (sezam) a v\u00fdrobky z nich<br \/>12 &#8211;\u00a0Oxid si\u0159i\u010dit\u00fd a si\u0159i\u010ditany, v\u00a0koncentrac\u00edch vy\u0161\u0161\u00edch ne\u017e 10mg,ml\/kg,l, vyj\u00e1d\u0159eno SO\u2082<br \/>13 &#8211;\u00a0Vl\u010d\u00ed bob (lupina) a v\u00fdrobky z n\u011bj<br \/>14 &#8211;\u00a0M\u011bkk\u00fd\u0161i a v\u00fdrobky z nich<\/p>\t\t\t\t\t\t\t\t<\/div>\n\t\t\t\t<\/div>\n\t\t\t\t\t<\/div>\n\t\t\t\t<\/div>\n\t\t\t\t<\/div>\n\t\t","protected":false},"excerpt":{"rendered":"<p>N\u00e1pojov\u00fd a j\u00eddeln\u00ed l\u00edstek NEALKO N\u00c1POJE Dom\u00e1c\u00ed malinov\u00e1\/bezinkov\u00e1 limon\u00e1da 0,5 l \u2013 90 K\u010dCitron\u00e1da 0,3 l (\u010derstv\u00e1 citronov\u00e1 \u0161\u0165\u00e1va, led, soda, citron) \u2013 50 K\u010dRadensk\u00e1 miner\u00e1ln\u00ed voda \u2013 52 K\u010dKorunn\u00ed jemn\u011b perliv\u00e1 \u2013 42 K\u010dRajec perliv\u00fd \/ neperliv\u00fd \u2013 42 K\u010dRoyal-cola \u2013 60 K\u010dTarga limon\u00e1da (pomeran\u010d \/ citron) \u2013 60 K\u010dTarga tonic original, ginger \u2013 [&hellip;]<\/p>\n","protected":false},"author":1,"featured_media":0,"parent":0,"menu_order":0,"comment_status":"closed","ping_status":"closed","template":"","meta":{"footnotes":""},"class_list":["post-222","page","type-page","status-publish","hentry"],"_links":{"self":[{"href":"https:\/\/penzion-janostik.cz\/index.php\/wp-json\/wp\/v2\/pages\/222","targetHints":{"allow":["GET"]}}],"collection":[{"href":"https:\/\/penzion-janostik.cz\/index.php\/wp-json\/wp\/v2\/pages"}],"about":[{"href":"https:\/\/penzion-janostik.cz\/index.php\/wp-json\/wp\/v2\/types\/page"}],"author":[{"embeddable":true,"href":"https:\/\/penzion-janostik.cz\/index.php\/wp-json\/wp\/v2\/users\/1"}],"replies":[{"embeddable":true,"href":"https:\/\/penzion-janostik.cz\/index.php\/wp-json\/wp\/v2\/comments?post=222"}],"version-history":[{"count":13,"href":"https:\/\/penzion-janostik.cz\/index.php\/wp-json\/wp\/v2\/pages\/222\/revisions"}],"predecessor-version":[{"id":1026,"href":"https:\/\/penzion-janostik.cz\/index.php\/wp-json\/wp\/v2\/pages\/222\/revisions\/1026"}],"wp:attachment":[{"href":"https:\/\/penzion-janostik.cz\/index.php\/wp-json\/wp\/v2\/media?parent=222"}],"curies":[{"name":"wp","href":"https:\/\/api.w.org\/{rel}","templated":true}]}}