{"id":237,"date":"2025-02-27T10:55:50","date_gmt":"2025-02-27T10:55:50","guid":{"rendered":"https:\/\/pj.oscloud.online\/?page_id=237"},"modified":"2025-02-27T19:48:09","modified_gmt":"2025-02-27T19:48:09","slug":"tipy-na-vylet","status":"publish","type":"page","link":"https:\/\/penzion-janostik.cz\/index.php\/tipy-na-vylet\/","title":{"rendered":"Tipy na v\u00fdlet"},"content":{"rendered":"\t\t<div data-elementor-type=\"wp-page\" data-elementor-id=\"237\" class=\"elementor elementor-237\" data-elementor-post-type=\"page\">\n\t\t\t\t<div class=\"elementor-element elementor-element-1315880 e-flex e-con-boxed e-con e-parent\" data-id=\"1315880\" data-element_type=\"container\">\n\t\t\t\t\t<div class=\"e-con-inner\">\n\t\t\t\t<div class=\"elementor-element elementor-element-f6a7133 elementor-widget elementor-widget-image\" data-id=\"f6a7133\" data-element_type=\"widget\" data-widget_type=\"image.default\">\n\t\t\t\t<div class=\"elementor-widget-container\">\n\t\t\t\t\t\t\t\t\t\t\t\t\t\t\t<img fetchpriority=\"high\" decoding=\"async\" width=\"1292\" height=\"363\" src=\"https:\/\/penzion-janostik.cz\/wp-content\/uploads\/2025\/02\/OB5.jpg\" class=\"attachment-full size-full wp-image-239\" alt=\"\" srcset=\"https:\/\/penzion-janostik.cz\/wp-content\/uploads\/2025\/02\/OB5.jpg 1292w, https:\/\/penzion-janostik.cz\/wp-content\/uploads\/2025\/02\/OB5-300x84.jpg 300w, https:\/\/penzion-janostik.cz\/wp-content\/uploads\/2025\/02\/OB5-1024x288.jpg 1024w, https:\/\/penzion-janostik.cz\/wp-content\/uploads\/2025\/02\/OB5-768x216.jpg 768w\" sizes=\"(max-width: 1292px) 100vw, 1292px\" \/>\t\t\t\t\t\t\t\t\t\t\t\t\t\t\t<\/div>\n\t\t\t\t<\/div>\n\t\t<div class=\"elementor-element elementor-element-0c5d0c8 e-con-full e-flex e-con e-child\" data-id=\"0c5d0c8\" data-element_type=\"container\">\n\t\t<div class=\"elementor-element elementor-element-6849c91 e-con-full e-flex e-con e-child\" data-id=\"6849c91\" data-element_type=\"container\">\n\t\t\t\t<div class=\"elementor-element elementor-element-819533c elementor-widget elementor-widget-image\" data-id=\"819533c\" data-element_type=\"widget\" data-widget_type=\"image.default\">\n\t\t\t\t<div class=\"elementor-widget-container\">\n\t\t\t\t\t\t\t\t\t\t\t\t\t\t\t\t<a href=\"https:\/\/penzion-janostik.cz\/index.php\/na-kole\/\">\n\t\t\t\t\t\t\t<img decoding=\"async\" width=\"300\" height=\"300\" src=\"https:\/\/penzion-janostik.cz\/wp-content\/uploads\/2025\/02\/nakole-300x300-1.jpg\" class=\"attachment-large size-large wp-image-441\" alt=\"\" srcset=\"https:\/\/penzion-janostik.cz\/wp-content\/uploads\/2025\/02\/nakole-300x300-1.jpg 300w, https:\/\/penzion-janostik.cz\/wp-content\/uploads\/2025\/02\/nakole-300x300-1-150x150.jpg 150w\" sizes=\"(max-width: 300px) 100vw, 300px\" \/>\t\t\t\t\t\t\t\t<\/a>\n\t\t\t\t\t\t\t\t\t\t\t\t\t\t\t<\/div>\n\t\t\t\t<\/div>\n\t\t\t\t<\/div>\n\t\t<div class=\"elementor-element elementor-element-465a835 e-con-full e-flex e-con e-child\" data-id=\"465a835\" data-element_type=\"container\">\n\t\t\t\t<div class=\"elementor-element elementor-element-896b529 elementor-widget elementor-widget-image\" data-id=\"896b529\" data-element_type=\"widget\" data-widget_type=\"image.default\">\n\t\t\t\t<div class=\"elementor-widget-container\">\n\t\t\t\t\t\t\t\t\t\t\t\t\t\t\t\t<a href=\"https:\/\/penzion-janostik.cz\/index.php\/pesky\/\">\n\t\t\t\t\t\t\t<img decoding=\"async\" width=\"300\" height=\"300\" src=\"https:\/\/penzion-janostik.cz\/wp-content\/uploads\/2025\/02\/pesky-nebo-autem-300x300-1.jpg\" class=\"attachment-large size-large wp-image-442\" alt=\"\" srcset=\"https:\/\/penzion-janostik.cz\/wp-content\/uploads\/2025\/02\/pesky-nebo-autem-300x300-1.jpg 300w, https:\/\/penzion-janostik.cz\/wp-content\/uploads\/2025\/02\/pesky-nebo-autem-300x300-1-150x150.jpg 150w\" sizes=\"(max-width: 300px) 100vw, 300px\" \/>\t\t\t\t\t\t\t\t<\/a>\n\t\t\t\t\t\t\t\t\t\t\t\t\t\t\t<\/div>\n\t\t\t\t<\/div>\n\t\t\t\t<\/div>\n\t\t<div class=\"elementor-element elementor-element-98a70ea e-con-full e-flex e-con e-child\" data-id=\"98a70ea\" data-element_type=\"container\">\n\t\t\t\t<div class=\"elementor-element elementor-element-5a9c709 elementor-widget elementor-widget-image\" data-id=\"5a9c709\" data-element_type=\"widget\" data-widget_type=\"image.default\">\n\t\t\t\t<div class=\"elementor-widget-container\">\n\t\t\t\t\t\t\t\t\t\t\t\t\t\t\t\t<a href=\"https:\/\/penzion-janostik.cz\/index.php\/vylety-s-detmi\/\">\n\t\t\t\t\t\t\t<img loading=\"lazy\" decoding=\"async\" width=\"300\" height=\"300\" src=\"https:\/\/penzion-janostik.cz\/wp-content\/uploads\/2025\/02\/s-detmi-300x300-1.jpg\" class=\"attachment-large size-large wp-image-443\" alt=\"\" srcset=\"https:\/\/penzion-janostik.cz\/wp-content\/uploads\/2025\/02\/s-detmi-300x300-1.jpg 300w, https:\/\/penzion-janostik.cz\/wp-content\/uploads\/2025\/02\/s-detmi-300x300-1-150x150.jpg 150w\" sizes=\"(max-width: 300px) 100vw, 300px\" \/>\t\t\t\t\t\t\t\t<\/a>\n\t\t\t\t\t\t\t\t\t\t\t\t\t\t\t<\/div>\n\t\t\t\t<\/div>\n\t\t\t\t<\/div>\n\t\t\t\t<\/div>\n\t\t\t\t<div class=\"elementor-element elementor-element-178e0fc elementor-widget elementor-widget-text-editor\" data-id=\"178e0fc\" data-element_type=\"widget\" data-widget_type=\"text-editor.default\">\n\t\t\t\t<div class=\"elementor-widget-container\">\n\t\t\t\t\t\t\t\t\t<div><p>N\u00e1dhern\u00e1 p\u0159\u00edroda\u00a0<a href=\"http:\/\/beskydy.ochranaprirody.cz\/\">CHKO Beskydy\u00a0<\/a>a okol\u00ed Penzionu Jano\u0161t\u00edk nab\u00edz\u00ed sv\u00fdm n\u00e1v\u0161t\u011bvn\u00edk\u016fm celoro\u010dn\u011b \u0161irokou nab\u00eddku sportovn\u00edch a kulturn\u00edch akc\u00ed v\u00a0r\u00e1mci regionu.Proch\u00e1zky panenskou p\u0159\u00edrodou, kdy mezi nejnav\u0161t\u011bvovan\u011bj\u0161\u00ed destinace pat\u0159\u00ed\u00a0<a href=\"http:\/\/www.pustevny.cz\/\">Pustevny<\/a>\u00a0a\u00a0<a href=\"http:\/\/radhost.ceskehory.cz\/\">Radho\u0161\u0165<\/a>\u00a0:<\/p><p>-mimo n\u00e1dhernou krajinnou scen\u00e9rii zde m\u016f\u017eete obdivovat i n\u011bkolik zaj\u00edmavost\u00ed, jako Kaple sv. Cyrila a Metod\u011bje \u010di souso\u0161\u00ed t\u011bchto v\u011brozv\u011bst\u016f, socha pohansk\u00e9ho boha Radegasta a typick\u00e9 d\u0159ev\u011bn\u00e9 stavby postaven\u00e9 v\u00a0lidov\u00e9m slohu koncem 19. stolet\u00ed. (v dobr\u00e9 v\u00ed\u0159e douf\u00e1me, \u017ee brzy zrekonstruovan\u00fdch\u00a0<img decoding=\"async\" src=\"https:\/\/www.penzion-janostik.cz\/_admin\/files\/fckeditor\/editor\/images\/smiley\/msn\/regular_smile.gif\" alt=\"\" \/>\u00a0)<br \/>Za p\u0159\u00edzniv\u00e9ho po\u010das\u00ed se m\u016f\u017eete dohl\u00e9dnout a\u017e na\u00a0<a href=\"http:\/\/www.skiarealy-sjezdovky.cz\/valassko\/\">Vysok\u00e9 Tatry<\/a>.<\/p><p>Pro milovn\u00edky zimn\u00edch sport\u016f se nab\u00edz\u00ed \u0161irok\u00e1 \u0161k\u00e1la ly\u017ea\u0159sk\u00fdch are\u00e1l\u016f v bl\u00edzk\u00e9m okol\u00ed :<br \/><cite class=\"_Rm\"><a href=\"http:\/\/www.skiarealy-sjezdovky.cz\/valassko\/\">Ski are\u00e1ly na Vala\u0161sku<\/a><br \/><\/cite><br \/>V l\u00e9t\u011b V\u00e1s jist\u011b pot\u011b\u0161\u00ed mo\u017enost koup\u00e1n\u00ed a jin\u00fdch aktivit :<\/p><p><a href=\"http:\/\/www.biotopbecva.cz\/\" target=\"_blank\" rel=\"noopener\">Biotop Be\u010dva<\/a><br \/><a href=\"http:\/\/www.aquafrenstat.cz\/\" target=\"_blank\" rel=\"noopener\">Aquapark Fren\u0161t\u00e1t pod Radho\u0161t\u011bm<\/a><br \/><a href=\"http:\/\/www.cyklostezkabecva.com\/\" target=\"_blank\" rel=\"noopener\">Cyklostezka Be\u010dva<\/a><br \/><a href=\"http:\/\/www.gibon-park.cz\/\" target=\"_blank\" rel=\"noopener\">Gibon park Ro\u017enov pod Radho\u0161t\u011bm<\/a><br \/><a href=\"http:\/\/www.krytybazen.cz\/\" target=\"_blank\" rel=\"noopener\">Kryt\u00fd baz\u00e9n a koupali\u0161t\u011b Ro\u017enov pod Radho\u0161t\u011bm<\/a><br \/><a href=\"http:\/\/www.rancbuciska.cz\/\" target=\"_blank\" rel=\"noopener\">Ran\u010d Bu\u010diska<\/a><\/p><\/div><p>Dal\u0161\u00ed l\u00e1kav\u00e9 mo\u017enosti:<br \/><a href=\"http:\/\/www.tatramuseum.cz\/index.php?r=5&amp;idj=1\" target=\"_blank\" rel=\"noopener\"><br \/>Ro\u017enovsk\u00e9 pivn\u00ed l\u00e1zn\u011b<\/a><\/p><hr \/><div>Vala\u0161sk\u00e9 muzeum v p\u0159\u00edrod\u011b<\/div><p>Vala\u0161sk\u00e9 muzeum v p\u0159\u00edrod\u011b\u00a0<strong>Ro\u017enov pod Radho\u0161t\u011bm<\/strong>\u00a0je zn\u00e1m hlavn\u011b d\u00edky\u00a0<strong>Vala\u0161k\u00e9mu muzeu v p\u0159\u00edrod\u011b (Skanzen)<\/strong>, co\u017e je d\u0159ev\u011bn\u00e9 m\u011bste\u010dko na okraji Ro\u017enova s mnoha kolibami a jin\u00fdmi historick\u00fdmi stavbami. Ve\u00a0<strong>vala\u0161sk\u00e9m skanzenu<\/strong>\u00a0se ka\u017edoro\u010dn\u011b konaj\u00ed r\u016fzn\u00e1 \u017eiv\u00e1 p\u0159edstaven\u00ed a v r\u00e1mci expozice je mo\u017eno zde vid\u011bt dr\u016fbe\u017e, dobytek a jin\u00e9 dom\u00e1c\u00ed zv\u00ed\u0159ectvo. Vala\u0161sk\u00e9 muzeum je nejv\u011bt\u0161\u00ed a nejstar\u0161\u00ed v Evrop\u011b, vzniklo v roce 1925 a za rok jej nav\u0161t\u00edv\u00ed v\u00edce jak 500 000 n\u00e1v\u0161t\u011bvn\u00edk\u016f.<br \/>Nav\u0161tivte v\u011bdeckou rekonstrukci\u00a0<a href=\"http:\/\/www.vmp.cz\/cs\/navstevnici-prohlidka-muzea\/prohlidka-muzea\/valasska-dedina\/objekty-valasske-dediny\/hospoda-s-kupeckym-kramem-ze-zdechova.html\">Hospody s kupeck\u00fdm kr\u00e1mem ze Zd\u011bchova<\/a>\u00a0v are\u00e1lu Vala\u0161sk\u00e9 d\u011bdiny Vala\u0161sk\u00e9ho muzea v p\u0159\u00edrod\u011b a ochutnejte v\u00fdte\u010dn\u00e1 tradi\u010dn\u00ed krajov\u00e1 j\u00edda.<\/p><div><p>V\u00edce informac\u00ed najdete na<strong>:\u00a0\u00a0<\/strong><a href=\"http:\/\/www.vmp.cz\/\" target=\"_blank\" rel=\"http:\/\/www.vmp.cz\/ noopener\">www.vmp.cz\/<\/a><strong><br \/><\/strong><\/p><\/div><div><hr \/><p>M\u011bsto Ro\u017enov pod Radho\u0161t\u011bm<\/p><p><strong>Ro\u017enov pod Radho\u0161t\u011bm<\/strong>\u00a0je \u010dasto naz\u00fdv\u00e1n srdcem Vala\u0161ska nejen pro svou polohu, ale tak\u00e9 kv\u016fli sv\u00e9mu historick\u00e9mu v\u00fdznamu. Ro\u017enov bylo d\u0159ev\u011bn\u00e9 m\u011bste\u010dko na \u00fapat\u00ed hory Radho\u0161\u0165, kter\u00e9 le\u017e\u00ed na \u0159ece Be\u010dv\u011b (Ro\u017enovsk\u00e1 Be\u010dva). V posledn\u00edch desetilet\u00edch se stalo turistick\u00fdm a kulturn\u00edm centrem d\u00edky Vala\u0161sk\u00e9mu muzeu v p\u0159\u00edrod\u011b a dal\u0161\u00edm atraktivn\u00edm m\u00edst\u016fm v tomto regionu.<br \/>V\u00edce informac\u00ed o m\u011bst\u011b Ro\u017enov\u011b p\/R najdete na<a href=\"http:\/\/www.roznov.cz\/\" target=\"_blank\" rel=\"http:\/\/www.roznov.cz\/ noopener\"><strong>\u00a0<\/strong>www.roznov.cz\/<\/a><\/p><\/div>\t\t\t\t\t\t\t\t<\/div>\n\t\t\t\t<\/div>\n\t\t\t\t\t<\/div>\n\t\t\t\t<\/div>\n\t\t\t\t<\/div>\n\t\t","protected":false},"excerpt":{"rendered":"<p>N\u00e1dhern\u00e1 p\u0159\u00edroda\u00a0CHKO Beskydy\u00a0a okol\u00ed Penzionu Jano\u0161t\u00edk nab\u00edz\u00ed sv\u00fdm n\u00e1v\u0161t\u011bvn\u00edk\u016fm celoro\u010dn\u011b \u0161irokou nab\u00eddku sportovn\u00edch a kulturn\u00edch akc\u00ed v\u00a0r\u00e1mci regionu.Proch\u00e1zky panenskou p\u0159\u00edrodou, kdy mezi nejnav\u0161t\u011bvovan\u011bj\u0161\u00ed destinace pat\u0159\u00ed\u00a0Pustevny\u00a0a\u00a0Radho\u0161\u0165\u00a0: -mimo n\u00e1dhernou krajinnou scen\u00e9rii zde m\u016f\u017eete obdivovat i n\u011bkolik zaj\u00edmavost\u00ed, jako Kaple sv. Cyrila a Metod\u011bje \u010di souso\u0161\u00ed t\u011bchto v\u011brozv\u011bst\u016f, socha pohansk\u00e9ho boha Radegasta a typick\u00e9 d\u0159ev\u011bn\u00e9 stavby postaven\u00e9 v\u00a0lidov\u00e9m [&hellip;]<\/p>\n","protected":false},"author":1,"featured_media":0,"parent":0,"menu_order":0,"comment_status":"closed","ping_status":"closed","template":"","meta":{"footnotes":""},"class_list":["post-237","page","type-page","status-publish","hentry"],"_links":{"self":[{"href":"https:\/\/penzion-janostik.cz\/index.php\/wp-json\/wp\/v2\/pages\/237","targetHints":{"allow":["GET"]}}],"collection":[{"href":"https:\/\/penzion-janostik.cz\/index.php\/wp-json\/wp\/v2\/pages"}],"about":[{"href":"https:\/\/penzion-janostik.cz\/index.php\/wp-json\/wp\/v2\/types\/page"}],"author":[{"embeddable":true,"href":"https:\/\/penzion-janostik.cz\/index.php\/wp-json\/wp\/v2\/users\/1"}],"replies":[{"embeddable":true,"href":"https:\/\/penzion-janostik.cz\/index.php\/wp-json\/wp\/v2\/comments?post=237"}],"version-history":[{"count":16,"href":"https:\/\/penzion-janostik.cz\/index.php\/wp-json\/wp\/v2\/pages\/237\/revisions"}],"predecessor-version":[{"id":558,"href":"https:\/\/penzion-janostik.cz\/index.php\/wp-json\/wp\/v2\/pages\/237\/revisions\/558"}],"wp:attachment":[{"href":"https:\/\/penzion-janostik.cz\/index.php\/wp-json\/wp\/v2\/media?parent=237"}],"curies":[{"name":"wp","href":"https:\/\/api.w.org\/{rel}","templated":true}]}}