{"id":253,"date":"2025-02-27T11:17:16","date_gmt":"2025-02-27T11:17:16","guid":{"rendered":"https:\/\/pj.oscloud.online\/?page_id=253"},"modified":"2026-04-02T15:15:28","modified_gmt":"2026-04-02T15:15:28","slug":"restaurace","status":"publish","type":"page","link":"https:\/\/penzion-janostik.cz\/index.php\/restaurace\/","title":{"rendered":"Restaurace"},"content":{"rendered":"\t\t<div data-elementor-type=\"wp-page\" data-elementor-id=\"253\" class=\"elementor elementor-253\" data-elementor-post-type=\"page\">\n\t\t\t\t<div class=\"elementor-element elementor-element-dda3b23 e-flex e-con-boxed e-con e-parent\" data-id=\"dda3b23\" data-element_type=\"container\">\n\t\t\t\t\t<div class=\"e-con-inner\">\n\t\t\t\t<div class=\"elementor-element elementor-element-b250b9e elementor-widget elementor-widget-image\" data-id=\"b250b9e\" data-element_type=\"widget\" data-widget_type=\"image.default\">\n\t\t\t\t<div class=\"elementor-widget-container\">\n\t\t\t\t\t\t\t\t\t\t\t\t\t\t\t<img fetchpriority=\"high\" decoding=\"async\" width=\"768\" height=\"576\" src=\"https:\/\/penzion-janostik.cz\/wp-content\/uploads\/2026\/04\/IMG_6221-1-768x576.jpg\" class=\"attachment-medium_large size-medium_large wp-image-1032\" alt=\"\" srcset=\"https:\/\/penzion-janostik.cz\/wp-content\/uploads\/2026\/04\/IMG_6221-1-768x576.jpg 768w, https:\/\/penzion-janostik.cz\/wp-content\/uploads\/2026\/04\/IMG_6221-1-300x225.jpg 300w, https:\/\/penzion-janostik.cz\/wp-content\/uploads\/2026\/04\/IMG_6221-1-1024x768.jpg 1024w, https:\/\/penzion-janostik.cz\/wp-content\/uploads\/2026\/04\/IMG_6221-1-1536x1152.jpg 1536w, https:\/\/penzion-janostik.cz\/wp-content\/uploads\/2026\/04\/IMG_6221-1-2048x1536.jpg 2048w\" sizes=\"(max-width: 768px) 100vw, 768px\" \/>\t\t\t\t\t\t\t\t\t\t\t\t\t\t\t<\/div>\n\t\t\t\t<\/div>\n\t\t\t\t<div class=\"elementor-element elementor-element-8c93609 elementor-widget elementor-widget-text-editor\" data-id=\"8c93609\" data-element_type=\"widget\" data-widget_type=\"text-editor.default\">\n\t\t\t\t<div class=\"elementor-widget-container\">\n\t\t\t\t\t\t\t\t\t<p style=\"text-align: center;\">Ned\u00edlnou sou\u010d\u00e1st\u00ed penzionu je vlastn\u00ed restaurace s kapacitou 100 m\u00edst a salonkem a\u017e pro 40 osob, tak\u017ee svou kapacitou je zvl\u00e1\u0161t\u011b vhodn\u00e1 pro po\u0159\u00e1d\u00e1n\u00ed svateb, spole\u010densk\u00fdch akc\u00ed, p\u0159\u00e1telsk\u00fdch setk\u00e1n\u00ed a firemn\u00edch akc\u00ed, kter\u00e9 lze \u0159e\u0161it formou raut\u016f, \u010di bufetu. Zrekonstruovan\u00fd interi\u00e9r se stylov\u00fdm balkonem p\u0159\u00edmo vyb\u00edz\u00ed k p\u0159\u00edjemn\u00e9mu posezen\u00ed u skleni\u010dky dobr\u00e9ho v\u00edna spojen\u00e9ho s poslechem \u017eiv\u00e9 hudby, nebo spole\u010dn\u00e9 ve\u010de\u0159i \u010di ob\u011bdu v r\u00e1mci poledn\u00edho menu. P\u0159i zimn\u00edch ve\u010derech V\u00e1m bude pl\u00e1polat ohe\u0148 z prav\u00e9ho krbu a v letn\u00edch m\u011bs\u00edc\u00edch k posezen\u00ed l\u00e1k\u00e1 otev\u0159en\u00e1 zahr\u00e1dka.<\/p>\t\t\t\t\t\t\t\t<\/div>\n\t\t\t\t<\/div>\n\t\t\t\t<div class=\"elementor-element elementor-element-55145f4 elementor-widget elementor-widget-gallery\" data-id=\"55145f4\" data-element_type=\"widget\" data-settings=\"{&quot;columns&quot;:5,&quot;gap&quot;:{&quot;unit&quot;:&quot;px&quot;,&quot;size&quot;:15,&quot;sizes&quot;:[]},&quot;lazyload&quot;:&quot;yes&quot;,&quot;gallery_layout&quot;:&quot;grid&quot;,&quot;columns_tablet&quot;:2,&quot;columns_mobile&quot;:1,&quot;gap_tablet&quot;:{&quot;unit&quot;:&quot;px&quot;,&quot;size&quot;:10,&quot;sizes&quot;:[]},&quot;gap_mobile&quot;:{&quot;unit&quot;:&quot;px&quot;,&quot;size&quot;:10,&quot;sizes&quot;:[]},&quot;link_to&quot;:&quot;file&quot;,&quot;aspect_ratio&quot;:&quot;3:2&quot;,&quot;overlay_background&quot;:&quot;yes&quot;,&quot;content_hover_animation&quot;:&quot;fade-in&quot;}\" data-widget_type=\"gallery.default\">\n\t\t\t\t<div class=\"elementor-widget-container\">\n\t\t\t\t\t\t\t<div class=\"elementor-gallery__container\">\n\t\t\t\t\t\t\t<a class=\"e-gallery-item elementor-gallery-item elementor-animated-content\" href=\"https:\/\/penzion-janostik.cz\/wp-content\/uploads\/2026\/04\/IMG_6234-1-scaled.jpg\" data-elementor-open-lightbox=\"yes\" data-elementor-lightbox-slideshow=\"55145f4\" data-elementor-lightbox-title=\"IMG_6234\" data-e-action-hash=\"#elementor-action%3Aaction%3Dlightbox%26settings%3DeyJpZCI6MTAzNywidXJsIjoiaHR0cHM6XC9cL3Blbnppb24tamFub3N0aWsuY3pcL3dwLWNvbnRlbnRcL3VwbG9hZHNcLzIwMjZcLzA0XC9JTUdfNjIzNC0xLXNjYWxlZC5qcGciLCJzbGlkZXNob3ciOiI1NTE0NWY0In0%3D\">\n\t\t\t\t\t<div class=\"e-gallery-image elementor-gallery-item__image\" data-thumbnail=\"https:\/\/penzion-janostik.cz\/wp-content\/uploads\/2026\/04\/IMG_6234-1-225x300.jpg\" data-width=\"225\" data-height=\"300\" aria-label=\"\" role=\"img\" ><\/div>\n\t\t\t\t\t\t\t\t\t\t\t<div class=\"elementor-gallery-item__overlay\"><\/div>\n\t\t\t\t\t\t\t\t\t\t\t\t\t\t<\/a>\n\t\t\t\t\t\t\t<a class=\"e-gallery-item elementor-gallery-item elementor-animated-content\" href=\"https:\/\/penzion-janostik.cz\/wp-content\/uploads\/2026\/04\/IMG_6231-scaled.jpg\" data-elementor-open-lightbox=\"yes\" data-elementor-lightbox-slideshow=\"55145f4\" data-elementor-lightbox-title=\"IMG_6231\" data-e-action-hash=\"#elementor-action%3Aaction%3Dlightbox%26settings%3DeyJpZCI6MTAyOCwidXJsIjoiaHR0cHM6XC9cL3Blbnppb24tamFub3N0aWsuY3pcL3dwLWNvbnRlbnRcL3VwbG9hZHNcLzIwMjZcLzA0XC9JTUdfNjIzMS1zY2FsZWQuanBnIiwic2xpZGVzaG93IjoiNTUxNDVmNCJ9\">\n\t\t\t\t\t<div class=\"e-gallery-image elementor-gallery-item__image\" data-thumbnail=\"https:\/\/penzion-janostik.cz\/wp-content\/uploads\/2026\/04\/IMG_6231-300x225.jpg\" data-width=\"300\" data-height=\"225\" aria-label=\"\" role=\"img\" ><\/div>\n\t\t\t\t\t\t\t\t\t\t\t<div class=\"elementor-gallery-item__overlay\"><\/div>\n\t\t\t\t\t\t\t\t\t\t\t\t\t\t<\/a>\n\t\t\t\t\t\t\t<a class=\"e-gallery-item elementor-gallery-item elementor-animated-content\" href=\"https:\/\/penzion-janostik.cz\/wp-content\/uploads\/2026\/04\/IMG_6233-scaled.jpg\" data-elementor-open-lightbox=\"yes\" data-elementor-lightbox-slideshow=\"55145f4\" data-elementor-lightbox-title=\"IMG_6233\" data-e-action-hash=\"#elementor-action%3Aaction%3Dlightbox%26settings%3DeyJpZCI6MTAzMCwidXJsIjoiaHR0cHM6XC9cL3Blbnppb24tamFub3N0aWsuY3pcL3dwLWNvbnRlbnRcL3VwbG9hZHNcLzIwMjZcLzA0XC9JTUdfNjIzMy1zY2FsZWQuanBnIiwic2xpZGVzaG93IjoiNTUxNDVmNCJ9\">\n\t\t\t\t\t<div class=\"e-gallery-image elementor-gallery-item__image\" data-thumbnail=\"https:\/\/penzion-janostik.cz\/wp-content\/uploads\/2026\/04\/IMG_6233-300x225.jpg\" data-width=\"300\" data-height=\"225\" aria-label=\"\" role=\"img\" ><\/div>\n\t\t\t\t\t\t\t\t\t\t\t<div class=\"elementor-gallery-item__overlay\"><\/div>\n\t\t\t\t\t\t\t\t\t\t\t\t\t\t<\/a>\n\t\t\t\t\t\t\t<a class=\"e-gallery-item elementor-gallery-item elementor-animated-content\" href=\"https:\/\/penzion-janostik.cz\/wp-content\/uploads\/2026\/04\/IMG_6221-scaled.jpg\" data-elementor-open-lightbox=\"yes\" data-elementor-lightbox-slideshow=\"55145f4\" data-elementor-lightbox-title=\"IMG_6221\" data-e-action-hash=\"#elementor-action%3Aaction%3Dlightbox%26settings%3DeyJpZCI6MTAyNywidXJsIjoiaHR0cHM6XC9cL3Blbnppb24tamFub3N0aWsuY3pcL3dwLWNvbnRlbnRcL3VwbG9hZHNcLzIwMjZcLzA0XC9JTUdfNjIyMS1zY2FsZWQuanBnIiwic2xpZGVzaG93IjoiNTUxNDVmNCJ9\">\n\t\t\t\t\t<div class=\"e-gallery-image elementor-gallery-item__image\" data-thumbnail=\"https:\/\/penzion-janostik.cz\/wp-content\/uploads\/2026\/04\/IMG_6221-300x225.jpg\" data-width=\"300\" data-height=\"225\" aria-label=\"\" role=\"img\" ><\/div>\n\t\t\t\t\t\t\t\t\t\t\t<div class=\"elementor-gallery-item__overlay\"><\/div>\n\t\t\t\t\t\t\t\t\t\t\t\t\t\t<\/a>\n\t\t\t\t\t\t\t<a class=\"e-gallery-item elementor-gallery-item elementor-animated-content\" href=\"https:\/\/penzion-janostik.cz\/wp-content\/uploads\/2026\/04\/IMG_6232-scaled.jpg\" data-elementor-open-lightbox=\"yes\" data-elementor-lightbox-slideshow=\"55145f4\" data-elementor-lightbox-title=\"IMG_6232\" data-e-action-hash=\"#elementor-action%3Aaction%3Dlightbox%26settings%3DeyJpZCI6MTAyOSwidXJsIjoiaHR0cHM6XC9cL3Blbnppb24tamFub3N0aWsuY3pcL3dwLWNvbnRlbnRcL3VwbG9hZHNcLzIwMjZcLzA0XC9JTUdfNjIzMi1zY2FsZWQuanBnIiwic2xpZGVzaG93IjoiNTUxNDVmNCJ9\">\n\t\t\t\t\t<div class=\"e-gallery-image elementor-gallery-item__image\" data-thumbnail=\"https:\/\/penzion-janostik.cz\/wp-content\/uploads\/2026\/04\/IMG_6232-300x225.jpg\" data-width=\"300\" data-height=\"225\" aria-label=\"\" role=\"img\" ><\/div>\n\t\t\t\t\t\t\t\t\t\t\t<div class=\"elementor-gallery-item__overlay\"><\/div>\n\t\t\t\t\t\t\t\t\t\t\t\t\t\t<\/a>\n\t\t\t\t\t\t\t<a class=\"e-gallery-item elementor-gallery-item elementor-animated-content\" href=\"https:\/\/penzion-janostik.cz\/wp-content\/uploads\/2026\/04\/IMG_6244-scaled.jpg\" data-elementor-open-lightbox=\"yes\" data-elementor-lightbox-slideshow=\"55145f4\" data-elementor-lightbox-title=\"IMG_6244\" data-e-action-hash=\"#elementor-action%3Aaction%3Dlightbox%26settings%3DeyJpZCI6MTA0NCwidXJsIjoiaHR0cHM6XC9cL3Blbnppb24tamFub3N0aWsuY3pcL3dwLWNvbnRlbnRcL3VwbG9hZHNcLzIwMjZcLzA0XC9JTUdfNjI0NC1zY2FsZWQuanBnIiwic2xpZGVzaG93IjoiNTUxNDVmNCJ9\">\n\t\t\t\t\t<div class=\"e-gallery-image elementor-gallery-item__image\" data-thumbnail=\"https:\/\/penzion-janostik.cz\/wp-content\/uploads\/2026\/04\/IMG_6244-300x225.jpg\" data-width=\"300\" data-height=\"225\" aria-label=\"\" role=\"img\" ><\/div>\n\t\t\t\t\t\t\t\t\t\t\t<div class=\"elementor-gallery-item__overlay\"><\/div>\n\t\t\t\t\t\t\t\t\t\t\t\t\t\t<\/a>\n\t\t\t\t\t\t\t<a class=\"e-gallery-item elementor-gallery-item elementor-animated-content\" href=\"https:\/\/penzion-janostik.cz\/wp-content\/uploads\/2026\/04\/IMG_6248-scaled.jpg\" data-elementor-open-lightbox=\"yes\" data-elementor-lightbox-slideshow=\"55145f4\" data-elementor-lightbox-title=\"IMG_6248\" data-e-action-hash=\"#elementor-action%3Aaction%3Dlightbox%26settings%3DeyJpZCI6MTA0NiwidXJsIjoiaHR0cHM6XC9cL3Blbnppb24tamFub3N0aWsuY3pcL3dwLWNvbnRlbnRcL3VwbG9hZHNcLzIwMjZcLzA0XC9JTUdfNjI0OC1zY2FsZWQuanBnIiwic2xpZGVzaG93IjoiNTUxNDVmNCJ9\">\n\t\t\t\t\t<div class=\"e-gallery-image elementor-gallery-item__image\" data-thumbnail=\"https:\/\/penzion-janostik.cz\/wp-content\/uploads\/2026\/04\/IMG_6248-300x225.jpg\" data-width=\"300\" data-height=\"225\" aria-label=\"\" role=\"img\" ><\/div>\n\t\t\t\t\t\t\t\t\t\t\t<div class=\"elementor-gallery-item__overlay\"><\/div>\n\t\t\t\t\t\t\t\t\t\t\t\t\t\t<\/a>\n\t\t\t\t\t\t\t<a class=\"e-gallery-item elementor-gallery-item elementor-animated-content\" href=\"https:\/\/penzion-janostik.cz\/wp-content\/uploads\/2026\/04\/IMG_6247-scaled.jpg\" data-elementor-open-lightbox=\"yes\" data-elementor-lightbox-slideshow=\"55145f4\" data-elementor-lightbox-title=\"IMG_6247\" data-e-action-hash=\"#elementor-action%3Aaction%3Dlightbox%26settings%3DeyJpZCI6MTA0NSwidXJsIjoiaHR0cHM6XC9cL3Blbnppb24tamFub3N0aWsuY3pcL3dwLWNvbnRlbnRcL3VwbG9hZHNcLzIwMjZcLzA0XC9JTUdfNjI0Ny1zY2FsZWQuanBnIiwic2xpZGVzaG93IjoiNTUxNDVmNCJ9\">\n\t\t\t\t\t<div class=\"e-gallery-image elementor-gallery-item__image\" data-thumbnail=\"https:\/\/penzion-janostik.cz\/wp-content\/uploads\/2026\/04\/IMG_6247-300x225.jpg\" data-width=\"300\" data-height=\"225\" aria-label=\"\" role=\"img\" ><\/div>\n\t\t\t\t\t\t\t\t\t\t\t<div class=\"elementor-gallery-item__overlay\"><\/div>\n\t\t\t\t\t\t\t\t\t\t\t\t\t\t<\/a>\n\t\t\t\t\t\t\t<a class=\"e-gallery-item elementor-gallery-item elementor-animated-content\" href=\"https:\/\/penzion-janostik.cz\/wp-content\/uploads\/2026\/02\/IMG_4799-scaled.jpeg\" data-elementor-open-lightbox=\"yes\" data-elementor-lightbox-slideshow=\"55145f4\" data-elementor-lightbox-title=\"IMG_4799\" data-e-action-hash=\"#elementor-action%3Aaction%3Dlightbox%26settings%3DeyJpZCI6OTYzLCJ1cmwiOiJodHRwczpcL1wvcGVuemlvbi1qYW5vc3Rpay5jelwvd3AtY29udGVudFwvdXBsb2Fkc1wvMjAyNlwvMDJcL0lNR180Nzk5LXNjYWxlZC5qcGVnIiwic2xpZGVzaG93IjoiNTUxNDVmNCJ9\">\n\t\t\t\t\t<div class=\"e-gallery-image elementor-gallery-item__image\" data-thumbnail=\"https:\/\/penzion-janostik.cz\/wp-content\/uploads\/2026\/02\/IMG_4799-225x300.jpeg\" data-width=\"225\" data-height=\"300\" aria-label=\"\" role=\"img\" ><\/div>\n\t\t\t\t\t\t\t\t\t\t\t<div class=\"elementor-gallery-item__overlay\"><\/div>\n\t\t\t\t\t\t\t\t\t\t\t\t\t\t<\/a>\n\t\t\t\t\t\t\t<a class=\"e-gallery-item elementor-gallery-item elementor-animated-content\" href=\"https:\/\/penzion-janostik.cz\/wp-content\/uploads\/2026\/02\/IMG_4372-scaled.jpeg\" data-elementor-open-lightbox=\"yes\" data-elementor-lightbox-slideshow=\"55145f4\" data-elementor-lightbox-title=\"IMG_4372\" data-e-action-hash=\"#elementor-action%3Aaction%3Dlightbox%26settings%3DeyJpZCI6OTY5LCJ1cmwiOiJodHRwczpcL1wvcGVuemlvbi1qYW5vc3Rpay5jelwvd3AtY29udGVudFwvdXBsb2Fkc1wvMjAyNlwvMDJcL0lNR180MzcyLXNjYWxlZC5qcGVnIiwic2xpZGVzaG93IjoiNTUxNDVmNCJ9\">\n\t\t\t\t\t<div class=\"e-gallery-image elementor-gallery-item__image\" data-thumbnail=\"https:\/\/penzion-janostik.cz\/wp-content\/uploads\/2026\/02\/IMG_4372-225x300.jpeg\" data-width=\"225\" data-height=\"300\" aria-label=\"\" role=\"img\" ><\/div>\n\t\t\t\t\t\t\t\t\t\t\t<div class=\"elementor-gallery-item__overlay\"><\/div>\n\t\t\t\t\t\t\t\t\t\t\t\t\t\t<\/a>\n\t\t\t\t\t\t\t<a class=\"e-gallery-item elementor-gallery-item elementor-animated-content\" href=\"https:\/\/penzion-janostik.cz\/wp-content\/uploads\/2026\/02\/IMG_4390-scaled.jpeg\" data-elementor-open-lightbox=\"yes\" data-elementor-lightbox-slideshow=\"55145f4\" data-elementor-lightbox-title=\"IMG_4390\" data-e-action-hash=\"#elementor-action%3Aaction%3Dlightbox%26settings%3DeyJpZCI6OTY1LCJ1cmwiOiJodHRwczpcL1wvcGVuemlvbi1qYW5vc3Rpay5jelwvd3AtY29udGVudFwvdXBsb2Fkc1wvMjAyNlwvMDJcL0lNR180MzkwLXNjYWxlZC5qcGVnIiwic2xpZGVzaG93IjoiNTUxNDVmNCJ9\">\n\t\t\t\t\t<div class=\"e-gallery-image elementor-gallery-item__image\" data-thumbnail=\"https:\/\/penzion-janostik.cz\/wp-content\/uploads\/2026\/02\/IMG_4390-225x300.jpeg\" data-width=\"225\" data-height=\"300\" aria-label=\"\" role=\"img\" ><\/div>\n\t\t\t\t\t\t\t\t\t\t\t<div class=\"elementor-gallery-item__overlay\"><\/div>\n\t\t\t\t\t\t\t\t\t\t\t\t\t\t<\/a>\n\t\t\t\t\t\t\t<a class=\"e-gallery-item elementor-gallery-item elementor-animated-content\" href=\"https:\/\/penzion-janostik.cz\/wp-content\/uploads\/2026\/02\/IMG_4384-scaled.jpeg\" data-elementor-open-lightbox=\"yes\" data-elementor-lightbox-slideshow=\"55145f4\" data-elementor-lightbox-title=\"IMG_4384\" data-e-action-hash=\"#elementor-action%3Aaction%3Dlightbox%26settings%3DeyJpZCI6OTY2LCJ1cmwiOiJodHRwczpcL1wvcGVuemlvbi1qYW5vc3Rpay5jelwvd3AtY29udGVudFwvdXBsb2Fkc1wvMjAyNlwvMDJcL0lNR180Mzg0LXNjYWxlZC5qcGVnIiwic2xpZGVzaG93IjoiNTUxNDVmNCJ9\">\n\t\t\t\t\t<div class=\"e-gallery-image elementor-gallery-item__image\" data-thumbnail=\"https:\/\/penzion-janostik.cz\/wp-content\/uploads\/2026\/02\/IMG_4384-225x300.jpeg\" data-width=\"225\" data-height=\"300\" aria-label=\"\" role=\"img\" ><\/div>\n\t\t\t\t\t\t\t\t\t\t\t<div class=\"elementor-gallery-item__overlay\"><\/div>\n\t\t\t\t\t\t\t\t\t\t\t\t\t\t<\/a>\n\t\t\t\t\t\t\t<a class=\"e-gallery-item elementor-gallery-item elementor-animated-content\" href=\"https:\/\/penzion-janostik.cz\/wp-content\/uploads\/2026\/02\/IMG_4373-scaled.jpeg\" data-elementor-open-lightbox=\"yes\" data-elementor-lightbox-slideshow=\"55145f4\" data-elementor-lightbox-title=\"IMG_4373\" data-e-action-hash=\"#elementor-action%3Aaction%3Dlightbox%26settings%3DeyJpZCI6OTY4LCJ1cmwiOiJodHRwczpcL1wvcGVuemlvbi1qYW5vc3Rpay5jelwvd3AtY29udGVudFwvdXBsb2Fkc1wvMjAyNlwvMDJcL0lNR180MzczLXNjYWxlZC5qcGVnIiwic2xpZGVzaG93IjoiNTUxNDVmNCJ9\">\n\t\t\t\t\t<div class=\"e-gallery-image elementor-gallery-item__image\" data-thumbnail=\"https:\/\/penzion-janostik.cz\/wp-content\/uploads\/2026\/02\/IMG_4373-225x300.jpeg\" data-width=\"225\" data-height=\"300\" aria-label=\"\" role=\"img\" ><\/div>\n\t\t\t\t\t\t\t\t\t\t\t<div class=\"elementor-gallery-item__overlay\"><\/div>\n\t\t\t\t\t\t\t\t\t\t\t\t\t\t<\/a>\n\t\t\t\t\t\t\t<a class=\"e-gallery-item elementor-gallery-item elementor-animated-content\" href=\"https:\/\/penzion-janostik.cz\/wp-content\/uploads\/2026\/01\/IMG_4575-scaled.jpeg\" data-elementor-open-lightbox=\"yes\" data-elementor-lightbox-slideshow=\"55145f4\" data-elementor-lightbox-title=\"IMG_4575\" data-e-action-hash=\"#elementor-action%3Aaction%3Dlightbox%26settings%3DeyJpZCI6Njk5LCJ1cmwiOiJodHRwczpcL1wvcGVuemlvbi1qYW5vc3Rpay5jelwvd3AtY29udGVudFwvdXBsb2Fkc1wvMjAyNlwvMDFcL0lNR180NTc1LXNjYWxlZC5qcGVnIiwic2xpZGVzaG93IjoiNTUxNDVmNCJ9\">\n\t\t\t\t\t<div class=\"e-gallery-image elementor-gallery-item__image\" data-thumbnail=\"https:\/\/penzion-janostik.cz\/wp-content\/uploads\/2026\/01\/IMG_4575-225x300.jpeg\" data-width=\"225\" data-height=\"300\" aria-label=\"\" role=\"img\" ><\/div>\n\t\t\t\t\t\t\t\t\t\t\t<div class=\"elementor-gallery-item__overlay\"><\/div>\n\t\t\t\t\t\t\t\t\t\t\t\t\t\t<\/a>\n\t\t\t\t\t\t\t<a class=\"e-gallery-item elementor-gallery-item elementor-animated-content\" href=\"https:\/\/penzion-janostik.cz\/wp-content\/uploads\/2025\/02\/P6290928.jpg\" data-elementor-open-lightbox=\"yes\" data-elementor-lightbox-slideshow=\"55145f4\" data-elementor-lightbox-title=\"OLYMPUS DIGITAL CAMERA\" data-e-action-hash=\"#elementor-action%3Aaction%3Dlightbox%26settings%3DeyJpZCI6Mjc0LCJ1cmwiOiJodHRwczpcL1wvcGVuemlvbi1qYW5vc3Rpay5jelwvd3AtY29udGVudFwvdXBsb2Fkc1wvMjAyNVwvMDJcL1A2MjkwOTI4LmpwZyIsInNsaWRlc2hvdyI6IjU1MTQ1ZjQifQ%3D%3D\">\n\t\t\t\t\t<div class=\"e-gallery-image elementor-gallery-item__image\" data-thumbnail=\"https:\/\/penzion-janostik.cz\/wp-content\/uploads\/2025\/02\/P6290928-300x225.jpg\" data-width=\"300\" data-height=\"225\" aria-label=\"\" role=\"img\" ><\/div>\n\t\t\t\t\t\t\t\t\t\t\t<div class=\"elementor-gallery-item__overlay\"><\/div>\n\t\t\t\t\t\t\t\t\t\t\t\t\t\t<\/a>\n\t\t\t\t\t\t\t<a class=\"e-gallery-item elementor-gallery-item elementor-animated-content\" href=\"https:\/\/penzion-janostik.cz\/wp-content\/uploads\/2025\/02\/P6290926.jpg\" data-elementor-open-lightbox=\"yes\" data-elementor-lightbox-slideshow=\"55145f4\" data-elementor-lightbox-title=\"OLYMPUS DIGITAL CAMERA\" data-e-action-hash=\"#elementor-action%3Aaction%3Dlightbox%26settings%3DeyJpZCI6MjcyLCJ1cmwiOiJodHRwczpcL1wvcGVuemlvbi1qYW5vc3Rpay5jelwvd3AtY29udGVudFwvdXBsb2Fkc1wvMjAyNVwvMDJcL1A2MjkwOTI2LmpwZyIsInNsaWRlc2hvdyI6IjU1MTQ1ZjQifQ%3D%3D\">\n\t\t\t\t\t<div class=\"e-gallery-image elementor-gallery-item__image\" data-thumbnail=\"https:\/\/penzion-janostik.cz\/wp-content\/uploads\/2025\/02\/P6290926-300x225.jpg\" data-width=\"300\" data-height=\"225\" aria-label=\"\" role=\"img\" ><\/div>\n\t\t\t\t\t\t\t\t\t\t\t<div class=\"elementor-gallery-item__overlay\"><\/div>\n\t\t\t\t\t\t\t\t\t\t\t\t\t\t<\/a>\n\t\t\t\t\t\t\t<a class=\"e-gallery-item elementor-gallery-item elementor-animated-content\" href=\"https:\/\/penzion-janostik.cz\/wp-content\/uploads\/2026\/01\/IMG_4803-scaled.jpeg\" data-elementor-open-lightbox=\"yes\" data-elementor-lightbox-slideshow=\"55145f4\" data-elementor-lightbox-title=\"IMG_4803\" data-e-action-hash=\"#elementor-action%3Aaction%3Dlightbox%26settings%3DeyJpZCI6NzAyLCJ1cmwiOiJodHRwczpcL1wvcGVuemlvbi1qYW5vc3Rpay5jelwvd3AtY29udGVudFwvdXBsb2Fkc1wvMjAyNlwvMDFcL0lNR180ODAzLXNjYWxlZC5qcGVnIiwic2xpZGVzaG93IjoiNTUxNDVmNCJ9\">\n\t\t\t\t\t<div class=\"e-gallery-image elementor-gallery-item__image\" data-thumbnail=\"https:\/\/penzion-janostik.cz\/wp-content\/uploads\/2026\/01\/IMG_4803-225x300.jpeg\" data-width=\"225\" data-height=\"300\" aria-label=\"\" role=\"img\" ><\/div>\n\t\t\t\t\t\t\t\t\t\t\t<div class=\"elementor-gallery-item__overlay\"><\/div>\n\t\t\t\t\t\t\t\t\t\t\t\t\t\t<\/a>\n\t\t\t\t\t\t\t<a class=\"e-gallery-item elementor-gallery-item elementor-animated-content\" href=\"https:\/\/penzion-janostik.cz\/wp-content\/uploads\/2026\/01\/IMG_4372-scaled.jpeg\" data-elementor-open-lightbox=\"yes\" data-elementor-lightbox-slideshow=\"55145f4\" data-elementor-lightbox-title=\"IMG_4372\" data-e-action-hash=\"#elementor-action%3Aaction%3Dlightbox%26settings%3DeyJpZCI6NzA3LCJ1cmwiOiJodHRwczpcL1wvcGVuemlvbi1qYW5vc3Rpay5jelwvd3AtY29udGVudFwvdXBsb2Fkc1wvMjAyNlwvMDFcL0lNR180MzcyLXNjYWxlZC5qcGVnIiwic2xpZGVzaG93IjoiNTUxNDVmNCJ9\">\n\t\t\t\t\t<div class=\"e-gallery-image elementor-gallery-item__image\" data-thumbnail=\"https:\/\/penzion-janostik.cz\/wp-content\/uploads\/2026\/01\/IMG_4372-225x300.jpeg\" data-width=\"225\" data-height=\"300\" aria-label=\"\" role=\"img\" ><\/div>\n\t\t\t\t\t\t\t\t\t\t\t<div class=\"elementor-gallery-item__overlay\"><\/div>\n\t\t\t\t\t\t\t\t\t\t\t\t\t\t<\/a>\n\t\t\t\t\t\t\t<a class=\"e-gallery-item elementor-gallery-item elementor-animated-content\" href=\"https:\/\/penzion-janostik.cz\/wp-content\/uploads\/2026\/01\/IMG_5506-scaled.jpeg\" data-elementor-open-lightbox=\"yes\" data-elementor-lightbox-slideshow=\"55145f4\" data-elementor-lightbox-title=\"IMG_5506\" data-e-action-hash=\"#elementor-action%3Aaction%3Dlightbox%26settings%3DeyJpZCI6NzA5LCJ1cmwiOiJodHRwczpcL1wvcGVuemlvbi1qYW5vc3Rpay5jelwvd3AtY29udGVudFwvdXBsb2Fkc1wvMjAyNlwvMDFcL0lNR181NTA2LXNjYWxlZC5qcGVnIiwic2xpZGVzaG93IjoiNTUxNDVmNCJ9\">\n\t\t\t\t\t<div class=\"e-gallery-image elementor-gallery-item__image\" data-thumbnail=\"https:\/\/penzion-janostik.cz\/wp-content\/uploads\/2026\/01\/IMG_5506-225x300.jpeg\" data-width=\"225\" data-height=\"300\" aria-label=\"\" role=\"img\" ><\/div>\n\t\t\t\t\t\t\t\t\t\t\t<div class=\"elementor-gallery-item__overlay\"><\/div>\n\t\t\t\t\t\t\t\t\t\t\t\t\t\t<\/a>\n\t\t\t\t\t\t\t<a class=\"e-gallery-item elementor-gallery-item elementor-animated-content\" href=\"https:\/\/penzion-janostik.cz\/wp-content\/uploads\/2026\/01\/IMG_2910-scaled.jpeg\" data-elementor-open-lightbox=\"yes\" data-elementor-lightbox-slideshow=\"55145f4\" data-elementor-lightbox-title=\"IMG_2910\" data-e-action-hash=\"#elementor-action%3Aaction%3Dlightbox%26settings%3DeyJpZCI6NzEwLCJ1cmwiOiJodHRwczpcL1wvcGVuemlvbi1qYW5vc3Rpay5jelwvd3AtY29udGVudFwvdXBsb2Fkc1wvMjAyNlwvMDFcL0lNR18yOTEwLXNjYWxlZC5qcGVnIiwic2xpZGVzaG93IjoiNTUxNDVmNCJ9\">\n\t\t\t\t\t<div class=\"e-gallery-image elementor-gallery-item__image\" data-thumbnail=\"https:\/\/penzion-janostik.cz\/wp-content\/uploads\/2026\/01\/IMG_2910-225x300.jpeg\" data-width=\"225\" data-height=\"300\" aria-label=\"\" role=\"img\" ><\/div>\n\t\t\t\t\t\t\t\t\t\t\t<div class=\"elementor-gallery-item__overlay\"><\/div>\n\t\t\t\t\t\t\t\t\t\t\t\t\t\t<\/a>\n\t\t\t\t\t\t\t<a class=\"e-gallery-item elementor-gallery-item elementor-animated-content\" href=\"https:\/\/penzion-janostik.cz\/wp-content\/uploads\/2026\/01\/IMG_4802-scaled.jpeg\" data-elementor-open-lightbox=\"yes\" data-elementor-lightbox-slideshow=\"55145f4\" data-elementor-lightbox-title=\"IMG_4802\" data-e-action-hash=\"#elementor-action%3Aaction%3Dlightbox%26settings%3DeyJpZCI6NzAzLCJ1cmwiOiJodHRwczpcL1wvcGVuemlvbi1qYW5vc3Rpay5jelwvd3AtY29udGVudFwvdXBsb2Fkc1wvMjAyNlwvMDFcL0lNR180ODAyLXNjYWxlZC5qcGVnIiwic2xpZGVzaG93IjoiNTUxNDVmNCJ9\">\n\t\t\t\t\t<div class=\"e-gallery-image elementor-gallery-item__image\" data-thumbnail=\"https:\/\/penzion-janostik.cz\/wp-content\/uploads\/2026\/01\/IMG_4802-225x300.jpeg\" data-width=\"225\" data-height=\"300\" aria-label=\"\" role=\"img\" ><\/div>\n\t\t\t\t\t\t\t\t\t\t\t<div class=\"elementor-gallery-item__overlay\"><\/div>\n\t\t\t\t\t\t\t\t\t\t\t\t\t\t<\/a>\n\t\t\t\t\t<\/div>\n\t\t\t\t\t<\/div>\n\t\t\t\t<\/div>\n\t\t\t\t\t<\/div>\n\t\t\t\t<\/div>\n\t\t\t\t<\/div>\n\t\t","protected":false},"excerpt":{"rendered":"<p>Ned\u00edlnou sou\u010d\u00e1st\u00ed penzionu je vlastn\u00ed restaurace s kapacitou 100 m\u00edst a salonkem a\u017e pro 40 osob, tak\u017ee svou kapacitou je zvl\u00e1\u0161t\u011b vhodn\u00e1 pro po\u0159\u00e1d\u00e1n\u00ed svateb, spole\u010densk\u00fdch akc\u00ed, p\u0159\u00e1telsk\u00fdch setk\u00e1n\u00ed a firemn\u00edch akc\u00ed, kter\u00e9 lze \u0159e\u0161it formou raut\u016f, \u010di bufetu. Zrekonstruovan\u00fd interi\u00e9r se stylov\u00fdm balkonem p\u0159\u00edmo vyb\u00edz\u00ed k p\u0159\u00edjemn\u00e9mu posezen\u00ed u skleni\u010dky dobr\u00e9ho v\u00edna spojen\u00e9ho s [&hellip;]<\/p>\n","protected":false},"author":1,"featured_media":0,"parent":0,"menu_order":0,"comment_status":"closed","ping_status":"closed","template":"","meta":{"footnotes":""},"class_list":["post-253","page","type-page","status-publish","hentry"],"_links":{"self":[{"href":"https:\/\/penzion-janostik.cz\/index.php\/wp-json\/wp\/v2\/pages\/253","targetHints":{"allow":["GET"]}}],"collection":[{"href":"https:\/\/penzion-janostik.cz\/index.php\/wp-json\/wp\/v2\/pages"}],"about":[{"href":"https:\/\/penzion-janostik.cz\/index.php\/wp-json\/wp\/v2\/types\/page"}],"author":[{"embeddable":true,"href":"https:\/\/penzion-janostik.cz\/index.php\/wp-json\/wp\/v2\/users\/1"}],"replies":[{"embeddable":true,"href":"https:\/\/penzion-janostik.cz\/index.php\/wp-json\/wp\/v2\/comments?post=253"}],"version-history":[{"count":25,"href":"https:\/\/penzion-janostik.cz\/index.php\/wp-json\/wp\/v2\/pages\/253\/revisions"}],"predecessor-version":[{"id":1059,"href":"https:\/\/penzion-janostik.cz\/index.php\/wp-json\/wp\/v2\/pages\/253\/revisions\/1059"}],"wp:attachment":[{"href":"https:\/\/penzion-janostik.cz\/index.php\/wp-json\/wp\/v2\/media?parent=253"}],"curies":[{"name":"wp","href":"https:\/\/api.w.org\/{rel}","templated":true}]}}