{"id":284,"date":"2025-02-27T11:26:48","date_gmt":"2025-02-27T11:26:48","guid":{"rendered":"https:\/\/pj.oscloud.online\/?page_id=284"},"modified":"2026-01-10T07:03:59","modified_gmt":"2026-01-10T07:03:59","slug":"pokoj-1","status":"publish","type":"page","link":"https:\/\/penzion-janostik.cz\/index.php\/pokoj-1\/","title":{"rendered":"Pokoj 1"},"content":{"rendered":"\t\t<div data-elementor-type=\"wp-page\" data-elementor-id=\"284\" class=\"elementor elementor-284\" data-elementor-post-type=\"page\">\n\t\t\t\t<div class=\"elementor-element elementor-element-7a1d70e e-flex e-con-boxed e-con e-parent\" data-id=\"7a1d70e\" data-element_type=\"container\">\n\t\t\t\t\t<div class=\"e-con-inner\">\n\t\t\t\t<div class=\"elementor-element elementor-element-8655b41 elementor-widget elementor-widget-heading\" data-id=\"8655b41\" data-element_type=\"widget\" data-widget_type=\"heading.default\">\n\t\t\t\t<div class=\"elementor-widget-container\">\n\t\t\t\t\t<h4 class=\"elementor-heading-title elementor-size-default\">Pokoj 1<\/h4>\t\t\t\t<\/div>\n\t\t\t\t<\/div>\n\t\t\t\t<div class=\"elementor-element elementor-element-9da3bf3 elementor-widget elementor-widget-text-editor\" data-id=\"9da3bf3\" data-element_type=\"widget\" data-widget_type=\"text-editor.default\">\n\t\t\t\t<div class=\"elementor-widget-container\">\n\t\t\t\t\t\t\t\t\t<p class=\" js_hp_rt_lightbox_room_desc \" style=\"text-align: center;\"><strong>Dvoul\u016f\u017ekov\u00fd pokoj Deluxe s man\u017eelskou postel\u00ed a sprchou<\/strong><br \/>Dvoul\u016f\u017ekov\u00fd pokoj s man\u017eelskou postel\u00ed m\u00e1 odhlu\u010dn\u011bn\u00ed a posezen\u00ed.<br \/>Bezplatn\u00e9 Wi-Fi je k dispozici ve v\u0161ech pokoj\u00edch.<\/p><p style=\"text-align: center;\"><strong>Vybaven\u00ed pokoje:\u00a0<\/strong><span class=\"\" data-name-en=\"\">Sprcha<\/span>,\u00a0<span class=\"\" data-name-en=\"\">TV<\/span>,\u00a0<span class=\"\" data-name-en=\"\">r\u00e1dio<\/span>, p<span class=\"\" data-name-en=\"\">sac\u00ed st\u016fl<\/span>,\u00a0<span class=\"\" data-name-en=\"\">posezen\u00ed<\/span>,\u00a0<span class=\"\" data-name-en=\"\">toaletn\u00ed pot\u0159eby zdarma<\/span>, t<span class=\"\" data-name-en=\"\">oaleta<\/span>,\u00a0<span class=\"\" data-name-en=\"\">koupelna<\/span>,\u00a0<span class=\"\" data-name-en=\"\">topen\u00ed<\/span>, s<span class=\"\" data-name-en=\"\">atelitn\u00ed programy<\/span>,\u00a0<span class=\"\" data-name-en=\"\">vana nebo sprcha<\/span>,\u00a0<span class=\"\" data-name-en=\"\">koberec<\/span>,\u00a0<span class=\"\" data-name-en=\"\">TV s plochou obrazovkou<\/span>,\u00a0<span class=\"\" data-name-en=\"\">zvukov\u00e1 izolace<\/span>,\u00a0<span class=\"\" data-name-en=\"\">v\u00fdhled<\/span>,\u00a0<span class=\"\" data-name-en=\"\">bud\u00edk<\/span>,\u00a0<span class=\"\" data-name-en=\"\">sk\u0159\u00ed\u0148\/\u0161atna<\/span>,\u00a0<span class=\"\" data-name-en=\"\">v\u00fdhled do zahrady<\/span>,\u00a0<span class=\"\" data-name-en=\"\">ru\u010dn\u00edky<\/span>,\u00a0<span class=\"\" data-name-en=\"\">povle\u010den\u00ed<\/span>,\u00a0<span class=\"\" data-name-en=\"\">vy\u0161\u0161\u00ed patra jsou dostupn\u00e1 pouze po schodech<\/span>,\u00a0<span class=\"\" data-name-en=\"\">v\u011b\u0161\u00e1k na oble\u010den\u00ed<\/span>,\u00a0<span class=\"\" data-name-en=\"\">su\u0161\u00e1k na pr\u00e1dlo<\/span>,\u00a0<span class=\"\" data-name-en=\"\">toaletn\u00ed pap\u00edr<\/span>, <span class=\"\" data-name-en=\"\">\u00a0sprcha<\/span><\/p>\t\t\t\t\t\t\t\t<\/div>\n\t\t\t\t<\/div>\n\t\t\t\t<div class=\"elementor-element elementor-element-e84451e elementor-widget elementor-widget-gallery\" data-id=\"e84451e\" data-element_type=\"widget\" data-settings=\"{&quot;lazyload&quot;:&quot;yes&quot;,&quot;gallery_layout&quot;:&quot;grid&quot;,&quot;columns&quot;:4,&quot;columns_tablet&quot;:2,&quot;columns_mobile&quot;:1,&quot;gap&quot;:{&quot;unit&quot;:&quot;px&quot;,&quot;size&quot;:10,&quot;sizes&quot;:[]},&quot;gap_tablet&quot;:{&quot;unit&quot;:&quot;px&quot;,&quot;size&quot;:10,&quot;sizes&quot;:[]},&quot;gap_mobile&quot;:{&quot;unit&quot;:&quot;px&quot;,&quot;size&quot;:10,&quot;sizes&quot;:[]},&quot;link_to&quot;:&quot;file&quot;,&quot;aspect_ratio&quot;:&quot;3:2&quot;,&quot;overlay_background&quot;:&quot;yes&quot;,&quot;content_hover_animation&quot;:&quot;fade-in&quot;}\" data-widget_type=\"gallery.default\">\n\t\t\t\t<div class=\"elementor-widget-container\">\n\t\t\t\t\t\t\t<div class=\"elementor-gallery__container\">\n\t\t\t\t\t\t\t<a class=\"e-gallery-item elementor-gallery-item elementor-animated-content\" href=\"https:\/\/penzion-janostik.cz\/wp-content\/uploads\/2026\/01\/IMG_E2270-1024x576-1.jpg\" data-elementor-open-lightbox=\"yes\" data-elementor-lightbox-slideshow=\"e84451e\" data-elementor-lightbox-title=\"IMG_E2270-1024x576\" data-e-action-hash=\"#elementor-action%3Aaction%3Dlightbox%26settings%3DeyJpZCI6NzMyLCJ1cmwiOiJodHRwczpcL1wvcGVuemlvbi1qYW5vc3Rpay5jelwvd3AtY29udGVudFwvdXBsb2Fkc1wvMjAyNlwvMDFcL0lNR19FMjI3MC0xMDI0eDU3Ni0xLmpwZyIsInNsaWRlc2hvdyI6ImU4NDQ1MWUifQ%3D%3D\">\n\t\t\t\t\t<div class=\"e-gallery-image elementor-gallery-item__image\" data-thumbnail=\"https:\/\/penzion-janostik.cz\/wp-content\/uploads\/2026\/01\/IMG_E2270-1024x576-1-300x169.jpg\" data-width=\"300\" data-height=\"169\" aria-label=\"\" role=\"img\" ><\/div>\n\t\t\t\t\t\t\t\t\t\t\t<div class=\"elementor-gallery-item__overlay\"><\/div>\n\t\t\t\t\t\t\t\t\t\t\t\t\t\t<\/a>\n\t\t\t\t\t\t\t<a class=\"e-gallery-item elementor-gallery-item elementor-animated-content\" href=\"https:\/\/penzion-janostik.cz\/wp-content\/uploads\/2026\/01\/IMG_E2271-1024x576-1.jpg\" data-elementor-open-lightbox=\"yes\" data-elementor-lightbox-slideshow=\"e84451e\" data-elementor-lightbox-title=\"IMG_E2271-1024x576\" data-e-action-hash=\"#elementor-action%3Aaction%3Dlightbox%26settings%3DeyJpZCI6NzMzLCJ1cmwiOiJodHRwczpcL1wvcGVuemlvbi1qYW5vc3Rpay5jelwvd3AtY29udGVudFwvdXBsb2Fkc1wvMjAyNlwvMDFcL0lNR19FMjI3MS0xMDI0eDU3Ni0xLmpwZyIsInNsaWRlc2hvdyI6ImU4NDQ1MWUifQ%3D%3D\">\n\t\t\t\t\t<div class=\"e-gallery-image elementor-gallery-item__image\" data-thumbnail=\"https:\/\/penzion-janostik.cz\/wp-content\/uploads\/2026\/01\/IMG_E2271-1024x576-1-300x169.jpg\" data-width=\"300\" data-height=\"169\" aria-label=\"\" role=\"img\" ><\/div>\n\t\t\t\t\t\t\t\t\t\t\t<div class=\"elementor-gallery-item__overlay\"><\/div>\n\t\t\t\t\t\t\t\t\t\t\t\t\t\t<\/a>\n\t\t\t\t\t\t\t<a class=\"e-gallery-item elementor-gallery-item elementor-animated-content\" href=\"https:\/\/penzion-janostik.cz\/wp-content\/uploads\/2026\/01\/IMG_2226-768x1024-1.jpg\" data-elementor-open-lightbox=\"yes\" data-elementor-lightbox-slideshow=\"e84451e\" data-elementor-lightbox-title=\"IMG_2226-768x1024\" data-e-action-hash=\"#elementor-action%3Aaction%3Dlightbox%26settings%3DeyJpZCI6NzMxLCJ1cmwiOiJodHRwczpcL1wvcGVuemlvbi1qYW5vc3Rpay5jelwvd3AtY29udGVudFwvdXBsb2Fkc1wvMjAyNlwvMDFcL0lNR18yMjI2LTc2OHgxMDI0LTEuanBnIiwic2xpZGVzaG93IjoiZTg0NDUxZSJ9\">\n\t\t\t\t\t<div class=\"e-gallery-image elementor-gallery-item__image\" data-thumbnail=\"https:\/\/penzion-janostik.cz\/wp-content\/uploads\/2026\/01\/IMG_2226-768x1024-1-225x300.jpg\" data-width=\"225\" data-height=\"300\" aria-label=\"\" role=\"img\" ><\/div>\n\t\t\t\t\t\t\t\t\t\t\t<div class=\"elementor-gallery-item__overlay\"><\/div>\n\t\t\t\t\t\t\t\t\t\t\t\t\t\t<\/a>\n\t\t\t\t\t<\/div>\n\t\t\t\t\t<\/div>\n\t\t\t\t<\/div>\n\t\t\t\t\t<\/div>\n\t\t\t\t<\/div>\n\t\t\t\t<\/div>\n\t\t","protected":false},"excerpt":{"rendered":"<p>Pokoj 1 Dvoul\u016f\u017ekov\u00fd pokoj Deluxe s man\u017eelskou postel\u00ed a sprchouDvoul\u016f\u017ekov\u00fd pokoj s man\u017eelskou postel\u00ed m\u00e1 odhlu\u010dn\u011bn\u00ed a posezen\u00ed.Bezplatn\u00e9 Wi-Fi je k dispozici ve v\u0161ech pokoj\u00edch. Vybaven\u00ed pokoje:\u00a0Sprcha,\u00a0TV,\u00a0r\u00e1dio, psac\u00ed st\u016fl,\u00a0posezen\u00ed,\u00a0toaletn\u00ed pot\u0159eby zdarma, toaleta,\u00a0koupelna,\u00a0topen\u00ed, satelitn\u00ed programy,\u00a0vana nebo sprcha,\u00a0koberec,\u00a0TV s plochou obrazovkou,\u00a0zvukov\u00e1 izolace,\u00a0v\u00fdhled,\u00a0bud\u00edk,\u00a0sk\u0159\u00ed\u0148\/\u0161atna,\u00a0v\u00fdhled do zahrady,\u00a0ru\u010dn\u00edky,\u00a0povle\u010den\u00ed,\u00a0vy\u0161\u0161\u00ed patra jsou dostupn\u00e1 pouze po schodech,\u00a0v\u011b\u0161\u00e1k na oble\u010den\u00ed,\u00a0su\u0161\u00e1k na pr\u00e1dlo,\u00a0toaletn\u00ed pap\u00edr, \u00a0sprcha<\/p>\n","protected":false},"author":1,"featured_media":0,"parent":0,"menu_order":0,"comment_status":"closed","ping_status":"closed","template":"","meta":{"footnotes":""},"class_list":["post-284","page","type-page","status-publish","hentry"],"_links":{"self":[{"href":"https:\/\/penzion-janostik.cz\/index.php\/wp-json\/wp\/v2\/pages\/284","targetHints":{"allow":["GET"]}}],"collection":[{"href":"https:\/\/penzion-janostik.cz\/index.php\/wp-json\/wp\/v2\/pages"}],"about":[{"href":"https:\/\/penzion-janostik.cz\/index.php\/wp-json\/wp\/v2\/types\/page"}],"author":[{"embeddable":true,"href":"https:\/\/penzion-janostik.cz\/index.php\/wp-json\/wp\/v2\/users\/1"}],"replies":[{"embeddable":true,"href":"https:\/\/penzion-janostik.cz\/index.php\/wp-json\/wp\/v2\/comments?post=284"}],"version-history":[{"count":26,"href":"https:\/\/penzion-janostik.cz\/index.php\/wp-json\/wp\/v2\/pages\/284\/revisions"}],"predecessor-version":[{"id":914,"href":"https:\/\/penzion-janostik.cz\/index.php\/wp-json\/wp\/v2\/pages\/284\/revisions\/914"}],"wp:attachment":[{"href":"https:\/\/penzion-janostik.cz\/index.php\/wp-json\/wp\/v2\/media?parent=284"}],"curies":[{"name":"wp","href":"https:\/\/api.w.org\/{rel}","templated":true}]}}