{"id":333,"date":"2025-02-27T11:41:17","date_gmt":"2025-02-27T11:41:17","guid":{"rendered":"https:\/\/pj.oscloud.online\/?page_id=333"},"modified":"2026-01-10T07:07:41","modified_gmt":"2026-01-10T07:07:41","slug":"pokoj-10","status":"publish","type":"page","link":"https:\/\/penzion-janostik.cz\/index.php\/pokoj-10\/","title":{"rendered":"Pokoj 10"},"content":{"rendered":"\t\t<div data-elementor-type=\"wp-page\" data-elementor-id=\"333\" class=\"elementor elementor-333\" data-elementor-post-type=\"page\">\n\t\t\t\t<div class=\"elementor-element elementor-element-4531c8f e-flex e-con-boxed e-con e-parent\" data-id=\"4531c8f\" data-element_type=\"container\">\n\t\t\t\t\t<div class=\"e-con-inner\">\n\t\t\t\t<div class=\"elementor-element elementor-element-1feb577 elementor-widget elementor-widget-heading\" data-id=\"1feb577\" data-element_type=\"widget\" data-widget_type=\"heading.default\">\n\t\t\t\t<div class=\"elementor-widget-container\">\n\t\t\t\t\t<h4 class=\"elementor-heading-title elementor-size-default\">Pokoj 10<\/h4>\t\t\t\t<\/div>\n\t\t\t\t<\/div>\n\t\t\t\t<div class=\"elementor-element elementor-element-6a7cf8a elementor-widget elementor-widget-text-editor\" data-id=\"6a7cf8a\" data-element_type=\"widget\" data-widget_type=\"text-editor.default\">\n\t\t\t\t<div class=\"elementor-widget-container\">\n\t\t\t\t\t\t\t\t\t<p style=\"text-align: center;\"><strong>T\u0159\u00edl\u016f\u017ekov\u00fd pokoj s v\u00fdhledem do dvora<br \/><\/strong>1 jednol\u016f\u017ekov\u00e1 postel\u00a0\u00a0a\u00a01 velk\u00e1 man\u017eelsk\u00e1 postel<br \/>Tento odhlu\u010dn\u011bn\u00fd t\u0159\u00edl\u016f\u017ekov\u00fd pokoj m\u00e1 v\u00fdhled do zahrady a posezen\u00ed.<br \/>Bezplatn\u00e9 Wi-Fi je k dispozici ve v\u0161ech pokoj\u00edch.<\/p><p style=\"text-align: center;\"><span class=\"\" data-name-en=\"\"><strong>Vybaven\u00ed pokoje:<\/strong>\u00a0Sprcha<\/span>,\u00a0<span class=\"\" data-name-en=\"\">TV<\/span>,\u00a0<span class=\"\" data-name-en=\"\">r\u00e1dio<\/span>,\u00a0<span class=\"\" data-name-en=\"\">psac\u00ed st\u016fl<\/span>,\u00a0<span class=\"\" data-name-en=\"\">posezen\u00ed<\/span>,\u00a0<span class=\"\" data-name-en=\"\">toaletn\u00ed pot\u0159eby zdarma<\/span>,\u00a0<span class=\"\" data-name-en=\"\">toaleta<\/span>,\u00a0<span class=\"\" data-name-en=\"\">koupelna<\/span>,\u00a0<span class=\"\" data-name-en=\"\">topen\u00ed<\/span>, s<span class=\"\" data-name-en=\"\">atelitn\u00ed programy<\/span>,\u00a0<span class=\"\" data-name-en=\"\">vana nebo sprcha<\/span>,\u00a0<span class=\"\" data-name-en=\"\">koberec<\/span>,\u00a0<span class=\"\" data-name-en=\"\">TV s plochou obrazovkou<\/span>,\u00a0<span class=\"\" data-name-en=\"\">zvukov\u00e1 izolace<\/span>,\u00a0<span class=\"\" data-name-en=\"\">v\u00fdhled<\/span>,\u00a0<span class=\"\" data-name-en=\"\">bud\u00edk<\/span>,\u00a0<span class=\"\" data-name-en=\"\">sk\u0159\u00ed\u0148\/\u0161atna<\/span>,\u00a0<span class=\"\" data-name-en=\"\">v\u00fdhled do zahrady<\/span>,\u00a0<span class=\"\" data-name-en=\"\">ru\u010dn\u00edky<\/span>,\u00a0<span class=\"\" data-name-en=\"\">povle\u010den\u00ed<\/span>,\u00a0<span class=\"\" data-name-en=\"\">vy\u0161\u0161\u00ed patra jsou dostupn\u00e1 pouze po schodech<\/span>,\u00a0<span class=\"\" data-name-en=\"\">v\u011b\u0161\u00e1k na oble\u010den\u00ed<\/span>,\u00a0<span class=\"\" data-name-en=\"\">su\u0161\u00e1k na pr\u00e1dlo<\/span>,\u00a0<span class=\"\" data-name-en=\"\">toaletn\u00ed pap\u00edr<\/span>,\u00a0<span class=\"\" data-name-en=\"\">knihy, hudba pro d\u011bti<\/span>,\u00a0<span class=\"\" data-name-en=\"\"> sprcha<\/span><\/p>\t\t\t\t\t\t\t\t<\/div>\n\t\t\t\t<\/div>\n\t\t\t\t<div class=\"elementor-element elementor-element-816d19c elementor-widget elementor-widget-gallery\" data-id=\"816d19c\" data-element_type=\"widget\" data-settings=\"{&quot;columns&quot;:2,&quot;lazyload&quot;:&quot;yes&quot;,&quot;gallery_layout&quot;:&quot;grid&quot;,&quot;columns_tablet&quot;:2,&quot;columns_mobile&quot;:1,&quot;gap&quot;:{&quot;unit&quot;:&quot;px&quot;,&quot;size&quot;:10,&quot;sizes&quot;:[]},&quot;gap_tablet&quot;:{&quot;unit&quot;:&quot;px&quot;,&quot;size&quot;:10,&quot;sizes&quot;:[]},&quot;gap_mobile&quot;:{&quot;unit&quot;:&quot;px&quot;,&quot;size&quot;:10,&quot;sizes&quot;:[]},&quot;link_to&quot;:&quot;file&quot;,&quot;aspect_ratio&quot;:&quot;3:2&quot;,&quot;overlay_background&quot;:&quot;yes&quot;,&quot;content_hover_animation&quot;:&quot;fade-in&quot;}\" data-widget_type=\"gallery.default\">\n\t\t\t\t<div class=\"elementor-widget-container\">\n\t\t\t\t\t\t\t<div class=\"elementor-gallery__container\">\n\t\t\t\t\t\t\t<a class=\"e-gallery-item elementor-gallery-item elementor-animated-content\" href=\"https:\/\/penzion-janostik.cz\/wp-content\/uploads\/2025\/02\/IMG_2259-1024x768-1.jpg\" data-elementor-open-lightbox=\"yes\" data-elementor-lightbox-slideshow=\"816d19c\" data-elementor-lightbox-title=\"IMG_2259-1024x768\" data-e-action-hash=\"#elementor-action%3Aaction%3Dlightbox%26settings%3DeyJpZCI6MzM1LCJ1cmwiOiJodHRwczpcL1wvcGVuemlvbi1qYW5vc3Rpay5jelwvd3AtY29udGVudFwvdXBsb2Fkc1wvMjAyNVwvMDJcL0lNR18yMjU5LTEwMjR4NzY4LTEuanBnIiwic2xpZGVzaG93IjoiODE2ZDE5YyJ9\">\n\t\t\t\t\t<div class=\"e-gallery-image elementor-gallery-item__image\" data-thumbnail=\"https:\/\/penzion-janostik.cz\/wp-content\/uploads\/2025\/02\/IMG_2259-1024x768-1.jpg\" data-width=\"800\" data-height=\"600\" aria-label=\"\" role=\"img\" ><\/div>\n\t\t\t\t\t\t\t\t\t\t\t<div class=\"elementor-gallery-item__overlay\"><\/div>\n\t\t\t\t\t\t\t\t\t\t\t\t\t\t<\/a>\n\t\t\t\t\t\t\t<a class=\"e-gallery-item elementor-gallery-item elementor-animated-content\" href=\"https:\/\/penzion-janostik.cz\/wp-content\/uploads\/2025\/02\/IMG_2260-1024x768-1.jpg\" data-elementor-open-lightbox=\"yes\" data-elementor-lightbox-slideshow=\"816d19c\" data-elementor-lightbox-title=\"IMG_2260-1024x768\" data-e-action-hash=\"#elementor-action%3Aaction%3Dlightbox%26settings%3DeyJpZCI6MzM2LCJ1cmwiOiJodHRwczpcL1wvcGVuemlvbi1qYW5vc3Rpay5jelwvd3AtY29udGVudFwvdXBsb2Fkc1wvMjAyNVwvMDJcL0lNR18yMjYwLTEwMjR4NzY4LTEuanBnIiwic2xpZGVzaG93IjoiODE2ZDE5YyJ9\">\n\t\t\t\t\t<div class=\"e-gallery-image elementor-gallery-item__image\" data-thumbnail=\"https:\/\/penzion-janostik.cz\/wp-content\/uploads\/2025\/02\/IMG_2260-1024x768-1.jpg\" data-width=\"800\" data-height=\"600\" aria-label=\"\" role=\"img\" ><\/div>\n\t\t\t\t\t\t\t\t\t\t\t<div class=\"elementor-gallery-item__overlay\"><\/div>\n\t\t\t\t\t\t\t\t\t\t\t\t\t\t<\/a>\n\t\t\t\t\t\t\t<a class=\"e-gallery-item elementor-gallery-item elementor-animated-content\" href=\"https:\/\/penzion-janostik.cz\/wp-content\/uploads\/2025\/02\/IMG_E2317-1024x576-1.jpg\" data-elementor-open-lightbox=\"yes\" data-elementor-lightbox-slideshow=\"816d19c\" data-elementor-lightbox-title=\"IMG_E2317-1024x576\" data-e-action-hash=\"#elementor-action%3Aaction%3Dlightbox%26settings%3DeyJpZCI6MzM4LCJ1cmwiOiJodHRwczpcL1wvcGVuemlvbi1qYW5vc3Rpay5jelwvd3AtY29udGVudFwvdXBsb2Fkc1wvMjAyNVwvMDJcL0lNR19FMjMxNy0xMDI0eDU3Ni0xLmpwZyIsInNsaWRlc2hvdyI6IjgxNmQxOWMifQ%3D%3D\">\n\t\t\t\t\t<div class=\"e-gallery-image elementor-gallery-item__image\" data-thumbnail=\"https:\/\/penzion-janostik.cz\/wp-content\/uploads\/2025\/02\/IMG_E2317-1024x576-1.jpg\" data-width=\"800\" data-height=\"450\" aria-label=\"\" role=\"img\" ><\/div>\n\t\t\t\t\t\t\t\t\t\t\t<div class=\"elementor-gallery-item__overlay\"><\/div>\n\t\t\t\t\t\t\t\t\t\t\t\t\t\t<\/a>\n\t\t\t\t\t\t\t<a class=\"e-gallery-item elementor-gallery-item elementor-animated-content\" href=\"https:\/\/penzion-janostik.cz\/wp-content\/uploads\/2025\/02\/IMG_2261-768x1024-1.jpg\" data-elementor-open-lightbox=\"yes\" data-elementor-lightbox-slideshow=\"816d19c\" data-elementor-lightbox-title=\"IMG_2261-768x1024\" data-e-action-hash=\"#elementor-action%3Aaction%3Dlightbox%26settings%3DeyJpZCI6MzM3LCJ1cmwiOiJodHRwczpcL1wvcGVuemlvbi1qYW5vc3Rpay5jelwvd3AtY29udGVudFwvdXBsb2Fkc1wvMjAyNVwvMDJcL0lNR18yMjYxLTc2OHgxMDI0LTEuanBnIiwic2xpZGVzaG93IjoiODE2ZDE5YyJ9\">\n\t\t\t\t\t<div class=\"e-gallery-image elementor-gallery-item__image\" data-thumbnail=\"https:\/\/penzion-janostik.cz\/wp-content\/uploads\/2025\/02\/IMG_2261-768x1024-1.jpg\" data-width=\"768\" data-height=\"1024\" aria-label=\"\" role=\"img\" ><\/div>\n\t\t\t\t\t\t\t\t\t\t\t<div class=\"elementor-gallery-item__overlay\"><\/div>\n\t\t\t\t\t\t\t\t\t\t\t\t\t\t<\/a>\n\t\t\t\t\t<\/div>\n\t\t\t\t\t<\/div>\n\t\t\t\t<\/div>\n\t\t\t\t\t<\/div>\n\t\t\t\t<\/div>\n\t\t\t\t<\/div>\n\t\t","protected":false},"excerpt":{"rendered":"<p>Pokoj 10 T\u0159\u00edl\u016f\u017ekov\u00fd pokoj s v\u00fdhledem do dvora1 jednol\u016f\u017ekov\u00e1 postel\u00a0\u00a0a\u00a01 velk\u00e1 man\u017eelsk\u00e1 postelTento odhlu\u010dn\u011bn\u00fd t\u0159\u00edl\u016f\u017ekov\u00fd pokoj m\u00e1 v\u00fdhled do zahrady a posezen\u00ed.Bezplatn\u00e9 Wi-Fi je k dispozici ve v\u0161ech pokoj\u00edch. Vybaven\u00ed pokoje:\u00a0Sprcha,\u00a0TV,\u00a0r\u00e1dio,\u00a0psac\u00ed st\u016fl,\u00a0posezen\u00ed,\u00a0toaletn\u00ed pot\u0159eby zdarma,\u00a0toaleta,\u00a0koupelna,\u00a0topen\u00ed, satelitn\u00ed programy,\u00a0vana nebo sprcha,\u00a0koberec,\u00a0TV s plochou obrazovkou,\u00a0zvukov\u00e1 izolace,\u00a0v\u00fdhled,\u00a0bud\u00edk,\u00a0sk\u0159\u00ed\u0148\/\u0161atna,\u00a0v\u00fdhled do zahrady,\u00a0ru\u010dn\u00edky,\u00a0povle\u010den\u00ed,\u00a0vy\u0161\u0161\u00ed patra jsou dostupn\u00e1 pouze po schodech,\u00a0v\u011b\u0161\u00e1k na oble\u010den\u00ed,\u00a0su\u0161\u00e1k na pr\u00e1dlo,\u00a0toaletn\u00ed pap\u00edr,\u00a0knihy, [&hellip;]<\/p>\n","protected":false},"author":1,"featured_media":0,"parent":0,"menu_order":0,"comment_status":"closed","ping_status":"closed","template":"","meta":{"footnotes":""},"class_list":["post-333","page","type-page","status-publish","hentry"],"_links":{"self":[{"href":"https:\/\/penzion-janostik.cz\/index.php\/wp-json\/wp\/v2\/pages\/333","targetHints":{"allow":["GET"]}}],"collection":[{"href":"https:\/\/penzion-janostik.cz\/index.php\/wp-json\/wp\/v2\/pages"}],"about":[{"href":"https:\/\/penzion-janostik.cz\/index.php\/wp-json\/wp\/v2\/types\/page"}],"author":[{"embeddable":true,"href":"https:\/\/penzion-janostik.cz\/index.php\/wp-json\/wp\/v2\/users\/1"}],"replies":[{"embeddable":true,"href":"https:\/\/penzion-janostik.cz\/index.php\/wp-json\/wp\/v2\/comments?post=333"}],"version-history":[{"count":10,"href":"https:\/\/penzion-janostik.cz\/index.php\/wp-json\/wp\/v2\/pages\/333\/revisions"}],"predecessor-version":[{"id":935,"href":"https:\/\/penzion-janostik.cz\/index.php\/wp-json\/wp\/v2\/pages\/333\/revisions\/935"}],"wp:attachment":[{"href":"https:\/\/penzion-janostik.cz\/index.php\/wp-json\/wp\/v2\/media?parent=333"}],"curies":[{"name":"wp","href":"https:\/\/api.w.org\/{rel}","templated":true}]}}