{"id":373,"date":"2025-02-27T12:00:41","date_gmt":"2025-02-27T12:00:41","guid":{"rendered":"https:\/\/pj.oscloud.online\/?page_id=373"},"modified":"2026-01-10T07:08:03","modified_gmt":"2026-01-10T07:08:03","slug":"pokoj-11","status":"publish","type":"page","link":"https:\/\/penzion-janostik.cz\/index.php\/pokoj-11\/","title":{"rendered":"Pokoj 11"},"content":{"rendered":"\t\t<div data-elementor-type=\"wp-page\" data-elementor-id=\"373\" class=\"elementor elementor-373\" data-elementor-post-type=\"page\">\n\t\t\t\t<div class=\"elementor-element elementor-element-07d1bb3 e-con-full e-flex e-con e-parent\" data-id=\"07d1bb3\" data-element_type=\"container\">\n\t\t\t\t<div class=\"elementor-element elementor-element-2acd78a elementor-widget elementor-widget-heading\" data-id=\"2acd78a\" data-element_type=\"widget\" data-widget_type=\"heading.default\">\n\t\t\t\t<div class=\"elementor-widget-container\">\n\t\t\t\t\t<h4 class=\"elementor-heading-title elementor-size-default\">Pokoj 11<\/h4>\t\t\t\t<\/div>\n\t\t\t\t<\/div>\n\t\t\t\t<div class=\"elementor-element elementor-element-580826a elementor-widget elementor-widget-text-editor\" data-id=\"580826a\" data-element_type=\"widget\" data-widget_type=\"text-editor.default\">\n\t\t\t\t<div class=\"elementor-widget-container\">\n\t\t\t\t\t\t\t\t\t<p style=\"text-align: center;\">5 l\u016f\u017ekov\u00fd pokoj , samostatn\u00e9 postele a sprchou, mo\u017enost mo\u017enost p\u0159ist\u00fdlky ,d\u011btsk\u00e9 post\u00fdlky\u00a0<\/p><p style=\"text-align: center;\"><strong>Vybaven\u00ed pokoje:\u00a0<\/strong><span class=\"\" data-name-en=\"\">Sprcha<\/span>,\u00a0<span class=\"\" data-name-en=\"\">TV<\/span>,\u00a0<span class=\"\" data-name-en=\"\">r\u00e1dio<\/span>,\u00a0<span class=\"\" data-name-en=\"\">posezen\u00ed<\/span>,\u00a0<span class=\"\" data-name-en=\"\">toaletn\u00ed pot\u0159eby zdarma<\/span>, t<span class=\"\" data-name-en=\"\">oaleta<\/span>, k<span class=\"\" data-name-en=\"\">oupelna<\/span>,\u00a0<span class=\"\" data-name-en=\"\">topen\u00ed<\/span>,\u00a0<span class=\"\" data-name-en=\"\">satelitn\u00ed programy<\/span>,\u00a0<span class=\"\" data-name-en=\"\">vana nebo sprcha<\/span>,\u00a0<span class=\"\" data-name-en=\"\">koberec<\/span>,\u00a0<span class=\"\" data-name-en=\"\">TV s plochou obrazovkou<\/span>, z<span class=\"\" data-name-en=\"\">vukov\u00e1 izolace<\/span>,\u00a0<span class=\"\" data-name-en=\"\">v\u00fdhled<\/span>,\u00a0<span class=\"\" data-name-en=\"\">bud\u00edk<\/span>, s<span class=\"\" data-name-en=\"\">k\u0159\u00ed\u0148\/\u0161atna<\/span>,\u00a0<span class=\"\" data-name-en=\"\">v\u00fdhled do zahrady<\/span>,\u00a0<span class=\"\" data-name-en=\"\">ru\u010dn\u00edky<\/span>, p<span class=\"\" data-name-en=\"\">ovle\u010den\u00ed<\/span>,\u00a0<span class=\"\" data-name-en=\"\">vy\u0161\u0161\u00ed patra jsou dostupn\u00e1 pouze po schodech<\/span>,\u00a0<span class=\"\" data-name-en=\"\">v\u011b\u0161\u00e1k na oble\u010den\u00ed<\/span>,\u00a0<span class=\"\" data-name-en=\"\">su\u0161\u00e1k na pr\u00e1dlo<\/span>,\u00a0<span class=\"\" data-name-en=\"\">toaletn\u00ed pap\u00edr<\/span>, k<span class=\"\" data-name-en=\"\">nihy, hudba pro d\u011bti<\/span>,\u00a0<span class=\"\" data-name-en=\"\">rozkl\u00e1dac\u00ed pohovka<\/span>,\u00a0<span class=\"\" data-name-en=\"\">sprcha<\/span>,\u00a0<span class=\"\" data-name-en=\"\">d\u011btsk\u00e9 post\u00fdlky a l\u016f\u017eka<\/span><\/p>\t\t\t\t\t\t\t\t<\/div>\n\t\t\t\t<\/div>\n\t\t\t\t<div class=\"elementor-element elementor-element-e7c37b6 elementor-widget elementor-widget-gallery\" data-id=\"e7c37b6\" data-element_type=\"widget\" data-settings=\"{&quot;columns&quot;:2,&quot;lazyload&quot;:&quot;yes&quot;,&quot;gallery_layout&quot;:&quot;grid&quot;,&quot;columns_tablet&quot;:2,&quot;columns_mobile&quot;:1,&quot;gap&quot;:{&quot;unit&quot;:&quot;px&quot;,&quot;size&quot;:10,&quot;sizes&quot;:[]},&quot;gap_tablet&quot;:{&quot;unit&quot;:&quot;px&quot;,&quot;size&quot;:10,&quot;sizes&quot;:[]},&quot;gap_mobile&quot;:{&quot;unit&quot;:&quot;px&quot;,&quot;size&quot;:10,&quot;sizes&quot;:[]},&quot;link_to&quot;:&quot;file&quot;,&quot;aspect_ratio&quot;:&quot;3:2&quot;,&quot;overlay_background&quot;:&quot;yes&quot;,&quot;content_hover_animation&quot;:&quot;fade-in&quot;}\" data-widget_type=\"gallery.default\">\n\t\t\t\t<div class=\"elementor-widget-container\">\n\t\t\t\t\t\t\t<div class=\"elementor-gallery__container\">\n\t\t\t\t\t\t\t<a class=\"e-gallery-item elementor-gallery-item elementor-animated-content\" href=\"https:\/\/penzion-janostik.cz\/wp-content\/uploads\/2026\/01\/IMG_2263-768x1024-1.jpg\" data-elementor-open-lightbox=\"yes\" data-elementor-lightbox-slideshow=\"e7c37b6\" data-elementor-lightbox-title=\"IMG_2263-768x1024\" data-e-action-hash=\"#elementor-action%3Aaction%3Dlightbox%26settings%3DeyJpZCI6NzgxLCJ1cmwiOiJodHRwczpcL1wvcGVuemlvbi1qYW5vc3Rpay5jelwvd3AtY29udGVudFwvdXBsb2Fkc1wvMjAyNlwvMDFcL0lNR18yMjYzLTc2OHgxMDI0LTEuanBnIiwic2xpZGVzaG93IjoiZTdjMzdiNiJ9\">\n\t\t\t\t\t<div class=\"e-gallery-image elementor-gallery-item__image\" data-thumbnail=\"https:\/\/penzion-janostik.cz\/wp-content\/uploads\/2026\/01\/IMG_2263-768x1024-1-768x1024.jpg\" data-width=\"768\" data-height=\"1024\" aria-label=\"\" role=\"img\" ><\/div>\n\t\t\t\t\t\t\t\t\t\t\t<div class=\"elementor-gallery-item__overlay\"><\/div>\n\t\t\t\t\t\t\t\t\t\t\t\t\t\t<\/a>\n\t\t\t\t\t\t\t<a class=\"e-gallery-item elementor-gallery-item elementor-animated-content\" href=\"https:\/\/penzion-janostik.cz\/wp-content\/uploads\/2026\/01\/IMG_2264-1024x768-1.jpg\" data-elementor-open-lightbox=\"yes\" data-elementor-lightbox-slideshow=\"e7c37b6\" data-elementor-lightbox-title=\"IMG_2264-1024x768\" data-e-action-hash=\"#elementor-action%3Aaction%3Dlightbox%26settings%3DeyJpZCI6NzgyLCJ1cmwiOiJodHRwczpcL1wvcGVuemlvbi1qYW5vc3Rpay5jelwvd3AtY29udGVudFwvdXBsb2Fkc1wvMjAyNlwvMDFcL0lNR18yMjY0LTEwMjR4NzY4LTEuanBnIiwic2xpZGVzaG93IjoiZTdjMzdiNiJ9\">\n\t\t\t\t\t<div class=\"e-gallery-image elementor-gallery-item__image\" data-thumbnail=\"https:\/\/penzion-janostik.cz\/wp-content\/uploads\/2026\/01\/IMG_2264-1024x768-1-768x576.jpg\" data-width=\"768\" data-height=\"576\" aria-label=\"\" role=\"img\" ><\/div>\n\t\t\t\t\t\t\t\t\t\t\t<div class=\"elementor-gallery-item__overlay\"><\/div>\n\t\t\t\t\t\t\t\t\t\t\t\t\t\t<\/a>\n\t\t\t\t\t\t\t<a class=\"e-gallery-item elementor-gallery-item elementor-animated-content\" href=\"https:\/\/penzion-janostik.cz\/wp-content\/uploads\/2026\/01\/IMG_2265-1-768x1024-1.jpg\" data-elementor-open-lightbox=\"yes\" data-elementor-lightbox-slideshow=\"e7c37b6\" data-elementor-lightbox-title=\"IMG_2265-1-768x1024\" data-e-action-hash=\"#elementor-action%3Aaction%3Dlightbox%26settings%3DeyJpZCI6NzgzLCJ1cmwiOiJodHRwczpcL1wvcGVuemlvbi1qYW5vc3Rpay5jelwvd3AtY29udGVudFwvdXBsb2Fkc1wvMjAyNlwvMDFcL0lNR18yMjY1LTEtNzY4eDEwMjQtMS5qcGciLCJzbGlkZXNob3ciOiJlN2MzN2I2In0%3D\">\n\t\t\t\t\t<div class=\"e-gallery-image elementor-gallery-item__image\" data-thumbnail=\"https:\/\/penzion-janostik.cz\/wp-content\/uploads\/2026\/01\/IMG_2265-1-768x1024-1.jpg\" data-width=\"768\" data-height=\"1024\" aria-label=\"\" role=\"img\" ><\/div>\n\t\t\t\t\t\t\t\t\t\t\t<div class=\"elementor-gallery-item__overlay\"><\/div>\n\t\t\t\t\t\t\t\t\t\t\t\t\t\t<\/a>\n\t\t\t\t\t<\/div>\n\t\t\t\t\t<\/div>\n\t\t\t\t<\/div>\n\t\t\t\t<\/div>\n\t\t\t\t<\/div>\n\t\t","protected":false},"excerpt":{"rendered":"<p>Pokoj 11 5 l\u016f\u017ekov\u00fd pokoj , samostatn\u00e9 postele a sprchou, mo\u017enost mo\u017enost p\u0159ist\u00fdlky ,d\u011btsk\u00e9 post\u00fdlky\u00a0 Vybaven\u00ed pokoje:\u00a0Sprcha,\u00a0TV,\u00a0r\u00e1dio,\u00a0posezen\u00ed,\u00a0toaletn\u00ed pot\u0159eby zdarma, toaleta, koupelna,\u00a0topen\u00ed,\u00a0satelitn\u00ed programy,\u00a0vana nebo sprcha,\u00a0koberec,\u00a0TV s plochou obrazovkou, zvukov\u00e1 izolace,\u00a0v\u00fdhled,\u00a0bud\u00edk, sk\u0159\u00ed\u0148\/\u0161atna,\u00a0v\u00fdhled do zahrady,\u00a0ru\u010dn\u00edky, povle\u010den\u00ed,\u00a0vy\u0161\u0161\u00ed patra jsou dostupn\u00e1 pouze po schodech,\u00a0v\u011b\u0161\u00e1k na oble\u010den\u00ed,\u00a0su\u0161\u00e1k na pr\u00e1dlo,\u00a0toaletn\u00ed pap\u00edr, knihy, hudba pro d\u011bti,\u00a0rozkl\u00e1dac\u00ed pohovka,\u00a0sprcha,\u00a0d\u011btsk\u00e9 post\u00fdlky a l\u016f\u017eka<\/p>\n","protected":false},"author":1,"featured_media":0,"parent":0,"menu_order":0,"comment_status":"closed","ping_status":"closed","template":"","meta":{"footnotes":""},"class_list":["post-373","page","type-page","status-publish","hentry"],"_links":{"self":[{"href":"https:\/\/penzion-janostik.cz\/index.php\/wp-json\/wp\/v2\/pages\/373","targetHints":{"allow":["GET"]}}],"collection":[{"href":"https:\/\/penzion-janostik.cz\/index.php\/wp-json\/wp\/v2\/pages"}],"about":[{"href":"https:\/\/penzion-janostik.cz\/index.php\/wp-json\/wp\/v2\/types\/page"}],"author":[{"embeddable":true,"href":"https:\/\/penzion-janostik.cz\/index.php\/wp-json\/wp\/v2\/users\/1"}],"replies":[{"embeddable":true,"href":"https:\/\/penzion-janostik.cz\/index.php\/wp-json\/wp\/v2\/comments?post=373"}],"version-history":[{"count":17,"href":"https:\/\/penzion-janostik.cz\/index.php\/wp-json\/wp\/v2\/pages\/373\/revisions"}],"predecessor-version":[{"id":938,"href":"https:\/\/penzion-janostik.cz\/index.php\/wp-json\/wp\/v2\/pages\/373\/revisions\/938"}],"wp:attachment":[{"href":"https:\/\/penzion-janostik.cz\/index.php\/wp-json\/wp\/v2\/media?parent=373"}],"curies":[{"name":"wp","href":"https:\/\/api.w.org\/{rel}","templated":true}]}}