{"id":43,"date":"2025-02-26T12:57:31","date_gmt":"2025-02-26T12:57:31","guid":{"rendered":"https:\/\/pj.oscloud.online\/?page_id=43"},"modified":"2026-04-06T15:51:54","modified_gmt":"2026-04-06T15:51:54","slug":"home","status":"publish","type":"page","link":"https:\/\/penzion-janostik.cz\/","title":{"rendered":"Home"},"content":{"rendered":"\t\t<div data-elementor-type=\"wp-page\" data-elementor-id=\"43\" class=\"elementor elementor-43\" data-elementor-post-type=\"page\">\n\t\t\t\t<div class=\"elementor-element elementor-element-905d70a e-flex e-con-boxed e-con e-parent\" data-id=\"905d70a\" data-element_type=\"container\">\n\t\t\t\t\t<div class=\"e-con-inner\">\n\t\t\t\t<div class=\"elementor-element elementor-element-a7b4eb1 elementor-widget elementor-widget-slider_revolution\" data-id=\"a7b4eb1\" data-element_type=\"widget\" data-widget_type=\"slider_revolution.default\">\n\t\t\t\t<div class=\"elementor-widget-container\">\n\t\t\t\t\t\n\t\t<div class=\"wp-block-themepunch-revslider\">\n\t\t\t\t<p class=\"rs-p-wp-fix\"><\/p>\n\t\t\t\t<sr7-module data-alias=\"slider-homepage-1\" data-id=\"2\" id=\"SR7_2_1\" class=\"rs-ov-hidden\" data-version=\"6.7.20\">\n\t\t\t\t\t<sr7-adjuster><\/sr7-adjuster>\n\t\t\t\t\t<sr7-content>\n\t\t\t\t\t\t<sr7-slide id=\"SR7_2_1-3\" data-key=\"3\">\n\t\t\t\t\t\t\t<sr7-bg id=\"SR7_2_1-3-40\" class=\"sr7-layer\"><noscript><img decoding=\"async\" src=\"https:\/\/penzion-janostik.cz\/wp-content\/uploads\/revslider\/slider-home\/pozadi2_podz.jpg\" alt=\"\" title=\"pozadi2_podz.jpg\"><\/noscript><\/sr7-bg>\n\t\t\t\t\t\t\t<sr7-txt id=\"SR7_2_1-3-26\" class=\"sr7-layer\">M\u00edsto, kde se budete c\u00edtit<br>jako doma<\/sr7-txt>\n\t\t\t\t\t\t\t<sr7-txt id=\"SR7_2_1-3-38\" class=\"sr7-layer\">M\u00edsto, kde se budete c\u00edtit<br>jako doma<\/sr7-txt>\n\t\t\t\t\t\t<\/sr7-slide>\n\t\t\t\t\t\t<sr7-slide id=\"SR7_2_1-4\" data-key=\"4\">\n\t\t\t\t\t\t\t<sr7-bg id=\"SR7_2_1-4-44\" class=\"sr7-layer\"><noscript><img decoding=\"async\" src=\"https:\/\/penzion-janostik.cz\/wp-content\/uploads\/revslider\/slider-home\/pozadi1_podz.jpg\" alt=\"\" title=\"pozadi1_podz.jpg\"><\/noscript><\/sr7-bg>\n\t\t\t\t\t\t\t<sr7-txt id=\"SR7_2_1-4-41\" class=\"sr7-layer\">ubytov\u00e1n\u00ed a restaurace<br>v samotn\u00e9m srdci Beskyd<\/i><\/sr7-txt>\n\t\t\t\t\t\t<\/sr7-slide>\n\t\t\t\t\t\t<sr7-slide id=\"SR7_2_1-6\" data-key=\"6\">\n\t\t\t\t\t\t<\/sr7-slide>\n\t\t\t\t\t<\/sr7-content>\n\t\t\t\t\t<image_lists style=\"display:none\">\n\t\t\t\t\t\t<img data-src=\"\/\/penzion-janostik.cz\/wp-content\/uploads\/2026\/04\/IMG_6244-scaled.jpg\" data-libid=\"1044\" data-lib=\"medialibrary\" title=\"IMG_6244\" width=\"0\" height=\"0\" data-dbsrc=\"Ly9wZW56aW9uLWphbm9zdGlrLmN6L3dwLWNvbnRlbnQvdXBsb2Fkcy8yMDI2LzA0L0lNR182MjQ0LXNjYWxlZC5qcGc=\"\/>\n\t\t\t\t\t\t<img data-src=\"\/\/penzion-janostik.cz\/wp-content\/uploads\/2026\/04\/IMG_6234-1-scaled.jpg\" data-libid=\"1037\" data-lib=\"medialibrary\" title=\"IMG_6234\" width=\"0\" height=\"0\" data-dbsrc=\"Ly9wZW56aW9uLWphbm9zdGlrLmN6L3dwLWNvbnRlbnQvdXBsb2Fkcy8yMDI2LzA0L0lNR182MjM0LTEtc2NhbGVkLmpwZw==\"\/>\n\t\t\t\t\t\t<img data-src=\"\/\/penzion-janostik.cz\/wp-content\/uploads\/2026\/04\/IMG_6221-1-scaled.jpg\" data-libid=\"1032\" data-lib=\"medialibrary\" title=\"IMG_6221\" width=\"0\" height=\"0\" data-dbsrc=\"Ly9wZW56aW9uLWphbm9zdGlrLmN6L3dwLWNvbnRlbnQvdXBsb2Fkcy8yMDI2LzA0L0lNR182MjIxLTEtc2NhbGVkLmpwZw==\"\/>\n\t\t\t\t\t\t<img loading=\"lazy\" data-src=\"\/\/penzion-janostik.cz\/wp-content\/uploads\/2026\/02\/Obrazek.jpeg\" data-libid=\"974\" data-lib=\"medialibrary\" title=\"Obr\u00e1zek\" width=\"0\" height=\"0\" data-dbsrc=\"Ly9wZW56aW9uLWphbm9zdGlrLmN6L3dwLWNvbnRlbnQvdXBsb2Fkcy8yMDI2LzAyL09icmF6ZWsuanBlZw==\"\/>\n\t\t\t\t\t\t<img loading=\"lazy\" data-src=\"\/\/penzion-janostik.cz\/wp-content\/uploads\/2025\/02\/velke_bile.png\" data-libid=\"589\" data-lib=\"medialibrary\" title=\"velke_bile\" width=\"0\" height=\"0\" data-dbsrc=\"Ly9wZW56aW9uLWphbm9zdGlrLmN6L3dwLWNvbnRlbnQvdXBsb2Fkcy8yMDI1LzAyL3ZlbGtlX2JpbGUucG5n\"\/>\n\t\t\t\t\t\t<img loading=\"lazy\" data-src=\"\/\/penzion-janostik.cz\/wp-content\/uploads\/2025\/02\/300615902_749225509859044_6654712109377953469_n-1.jpg\" data-libid=\"149\" data-lib=\"medialibrary\" title=\"300615902_749225509859044_6654712109377953469_n-1\" width=\"0\" height=\"0\" data-dbsrc=\"Ly9wZW56aW9uLWphbm9zdGlrLmN6L3dwLWNvbnRlbnQvdXBsb2Fkcy8yMDI1LzAyLzMwMDYxNTkwMl83NDkyMjU1MDk4NTkwNDRfNjY1NDcxMjEwOTM3Nzk1MzQ2OV9uLTEuanBn\"\/>\n\t\t\t\t\t\t<img loading=\"lazy\" data-src=\"\/\/penzion-janostik.cz\/wp-content\/uploads\/revslider\/slider-home\/pozadi2_podz.jpg\" data-libid=\"27\" title=\"pozadi2_podz.jpg\" width=\"0\" height=\"0\" data-dbsrc=\"Ly9wZW56aW9uLWphbm9zdGlrLmN6L3dwLWNvbnRlbnQvdXBsb2Fkcy9yZXZzbGlkZXIvc2xpZGVyLWhvbWUvcG96YWRpMl9wb2R6LmpwZw==\"\/>\n\t\t\t\t\t\t<img loading=\"lazy\" data-src=\"\/\/penzion-janostik.cz\/wp-content\/uploads\/2025\/02\/zahradka.jpg\" data-libid=\"618\" data-lib=\"medialibrary\" title=\"zahradka\" width=\"0\" height=\"0\" data-dbsrc=\"Ly9wZW56aW9uLWphbm9zdGlrLmN6L3dwLWNvbnRlbnQvdXBsb2Fkcy8yMDI1LzAyL3phaHJhZGthLmpwZw==\"\/>\n\t\t\t\t\t\t<img loading=\"lazy\" data-src=\"\/\/penzion-janostik.cz\/wp-content\/uploads\/2025\/02\/stul_2-768x772-1.jpg\" data-libid=\"619\" data-lib=\"medialibrary\" title=\"stul_2-768&#215;772\" width=\"0\" height=\"0\" data-dbsrc=\"Ly9wZW56aW9uLWphbm9zdGlrLmN6L3dwLWNvbnRlbnQvdXBsb2Fkcy8yMDI1LzAyL3N0dWxfMi03Njh4NzcyLTEuanBn\"\/>\n\t\t\t\t\t\t<img loading=\"lazy\" data-src=\"\/\/penzion-janostik.cz\/wp-content\/uploads\/2025\/02\/pokoj-600x600-1.jpg\" data-libid=\"620\" data-lib=\"medialibrary\" title=\"pokoj-600&#215;600\" width=\"0\" height=\"0\" data-dbsrc=\"Ly9wZW56aW9uLWphbm9zdGlrLmN6L3dwLWNvbnRlbnQvdXBsb2Fkcy8yMDI1LzAyL3Bva29qLTYwMHg2MDAtMS5qcGc=\"\/>\n\t\t\t\t\t\t<img loading=\"lazy\" data-src=\"\/\/penzion-janostik.cz\/wp-content\/uploads\/2026\/01\/IMG_4803-scaled.jpeg\" data-libid=\"702\" data-lib=\"medialibrary\" title=\"IMG_4803\" width=\"0\" height=\"0\" data-dbsrc=\"Ly9wZW56aW9uLWphbm9zdGlrLmN6L3dwLWNvbnRlbnQvdXBsb2Fkcy8yMDI2LzAxL0lNR180ODAzLXNjYWxlZC5qcGVn\"\/>\n\t\t\t\t\t\t<img loading=\"lazy\" data-src=\"\/\/penzion-janostik.cz\/wp-content\/uploads\/revslider\/slider-home\/pozadi1_podz.jpg\" data-libid=\"28\" title=\"pozadi1_podz.jpg\" width=\"0\" height=\"0\" data-dbsrc=\"Ly9wZW56aW9uLWphbm9zdGlrLmN6L3dwLWNvbnRlbnQvdXBsb2Fkcy9yZXZzbGlkZXIvc2xpZGVyLWhvbWUvcG96YWRpMV9wb2R6LmpwZw==\"\/>\n\t\t\t\t\t<\/image_lists>\n\t\t\t\t<\/sr7-module>\n\t\t\t\t<script>\n\t\t\t\t\tSR7.PMH ??={}; SR7.PMH[\"SR7_2_1\"] = {cn:0,state:false,fn: function() { if (_tpt!==undefined && _tpt.prepareModuleHeight !== undefined) {  _tpt.prepareModuleHeight({id:\"SR7_2_1\",el:[500,500,768,960,720],type:'standard',shdw:'0',gh:[500,500,341,259,160],gw:[1500,1500,1024,778,480],vpt:['100px'],size:{fullWidth:true, fullHeight:false},mh:'0',onh:0,onw:0,bg:{color:'{\"type\":\"solid\",\"orig\":\"#E9E9E9\",\"string\":\"rgba(233, 233, 233, 1)\"}'},plType:'3',plColor:'#c79c60'});   SR7.PMH[\"SR7_2_1\"].state=true;} else if((SR7.PMH[\"SR7_2_1\"].cn++)<100)\tsetTimeout( SR7.PMH[\"SR7_2_1\"].fn,19);}};SR7.PMH[\"SR7_2_1\" ].fn();\n\t\t\t\t<\/script>\n<\/div>\n\n\t\t\t\t\t\t<\/div>\n\t\t\t\t<\/div>\n\t\t\t\t\t<\/div>\n\t\t\t\t<\/div>\n\t\t<div class=\"elementor-element elementor-element-3bb84b8 e-flex e-con-boxed e-con e-parent\" data-id=\"3bb84b8\" data-element_type=\"container\">\n\t\t\t\t\t<div class=\"e-con-inner\">\n\t\t\t\t<div class=\"elementor-element elementor-element-aa739d9 elementor-widget__width-inherit elementor-widget elementor-widget-heading\" data-id=\"aa739d9\" data-element_type=\"widget\" data-widget_type=\"heading.default\">\n\t\t\t\t<div class=\"elementor-widget-container\">\n\t\t\t\t\t<h2 class=\"elementor-heading-title elementor-size-default\"><span style=\"font-family: Roboto;font-size: 25px;font-weight: 400;text-align: center\">V\u00edtejte na str\u00e1nk\u00e1ch rodinn\u00e9ho Penzionu Jano\u0161t\u00edk<\/span><br style=\"font-family: Roboto;font-size: 25px;font-weight: 400;text-align: center\"><span style=\"font-family: Roboto;font-size: 25px;font-weight: 400;text-align: center\">v kr\u00e1sn\u00e9m historick\u00e9m m\u011bst\u011b Ro\u017enov pod Radho\u0161t\u011bm,<\/span><br style=\"font-family: Roboto;font-size: 25px;font-weight: 400;text-align: center\"><span style=\"font-family: Roboto;font-size: 25px;font-weight: 400;text-align: center\">v samotn\u00e9m srdci Vala\u0161ska.<\/span><\/h2>\t\t\t\t<\/div>\n\t\t\t\t<\/div>\n\t\t\t\t<div class=\"elementor-element elementor-element-aef5b09 elementor-widget elementor-widget-text-editor\" data-id=\"aef5b09\" data-element_type=\"widget\" data-widget_type=\"text-editor.default\">\n\t\t\t\t<div class=\"elementor-widget-container\">\n\t\t\t\t\t\t\t\t\t<p>Penzion Jano\u0161t\u00edk najdete na okraji m\u011bsta ve sm\u011bru na Fren\u0161t\u00e1t pod Radho\u0161t\u011bm, zhruba kilometr od historick\u00e9ho centra samotn\u00e9ho Ro\u017enova pod Radho\u0161t\u011bm.<\/p><p>Nab\u00edz\u00edme V\u00e1m ubytov\u00e1n\u00ed v pokoj\u00edch a apartm\u00e1nech na\u0161eho penzionu, stejn\u011b jako v\u00fdbornou tradi\u010dn\u00ed kuchyni na\u0161\u00ed restaurace, p\u0159\u00edpadn\u011b klasickou atmosf\u00e9ru a vala\u0161skou kuchyni v na\u0161em stylov\u00e9m\u00a0<a href=\"https:\/\/www.nmvp.cz\/roznov\/informace-pro-navstevniky\/prohlidkove-okruhy\/hostinec-s-kupeckym-kramem-ze-zdechova\">Hostinci s kupeck\u00fdm kr\u00e1mem ze Zd\u011bchova<\/a>, kter\u00fd najdete ve\u00a0<a href=\"https:\/\/www.nmvp.cz\/roznov\">Vala\u0161sk\u00e9m muzeu v p\u0159\u00edrod\u011b<\/a>.<\/p><p style=\"text-align: center;\">V na\u0161em penzionu najdete z\u00e1zem\u00ed pro Va\u0161e ratolesti v d\u011btsk\u00e9m koutku a pokud to dovol\u00ed po\u010das\u00ed, tak tak\u00e9 p\u0159\u00edjemn\u00e9 posezen\u00ed na na\u0161\u00ed zahr\u00e1dce. N\u00e1\u0161 penzion je d\u00edky sv\u00e9mu um\u00edst\u011bn\u00ed ide\u00e1ln\u00edm m\u00edstem pro str\u00e1ven\u00ed klidn\u00e9, ale i sportovn\u011b lad\u011bn\u00e9 dovolen\u00e9.<\/p>\t\t\t\t\t\t\t\t<\/div>\n\t\t\t\t<\/div>\n\t\t\t\t\t<\/div>\n\t\t\t\t<\/div>\n\t\t<div class=\"elementor-element elementor-element-b3186f8 e-grid e-con-boxed e-con e-parent\" data-id=\"b3186f8\" data-element_type=\"container\">\n\t\t\t\t\t<div class=\"e-con-inner\">\n\t\t\t\t<div class=\"elementor-element elementor-element-6e86755 elementor-flip-box--effect-slide elementor-flip-box--direction-down elementor-widget elementor-widget-flip-box\" data-id=\"6e86755\" data-element_type=\"widget\" data-widget_type=\"flip-box.default\">\n\t\t\t\t<div class=\"elementor-widget-container\">\n\t\t\t\t\t\t\t<div class=\"elementor-flip-box\" tabindex=\"0\">\n\t\t\t<div class=\"elementor-flip-box__layer elementor-flip-box__front\">\n\t\t\t\t<div class=\"elementor-flip-box__layer__overlay\">\n\t\t\t\t\t<div class=\"elementor-flip-box__layer__inner\">\n\t\t\t\t\t\t\n\t\t\t\t\t\t\t\t\t\t\t\t\t<h3 class=\"elementor-flip-box__layer__title\">\n\t\t\t\t\t\t\t\tRestaurace\t\t\t\t\t\t\t<\/h3>\n\t\t\t\t\t\t\n\t\t\t\t\t\t\t\t\t\t\t<\/div>\n\t\t\t\t<\/div>\n\t\t\t<\/div>\n\t\t\t<div class=\"elementor-flip-box__layer elementor-flip-box__back\">\n\t\t\t<div class=\"elementor-flip-box__layer__overlay\">\n\t\t\t\t<div class=\"elementor-flip-box__layer__inner\">\n\t\t\t\t\t\t\t\t\t\t\t<h3 class=\"elementor-flip-box__layer__title\">\n\t\t\t\t\t\t\tRestaurace\t\t\t\t\t\t<\/h3>\n\t\t\t\t\t\n\t\t\t\t\t\t\t\t\t\t\t<div class=\"elementor-flip-box__layer__description\">\n\t\t\t\t\t\t\tNed\u00edlnou sou\u010d\u00e1st\u00ed penzionu je vlastn\u00ed restaurace s kapacitou 100 m\u00edst a salonkem a\u017e pro 40 osob, tak\u017ee svou kapacitou je zvl\u00e1\u0161t\u011b vhodn\u00e1 pro po\u0159\u00e1d\u00e1n\u00ed svateb, spole\u010densk\u00fdch akc\u00ed, p\u0159\u00e1telsk\u00fdch setk\u00e1n\u00ed a firemn\u00edch akc\u00ed, kter\u00e9 lze \u0159e\u0161it formou raut\u016f, \u010di bufetu.\t\t\t\t\t\t<\/div>\n\t\t\t\t\t\n\t\t\t\t\t\t\t\t\t\t\t<a class=\"elementor-flip-box__button elementor-button elementor-size-sm\" href=\"https:\/\/penzion-janostik.cz\/index.php\/restaurace\/\">\n\t\t\t\t\t\t\tV\u00edc informac\u00ed\t\t\t\t\t\t<\/a>\n\t\t\t\t\t\t\t\t<\/div>\n\t\t<\/div>\n\t\t<\/div>\n\t\t<\/div>\n\t\t\t\t\t\t<\/div>\n\t\t\t\t<\/div>\n\t\t\t\t<div class=\"elementor-element elementor-element-f2955c6 elementor-flip-box--effect-slide elementor-flip-box--direction-down elementor-widget elementor-widget-flip-box\" data-id=\"f2955c6\" data-element_type=\"widget\" data-widget_type=\"flip-box.default\">\n\t\t\t\t<div class=\"elementor-widget-container\">\n\t\t\t\t\t\t\t<div class=\"elementor-flip-box\" tabindex=\"0\">\n\t\t\t<div class=\"elementor-flip-box__layer elementor-flip-box__front\">\n\t\t\t\t<div class=\"elementor-flip-box__layer__overlay\">\n\t\t\t\t\t<div class=\"elementor-flip-box__layer__inner\">\n\t\t\t\t\t\t\n\t\t\t\t\t\t\t\t\t\t\t\t\t<h3 class=\"elementor-flip-box__layer__title\">\n\t\t\t\t\t\t\t\tUbytov\u00e1n\u00ed\t\t\t\t\t\t\t<\/h3>\n\t\t\t\t\t\t\n\t\t\t\t\t\t\t\t\t\t\t<\/div>\n\t\t\t\t<\/div>\n\t\t\t<\/div>\n\t\t\t<div class=\"elementor-flip-box__layer elementor-flip-box__back\">\n\t\t\t<div class=\"elementor-flip-box__layer__overlay\">\n\t\t\t\t<div class=\"elementor-flip-box__layer__inner\">\n\t\t\t\t\t\t\t\t\t\t\t<h3 class=\"elementor-flip-box__layer__title\">\n\t\t\t\t\t\t\tUbytov\u00e1n\u00ed\t\t\t\t\t\t<\/h3>\n\t\t\t\t\t\n\t\t\t\t\t\t\t\t\t\t\t<div class=\"elementor-flip-box__layer__description\">\n\t\t\t\t\t\t\tKapacita na\u0161ich ubytovac\u00edch prostor je 33 osob. Penzion poskytuje ubytov\u00e1n\u00ed v jednol\u016f\u017ekov\u00fdch, dvoul\u016f\u017ekov\u00fdch a t\u0159\u00edl\u016f\u017ekov\u00e9m a jednom v\u00edce l\u016f\u017ekov\u00e9m pokoji, u vybran\u00fdch pokoj\u016f je mo\u017enost p\u0159ist\u00fdlky. D\u00e1le se nab\u00edz\u00ed mo\u017enost ubytov\u00e1n\u00ed ve dvou samostatn\u00fdch apartm\u00e1nech. V r\u00e1mci ubytov\u00e1n\u00ed nab\u00edz\u00edme bohat\u00e9 sn\u00eddan\u011b a mo\u017enost stravov\u00e1n\u00ed se v na\u0161\u00ed restauraci. \t\t\t\t\t\t<\/div>\n\t\t\t\t\t\n\t\t\t\t\t\t\t\t\t\t\t<a class=\"elementor-flip-box__button elementor-button elementor-size-sm\" href=\"https:\/\/penzion-janostik.cz\/index.php\/ubytovani-2\/\">\n\t\t\t\t\t\t\tV\u00edc informac\u00ed\t\t\t\t\t\t<\/a>\n\t\t\t\t\t\t\t\t<\/div>\n\t\t<\/div>\n\t\t<\/div>\n\t\t<\/div>\n\t\t\t\t\t\t<\/div>\n\t\t\t\t<\/div>\n\t\t\t\t<div class=\"elementor-element elementor-element-0f20827 elementor-flip-box--effect-slide elementor-flip-box--direction-down elementor-widget elementor-widget-flip-box\" data-id=\"0f20827\" data-element_type=\"widget\" data-widget_type=\"flip-box.default\">\n\t\t\t\t<div class=\"elementor-widget-container\">\n\t\t\t\t\t\t\t<div class=\"elementor-flip-box\" tabindex=\"0\">\n\t\t\t<div class=\"elementor-flip-box__layer elementor-flip-box__front\">\n\t\t\t\t<div class=\"elementor-flip-box__layer__overlay\">\n\t\t\t\t\t<div class=\"elementor-flip-box__layer__inner\">\n\t\t\t\t\t\t\n\t\t\t\t\t\t\t\t\t\t\t\t\t<h3 class=\"elementor-flip-box__layer__title\">\n\t\t\t\t\t\t\t\tStylov\u00e1 hospoda\t\t\t\t\t\t\t<\/h3>\n\t\t\t\t\t\t\n\t\t\t\t\t\t\t\t\t\t\t<\/div>\n\t\t\t\t<\/div>\n\t\t\t<\/div>\n\t\t\t<div class=\"elementor-flip-box__layer elementor-flip-box__back\">\n\t\t\t<div class=\"elementor-flip-box__layer__overlay\">\n\t\t\t\t<div class=\"elementor-flip-box__layer__inner\">\n\t\t\t\t\t\t\t\t\t\t\t<h3 class=\"elementor-flip-box__layer__title\">\n\t\t\t\t\t\t\tStylov\u00e1 hospoda\t\t\t\t\t\t<\/h3>\n\t\t\t\t\t\n\t\t\t\t\t\t\t\t\t\t\t<div class=\"elementor-flip-box__layer__description\">\n\t\t\t\t\t\t\tPokud chcete nas\u00e1t atmosf\u00e9ru tradi\u010dn\u00edho Vala\u0161ska, m\u016f\u017eete nav\u0161t\u00edvit tak\u00e9 na\u0161i hospodu ve Vala\u0161sk\u00e9m muzeu v p\u0159\u00edrod\u011b. Zde m\u016f\u017eete ochutnat m\u00edstn\u00ed speciality v kulis\u00e1ch historick\u00e9 restaurace a za za zvuk\u016f prav\u00e9ho orchestrionu. Vala\u0161sk\u00e9 muzeum v p\u0159\u00edrod\u011b V\u00e1m celoro\u010dn\u011b nab\u00eddne pohled do historie tohoto severov\u00fdchodn\u00edho koutu na\u0161\u00ed republiky.\t\t\t\t\t\t<\/div>\n\t\t\t\t\t\n\t\t\t\t\t\t\t\t\t\t\t<a class=\"elementor-flip-box__button elementor-button elementor-size-sm\" href=\"https:\/\/penzion-janostik.cz\/index.php\/hospoda-ze-zdechova\/\">\n\t\t\t\t\t\t\tV\u00edc informac\u00ed\t\t\t\t\t\t<\/a>\n\t\t\t\t\t\t\t\t<\/div>\n\t\t<\/div>\n\t\t<\/div>\n\t\t<\/div>\n\t\t\t\t\t\t<\/div>\n\t\t\t\t<\/div>\n\t\t\t\t<div class=\"elementor-element elementor-element-e3b70a3 elementor-flip-box--effect-slide elementor-flip-box--direction-down elementor-widget elementor-widget-flip-box\" data-id=\"e3b70a3\" data-element_type=\"widget\" data-widget_type=\"flip-box.default\">\n\t\t\t\t<div class=\"elementor-widget-container\">\n\t\t\t\t\t\t\t<div class=\"elementor-flip-box\" tabindex=\"0\">\n\t\t\t<div class=\"elementor-flip-box__layer elementor-flip-box__front\">\n\t\t\t\t<div class=\"elementor-flip-box__layer__overlay\">\n\t\t\t\t\t<div class=\"elementor-flip-box__layer__inner\">\n\t\t\t\t\t\t\n\t\t\t\t\t\t\t\t\t\t\t\t\t<h3 class=\"elementor-flip-box__layer__title\">\n\t\t\t\t\t\t\t\tSport a okol\u00ed\t\t\t\t\t\t\t<\/h3>\n\t\t\t\t\t\t\n\t\t\t\t\t\t\t\t\t\t\t<\/div>\n\t\t\t\t<\/div>\n\t\t\t<\/div>\n\t\t\t<div class=\"elementor-flip-box__layer elementor-flip-box__back\">\n\t\t\t<div class=\"elementor-flip-box__layer__overlay\">\n\t\t\t\t<div class=\"elementor-flip-box__layer__inner\">\n\t\t\t\t\t\t\t\t\t\t\t<h3 class=\"elementor-flip-box__layer__title\">\n\t\t\t\t\t\t\tSport a okol\u00ed\t\t\t\t\t\t<\/h3>\n\t\t\t\t\t\n\t\t\t\t\t\t\t\t\t\t\t<div class=\"elementor-flip-box__layer__description\">\n\t\t\t\t\t\t\tV okol\u00ed Ro\u017enova pod Radho\u0161t\u011bm a samotn\u00e9ho penzionu Jano\u0161t\u00edk najdete spoustu mo\u017enost\u00ed, jak a kde tr\u00e1vit voln\u00fd \u010das. A je jedno, jestli jste na dovolen\u00e9 s d\u011btmi, p\u0159ijeli jste do Beskyd pod\u00e1vat sportovn\u00ed v\u00fdkony, nebo se chcete jen pod\u00edvat po kr\u00e1s\u00e1ch tohoto koutu na\u0161\u00ed republiky.\t\t\t\t\t\t<\/div>\n\t\t\t\t\t\n\t\t\t\t\t\t\t\t\t\t\t<a class=\"elementor-flip-box__button elementor-button elementor-size-sm\" href=\"https:\/\/penzion-janostik.cz\/index.php\/tipy-na-vylet-2\/\">\n\t\t\t\t\t\t\tV\u00edc informac\u00ed\t\t\t\t\t\t<\/a>\n\t\t\t\t\t\t\t\t<\/div>\n\t\t<\/div>\n\t\t<\/div>\n\t\t<\/div>\n\t\t\t\t\t\t<\/div>\n\t\t\t\t<\/div>\n\t\t\t\t\t<\/div>\n\t\t\t\t<\/div>\n\t\t<div class=\"elementor-element elementor-element-1bd05c5 e-flex e-con-boxed e-con e-parent\" data-id=\"1bd05c5\" data-element_type=\"container\">\n\t\t\t\t\t<div class=\"e-con-inner\">\n\t\t\t\t<div class=\"elementor-element elementor-element-9d90d34 elementor-align-center elementor-widget elementor-widget-button\" data-id=\"9d90d34\" data-element_type=\"widget\" data-widget_type=\"button.default\">\n\t\t\t\t<div class=\"elementor-widget-container\">\n\t\t\t\t\t\t\t\t\t<div class=\"elementor-button-wrapper\">\n\t\t\t\t\t<a class=\"elementor-button elementor-button-link elementor-size-sm\" href=\"https:\/\/penzion-janostik.cz\/index.php\/rezervace-ubytovani\/\">\n\t\t\t\t\t\t<span class=\"elementor-button-content-wrapper\">\n\t\t\t\t\t\t\t\t\t<span class=\"elementor-button-text\">Rezevujte si ubytov\u00e1n\u00ed<\/span>\n\t\t\t\t\t<\/span>\n\t\t\t\t\t<\/a>\n\t\t\t\t<\/div>\n\t\t\t\t\t\t\t\t<\/div>\n\t\t\t\t<\/div>\n\t\t\t\t\t<\/div>\n\t\t\t\t<\/div>\n\t\t\t\t<\/div>\n\t\t","protected":false},"excerpt":{"rendered":"<p>V\u00edtejte na str\u00e1nk\u00e1ch rodinn\u00e9ho Penzionu Jano\u0161t\u00edkv kr\u00e1sn\u00e9m historick\u00e9m m\u011bst\u011b Ro\u017enov pod Radho\u0161t\u011bm,v samotn\u00e9m srdci Vala\u0161ska. Penzion Jano\u0161t\u00edk najdete na okraji m\u011bsta ve sm\u011bru na Fren\u0161t\u00e1t pod Radho\u0161t\u011bm, zhruba kilometr od historick\u00e9ho centra samotn\u00e9ho Ro\u017enova pod Radho\u0161t\u011bm. Nab\u00edz\u00edme V\u00e1m ubytov\u00e1n\u00ed v pokoj\u00edch a apartm\u00e1nech na\u0161eho penzionu, stejn\u011b jako v\u00fdbornou tradi\u010dn\u00ed kuchyni na\u0161\u00ed restaurace, p\u0159\u00edpadn\u011b klasickou atmosf\u00e9ru [&hellip;]<\/p>\n","protected":false},"author":1,"featured_media":0,"parent":0,"menu_order":0,"comment_status":"closed","ping_status":"closed","template":"","meta":{"footnotes":""},"class_list":["post-43","page","type-page","status-publish","hentry"],"_links":{"self":[{"href":"https:\/\/penzion-janostik.cz\/index.php\/wp-json\/wp\/v2\/pages\/43","targetHints":{"allow":["GET"]}}],"collection":[{"href":"https:\/\/penzion-janostik.cz\/index.php\/wp-json\/wp\/v2\/pages"}],"about":[{"href":"https:\/\/penzion-janostik.cz\/index.php\/wp-json\/wp\/v2\/types\/page"}],"author":[{"embeddable":true,"href":"https:\/\/penzion-janostik.cz\/index.php\/wp-json\/wp\/v2\/users\/1"}],"replies":[{"embeddable":true,"href":"https:\/\/penzion-janostik.cz\/index.php\/wp-json\/wp\/v2\/comments?post=43"}],"version-history":[{"count":118,"href":"https:\/\/penzion-janostik.cz\/index.php\/wp-json\/wp\/v2\/pages\/43\/revisions"}],"predecessor-version":[{"id":1062,"href":"https:\/\/penzion-janostik.cz\/index.php\/wp-json\/wp\/v2\/pages\/43\/revisions\/1062"}],"wp:attachment":[{"href":"https:\/\/penzion-janostik.cz\/index.php\/wp-json\/wp\/v2\/media?parent=43"}],"curies":[{"name":"wp","href":"https:\/\/api.w.org\/{rel}","templated":true}]}}