{"id":438,"date":"2025-02-27T17:40:25","date_gmt":"2025-02-27T17:40:25","guid":{"rendered":"https:\/\/pj.oscloud.online\/?page_id=438"},"modified":"2025-02-27T19:49:26","modified_gmt":"2025-02-27T19:49:26","slug":"tipy-na-vylet-2","status":"publish","type":"page","link":"https:\/\/penzion-janostik.cz\/index.php\/tipy-na-vylet-2\/","title":{"rendered":"Tipy na v\u00fdlet"},"content":{"rendered":"\t\t<div data-elementor-type=\"wp-page\" data-elementor-id=\"438\" class=\"elementor elementor-438\" data-elementor-post-type=\"page\">\n\t\t\t\t<div class=\"elementor-element elementor-element-108e5d0 e-flex e-con-boxed e-con e-parent\" data-id=\"108e5d0\" data-element_type=\"container\">\n\t\t\t\t\t<div class=\"e-con-inner\">\n\t\t\t\t<div class=\"elementor-element elementor-element-08687c1 elementor-widget elementor-widget-image\" data-id=\"08687c1\" data-element_type=\"widget\" data-widget_type=\"image.default\">\n\t\t\t\t<div class=\"elementor-widget-container\">\n\t\t\t\t\t\t\t\t\t\t\t\t\t\t\t<img fetchpriority=\"high\" decoding=\"async\" width=\"800\" height=\"225\" src=\"https:\/\/penzion-janostik.cz\/wp-content\/uploads\/2025\/02\/OB5-1-1024x288.jpg\" class=\"attachment-large size-large wp-image-440\" alt=\"\" srcset=\"https:\/\/penzion-janostik.cz\/wp-content\/uploads\/2025\/02\/OB5-1-1024x288.jpg 1024w, https:\/\/penzion-janostik.cz\/wp-content\/uploads\/2025\/02\/OB5-1-300x84.jpg 300w, https:\/\/penzion-janostik.cz\/wp-content\/uploads\/2025\/02\/OB5-1-768x216.jpg 768w, https:\/\/penzion-janostik.cz\/wp-content\/uploads\/2025\/02\/OB5-1.jpg 1292w\" sizes=\"(max-width: 800px) 100vw, 800px\" \/>\t\t\t\t\t\t\t\t\t\t\t\t\t\t\t<\/div>\n\t\t\t\t<\/div>\n\t\t\t\t<div class=\"elementor-element elementor-element-8659d45 elementor-widget elementor-widget-spacer\" data-id=\"8659d45\" data-element_type=\"widget\" data-widget_type=\"spacer.default\">\n\t\t\t\t<div class=\"elementor-widget-container\">\n\t\t\t\t\t\t\t<div class=\"elementor-spacer\">\n\t\t\t<div class=\"elementor-spacer-inner\"><\/div>\n\t\t<\/div>\n\t\t\t\t\t\t<\/div>\n\t\t\t\t<\/div>\n\t\t\t\t<div class=\"elementor-element elementor-element-c4be2c2 elementor-widget elementor-widget-heading\" data-id=\"c4be2c2\" data-element_type=\"widget\" data-widget_type=\"heading.default\">\n\t\t\t\t<div class=\"elementor-widget-container\">\n\t\t\t\t\t<h5 class=\"elementor-heading-title elementor-size-default\">Tipy na v\u00fdlet<\/h5>\t\t\t\t<\/div>\n\t\t\t\t<\/div>\n\t\t\t\t<div class=\"elementor-element elementor-element-6c344db elementor-widget elementor-widget-text-editor\" data-id=\"6c344db\" data-element_type=\"widget\" data-widget_type=\"text-editor.default\">\n\t\t\t\t<div class=\"elementor-widget-container\">\n\t\t\t\t\t\t\t\t\t<p style=\"text-align: center;\">V okol\u00ed Ro\u017enova pod Radho\u0161t\u011bm a samotn\u00e9ho penzionu Jano\u0161t\u00edk najdete spoustu mo\u017enost\u00ed, jak a kde tr\u00e1vit voln\u00fd \u010das. A je jedno, jestli jste na dovolen\u00e9 s d\u011btmi, p\u0159ijeli jste do Beskyd pod\u00e1vat sportovn\u00ed v\u00fdkony, nebo se chcete jen pod\u00edvat po kr\u00e1s\u00e1ch tohoto koutu na\u0161\u00ed republiky. Dovolte n\u00e1m, abychom V\u00e1m tady na tomto m\u00edst\u011b p\u0159edstavili aspo\u0148 n\u011bkolik tip\u016f na aktivity, kter\u00e9 V\u00e1m zp\u0159\u00edjemn\u00ed pobyt v na\u0161em penzionu. Pro vy\u0161\u0161\u00ed p\u0159ehlednost jsme je rozd\u011blili do n\u011bkolika kategori\u00ed, tak\u017ee pros\u00edm, ra\u010dte si vybrat.<\/p>\t\t\t\t\t\t\t\t<\/div>\n\t\t\t\t<\/div>\n\t\t\t\t\t<\/div>\n\t\t\t\t<\/div>\n\t\t<div class=\"elementor-element elementor-element-03c60b7 e-flex e-con-boxed e-con e-parent\" data-id=\"03c60b7\" data-element_type=\"container\">\n\t\t\t\t\t<div class=\"e-con-inner\">\n\t\t\t\t<div class=\"elementor-element elementor-element-53c89ba elementor-widget elementor-widget-spacer\" data-id=\"53c89ba\" data-element_type=\"widget\" data-widget_type=\"spacer.default\">\n\t\t\t\t<div class=\"elementor-widget-container\">\n\t\t\t\t\t\t\t<div class=\"elementor-spacer\">\n\t\t\t<div class=\"elementor-spacer-inner\"><\/div>\n\t\t<\/div>\n\t\t\t\t\t\t<\/div>\n\t\t\t\t<\/div>\n\t\t\t\t\t<\/div>\n\t\t\t\t<\/div>\n\t\t<div class=\"elementor-element elementor-element-403aba9 e-flex e-con-boxed e-con e-parent\" data-id=\"403aba9\" data-element_type=\"container\">\n\t\t\t\t\t<div class=\"e-con-inner\">\n\t\t<div class=\"elementor-element elementor-element-4c01e6f e-con-full e-flex e-con e-child\" data-id=\"4c01e6f\" data-element_type=\"container\">\n\t\t\t\t<div class=\"elementor-element elementor-element-9213d08 elementor-widget elementor-widget-image\" data-id=\"9213d08\" data-element_type=\"widget\" data-widget_type=\"image.default\">\n\t\t\t\t<div class=\"elementor-widget-container\">\n\t\t\t\t\t\t\t\t\t\t\t\t\t\t\t\t<a href=\"https:\/\/penzion-janostik.cz\/index.php\/na-kole\/\">\n\t\t\t\t\t\t\t<img decoding=\"async\" width=\"300\" height=\"300\" src=\"https:\/\/penzion-janostik.cz\/wp-content\/uploads\/2025\/02\/nakole-300x300-1.jpg\" class=\"attachment-large size-large wp-image-441\" alt=\"\" srcset=\"https:\/\/penzion-janostik.cz\/wp-content\/uploads\/2025\/02\/nakole-300x300-1.jpg 300w, https:\/\/penzion-janostik.cz\/wp-content\/uploads\/2025\/02\/nakole-300x300-1-150x150.jpg 150w\" sizes=\"(max-width: 300px) 100vw, 300px\" \/>\t\t\t\t\t\t\t\t<\/a>\n\t\t\t\t\t\t\t\t\t\t\t\t\t\t\t<\/div>\n\t\t\t\t<\/div>\n\t\t\t\t<\/div>\n\t\t<div class=\"elementor-element elementor-element-0efe100 e-con-full e-flex e-con e-child\" data-id=\"0efe100\" data-element_type=\"container\">\n\t\t\t\t<div class=\"elementor-element elementor-element-f987ff4 elementor-widget elementor-widget-image\" data-id=\"f987ff4\" data-element_type=\"widget\" data-widget_type=\"image.default\">\n\t\t\t\t<div class=\"elementor-widget-container\">\n\t\t\t\t\t\t\t\t\t\t\t\t\t\t\t\t<a href=\"https:\/\/penzion-janostik.cz\/index.php\/pesky\/\">\n\t\t\t\t\t\t\t<img decoding=\"async\" width=\"300\" height=\"300\" src=\"https:\/\/penzion-janostik.cz\/wp-content\/uploads\/2025\/02\/pesky-nebo-autem-300x300-1.jpg\" class=\"attachment-large size-large wp-image-442\" alt=\"\" srcset=\"https:\/\/penzion-janostik.cz\/wp-content\/uploads\/2025\/02\/pesky-nebo-autem-300x300-1.jpg 300w, https:\/\/penzion-janostik.cz\/wp-content\/uploads\/2025\/02\/pesky-nebo-autem-300x300-1-150x150.jpg 150w\" sizes=\"(max-width: 300px) 100vw, 300px\" \/>\t\t\t\t\t\t\t\t<\/a>\n\t\t\t\t\t\t\t\t\t\t\t\t\t\t\t<\/div>\n\t\t\t\t<\/div>\n\t\t\t\t<\/div>\n\t\t<div class=\"elementor-element elementor-element-346546e e-con-full e-flex e-con e-child\" data-id=\"346546e\" data-element_type=\"container\">\n\t\t\t\t<div class=\"elementor-element elementor-element-5b37f6e elementor-widget elementor-widget-image\" data-id=\"5b37f6e\" data-element_type=\"widget\" data-widget_type=\"image.default\">\n\t\t\t\t<div class=\"elementor-widget-container\">\n\t\t\t\t\t\t\t\t\t\t\t\t\t\t\t\t<a href=\"https:\/\/penzion-janostik.cz\/index.php\/vylety-s-detmi\/\">\n\t\t\t\t\t\t\t<img loading=\"lazy\" decoding=\"async\" width=\"300\" height=\"300\" src=\"https:\/\/penzion-janostik.cz\/wp-content\/uploads\/2025\/02\/s-detmi-300x300-1.jpg\" class=\"attachment-large size-large wp-image-443\" alt=\"\" srcset=\"https:\/\/penzion-janostik.cz\/wp-content\/uploads\/2025\/02\/s-detmi-300x300-1.jpg 300w, https:\/\/penzion-janostik.cz\/wp-content\/uploads\/2025\/02\/s-detmi-300x300-1-150x150.jpg 150w\" sizes=\"(max-width: 300px) 100vw, 300px\" \/>\t\t\t\t\t\t\t\t<\/a>\n\t\t\t\t\t\t\t\t\t\t\t\t\t\t\t<\/div>\n\t\t\t\t<\/div>\n\t\t\t\t<\/div>\n\t\t\t\t\t<\/div>\n\t\t\t\t<\/div>\n\t\t\t\t<\/div>\n\t\t","protected":false},"excerpt":{"rendered":"<p>Tipy na v\u00fdlet V okol\u00ed Ro\u017enova pod Radho\u0161t\u011bm a samotn\u00e9ho penzionu Jano\u0161t\u00edk najdete spoustu mo\u017enost\u00ed, jak a kde tr\u00e1vit voln\u00fd \u010das. A je jedno, jestli jste na dovolen\u00e9 s d\u011btmi, p\u0159ijeli jste do Beskyd pod\u00e1vat sportovn\u00ed v\u00fdkony, nebo se chcete jen pod\u00edvat po kr\u00e1s\u00e1ch tohoto koutu na\u0161\u00ed republiky. Dovolte n\u00e1m, abychom V\u00e1m tady na tomto [&hellip;]<\/p>\n","protected":false},"author":1,"featured_media":0,"parent":0,"menu_order":0,"comment_status":"closed","ping_status":"closed","template":"","meta":{"footnotes":""},"class_list":["post-438","page","type-page","status-publish","hentry"],"_links":{"self":[{"href":"https:\/\/penzion-janostik.cz\/index.php\/wp-json\/wp\/v2\/pages\/438","targetHints":{"allow":["GET"]}}],"collection":[{"href":"https:\/\/penzion-janostik.cz\/index.php\/wp-json\/wp\/v2\/pages"}],"about":[{"href":"https:\/\/penzion-janostik.cz\/index.php\/wp-json\/wp\/v2\/types\/page"}],"author":[{"embeddable":true,"href":"https:\/\/penzion-janostik.cz\/index.php\/wp-json\/wp\/v2\/users\/1"}],"replies":[{"embeddable":true,"href":"https:\/\/penzion-janostik.cz\/index.php\/wp-json\/wp\/v2\/comments?post=438"}],"version-history":[{"count":13,"href":"https:\/\/penzion-janostik.cz\/index.php\/wp-json\/wp\/v2\/pages\/438\/revisions"}],"predecessor-version":[{"id":567,"href":"https:\/\/penzion-janostik.cz\/index.php\/wp-json\/wp\/v2\/pages\/438\/revisions\/567"}],"wp:attachment":[{"href":"https:\/\/penzion-janostik.cz\/index.php\/wp-json\/wp\/v2\/media?parent=438"}],"curies":[{"name":"wp","href":"https:\/\/api.w.org\/{rel}","templated":true}]}}