{"id":447,"date":"2025-02-27T17:45:52","date_gmt":"2025-02-27T17:45:52","guid":{"rendered":"https:\/\/pj.oscloud.online\/?page_id=447"},"modified":"2025-02-27T19:52:02","modified_gmt":"2025-02-27T19:52:02","slug":"na-kole","status":"publish","type":"page","link":"https:\/\/penzion-janostik.cz\/index.php\/na-kole\/","title":{"rendered":"Na kole"},"content":{"rendered":"\t\t<div data-elementor-type=\"wp-page\" data-elementor-id=\"447\" class=\"elementor elementor-447\" data-elementor-post-type=\"page\">\n\t\t\t\t<div class=\"elementor-element elementor-element-bfb5a0a e-flex e-con-boxed e-con e-parent\" data-id=\"bfb5a0a\" data-element_type=\"container\">\n\t\t\t\t\t<div class=\"e-con-inner\">\n\t\t\t\t<div class=\"elementor-element elementor-element-560d6d7 elementor-widget elementor-widget-image\" data-id=\"560d6d7\" data-element_type=\"widget\" data-widget_type=\"image.default\">\n\t\t\t\t<div class=\"elementor-widget-container\">\n\t\t\t\t\t\t\t\t\t\t\t\t\t\t\t<img fetchpriority=\"high\" decoding=\"async\" width=\"1292\" height=\"363\" src=\"https:\/\/penzion-janostik.cz\/wp-content\/uploads\/2025\/02\/kolo.jpg\" class=\"attachment-full size-full wp-image-449\" alt=\"\" srcset=\"https:\/\/penzion-janostik.cz\/wp-content\/uploads\/2025\/02\/kolo.jpg 1292w, https:\/\/penzion-janostik.cz\/wp-content\/uploads\/2025\/02\/kolo-300x84.jpg 300w, https:\/\/penzion-janostik.cz\/wp-content\/uploads\/2025\/02\/kolo-1024x288.jpg 1024w, https:\/\/penzion-janostik.cz\/wp-content\/uploads\/2025\/02\/kolo-768x216.jpg 768w\" sizes=\"(max-width: 1292px) 100vw, 1292px\" \/>\t\t\t\t\t\t\t\t\t\t\t\t\t\t\t<\/div>\n\t\t\t\t<\/div>\n\t\t\t\t<div class=\"elementor-element elementor-element-796ce59 elementor-widget elementor-widget-heading\" data-id=\"796ce59\" data-element_type=\"widget\" data-widget_type=\"heading.default\">\n\t\t\t\t<div class=\"elementor-widget-container\">\n\t\t\t\t\t<h5 class=\"elementor-heading-title elementor-size-default\">Z Jano\u0161t\u00edku a v okol\u00ed na kole<\/h5>\t\t\t\t<\/div>\n\t\t\t\t<\/div>\n\t\t<div class=\"elementor-element elementor-element-185e026 e-con-full e-flex e-con e-child\" data-id=\"185e026\" data-element_type=\"container\">\n\t\t\t\t<div class=\"elementor-element elementor-element-7e88a12 elementor-widget-divider--view-line elementor-widget elementor-widget-divider\" data-id=\"7e88a12\" data-element_type=\"widget\" data-widget_type=\"divider.default\">\n\t\t\t\t<div class=\"elementor-widget-container\">\n\t\t\t\t\t\t\t<div class=\"elementor-divider\">\n\t\t\t<span class=\"elementor-divider-separator\">\n\t\t\t\t\t\t<\/span>\n\t\t<\/div>\n\t\t\t\t\t\t<\/div>\n\t\t\t\t<\/div>\n\t\t\t\t<div class=\"elementor-element elementor-element-4894c09 elementor-widget elementor-widget-text-editor\" data-id=\"4894c09\" data-element_type=\"widget\" data-widget_type=\"text-editor.default\">\n\t\t\t\t<div class=\"elementor-widget-container\">\n\t\t\t\t\t\t\t\t\t<p><strong><a href=\"http:\/\/www.visitroznov.cz\/cyklovylet-boruvkova-cesta\/os-1043\"><img decoding=\"async\" class=\"alignleft wp-image-452 size-full\" src=\"https:\/\/penzion-janostik.cz\/wp-content\/uploads\/2025\/02\/dily-150x150-1.jpg\" alt=\"\" width=\"150\" height=\"150\" \/><\/a><a href=\"http:\/\/www.visitroznov.cz\/cyklovylet-boruvkova-cesta\/os-1043\" target=\"_blank\" rel=\"noopener\">Cyklov\u00fdlet \u2013 Bor\u016fvkov\u00e1 cesta<\/a><br \/><\/strong><b><\/b><b>START :\u00a0<\/b>Ro\u017enov pod Radho\u0161t\u011bm<br \/><b>C\u00cdL :\u00a0<\/b>Ro\u017enov pod Radho\u0161t\u011bm<br \/><b>TRASA :\u00a0<\/b>Ro\u017enov pod Radho\u0161t\u011bm (6260) \u2013 Doln\u00ed Be\u010dva (6260) \u2013 Hutisko-Solanec (6252) \u2013 Z\u00e1kop\u010d\u00ed (6252) \u2013 H\u00e1\u017eovick\u00e9 D\u00edly (6252) \u2013 Vala\u0161sk\u00e1 Byst\u0159ice (46) \u2013 Ro\u017enov pod Radho\u0161t\u011bm.<br \/><strong>Celkem 29,8 km, st\u0159edn\u00ed obt\u00ed\u017enost<\/strong><\/p>\t\t\t\t\t\t\t\t<\/div>\n\t\t\t\t<\/div>\n\t\t\t\t<div class=\"elementor-element elementor-element-ade64e2 elementor-widget-divider--view-line elementor-widget elementor-widget-divider\" data-id=\"ade64e2\" data-element_type=\"widget\" data-widget_type=\"divider.default\">\n\t\t\t\t<div class=\"elementor-widget-container\">\n\t\t\t\t\t\t\t<div class=\"elementor-divider\">\n\t\t\t<span class=\"elementor-divider-separator\">\n\t\t\t\t\t\t<\/span>\n\t\t<\/div>\n\t\t\t\t\t\t<\/div>\n\t\t\t\t<\/div>\n\t\t\t\t<div class=\"elementor-element elementor-element-e777244 elementor-widget elementor-widget-text-editor\" data-id=\"e777244\" data-element_type=\"widget\" data-widget_type=\"text-editor.default\">\n\t\t\t\t<div class=\"elementor-widget-container\">\n\t\t\t\t\t\t\t\t\t<p><a href=\"http:\/\/www.visitroznov.cz\/cyklovylet-na-umelci-polibenou-solan\/os-1039\"><img decoding=\"async\" class=\"alignright wp-image-453 size-full\" src=\"https:\/\/penzion-janostik.cz\/wp-content\/uploads\/2025\/02\/solan-150x150-1.jpg\" alt=\"\" width=\"150\" height=\"150\" \/><\/a><a href=\"http:\/\/www.visitroznov.cz\/cyklovylet-na-umelci-polibenou-solan\/os-1039\" target=\"_blank\" rel=\"noopener\"><strong>Cyklov\u00fdlet \u2013 Na um\u011blci pol\u00edbenou Sol\u00e1\u0148<br \/><\/strong><\/a><strong>START :<\/strong>\u00a0Ro\u017enov pod Radho\u0161t\u011bm<br \/><strong>C\u00cdL :<\/strong>\u00a0Ro\u017enov pod Radho\u0161t\u011bm, n\u00e1m\u011bst\u00ed<br \/><strong>TRASA :\u00a0<\/strong>Ro\u017enov pod Radho\u0161t\u011bm (6014) \u2013 Vigantice (6014) \u2013 Hutisko-Solanec (6014) \u2013 Sol\u00e1\u0148, h\u0159eben (6013) \u2013 \u010cart\u00e1k (6013) \u2013 Vsack\u00e1 Tane\u010dnice (6013) \u2013 M\u00edsn\u00e1 (6013) \u2013 D\u00edly (6013) \u2013 H\u00e1\u017eovick\u00e9 D\u00edly (6013) \u2013 Hlav\u00e1\u010dky (6013) \u2013 Rysov\u00e1 (6013) \u2013 Ro\u017enov pod Radho\u0161t\u011bm.<br \/><strong>Celkem 29,8 km, st\u0159edn\u00ed obt\u00ed\u017enost<\/strong><\/p>\t\t\t\t\t\t\t\t<\/div>\n\t\t\t\t<\/div>\n\t\t\t\t<div class=\"elementor-element elementor-element-6867e91 elementor-widget-divider--view-line elementor-widget elementor-widget-divider\" data-id=\"6867e91\" data-element_type=\"widget\" data-widget_type=\"divider.default\">\n\t\t\t\t<div class=\"elementor-widget-container\">\n\t\t\t\t\t\t\t<div class=\"elementor-divider\">\n\t\t\t<span class=\"elementor-divider-separator\">\n\t\t\t\t\t\t<\/span>\n\t\t<\/div>\n\t\t\t\t\t\t<\/div>\n\t\t\t\t<\/div>\n\t\t\t\t<div class=\"elementor-element elementor-element-b8f5c70 elementor-widget elementor-widget-text-editor\" data-id=\"b8f5c70\" data-element_type=\"widget\" data-widget_type=\"text-editor.default\">\n\t\t\t\t<div class=\"elementor-widget-container\">\n\t\t\t\t\t\t\t\t\t<p><a href=\"http:\/\/www.visitroznov.cz\/cyklovylet-pres-prehradu-na-zvonici\/os-1041\"><img loading=\"lazy\" decoding=\"async\" class=\"alignleft wp-image-454 size-full\" src=\"https:\/\/penzion-janostik.cz\/wp-content\/uploads\/2025\/02\/prehrada-150x150-1.jpg\" alt=\"\" width=\"150\" height=\"150\" \/><\/a><a href=\"http:\/\/www.visitroznov.cz\/cyklovylet-pres-prehradu-na-zvonici\/os-1041\" target=\"_blank\" rel=\"noopener\"><strong>Cyklov\u00fdlet \u2013 p\u0159es p\u0159ehradu na Zvonici<\/strong><\/a><br \/><b>START :\u00a0<\/b>Ro\u017enov pod Radho\u0161t\u011bm<br \/><b>C\u00cdL :\u00a0<\/b>Ro\u017enov pod Radho\u0161t\u011bm<br \/><b>TRASA :\u00a0<\/b>Ro\u017enov pod Radho\u0161t\u011bm (6260) \u2013 Doln\u00ed Be\u010dva (6260) \u2013 Horn\u00ed Be\u010dva (6015) \u2013 Bene\u0161ky (6013) \u2013 Pod Kotlovou (6013) \u2013 Sol\u00e1\u0148, h\u0159eben (6013) \u2013 \u010cart\u00e1k (6013) \u2013 Hutisko-Solanec (6014) \u2013 Ro\u017enov pod Radho\u0161t\u011bm<br \/><strong>Celkem 40 km, st\u0159edn\u00ed obt\u00ed\u017enost<\/strong><\/p>\t\t\t\t\t\t\t\t<\/div>\n\t\t\t\t<\/div>\n\t\t\t\t<div class=\"elementor-element elementor-element-4d01cc7 elementor-widget-divider--view-line elementor-widget elementor-widget-divider\" data-id=\"4d01cc7\" data-element_type=\"widget\" data-widget_type=\"divider.default\">\n\t\t\t\t<div class=\"elementor-widget-container\">\n\t\t\t\t\t\t\t<div class=\"elementor-divider\">\n\t\t\t<span class=\"elementor-divider-separator\">\n\t\t\t\t\t\t<\/span>\n\t\t<\/div>\n\t\t\t\t\t\t<\/div>\n\t\t\t\t<\/div>\n\t\t\t\t<div class=\"elementor-element elementor-element-eb90282 elementor-widget elementor-widget-text-editor\" data-id=\"eb90282\" data-element_type=\"widget\" data-widget_type=\"text-editor.default\">\n\t\t\t\t<div class=\"elementor-widget-container\">\n\t\t\t\t\t\t\t\t\t<p><a href=\"http:\/\/www.visitroznov.cz\/cyklovylet-pres-videcske-paseky\/os-1042\"><img loading=\"lazy\" decoding=\"async\" class=\"alignright wp-image-455 size-full\" src=\"https:\/\/penzion-janostik.cz\/wp-content\/uploads\/2025\/02\/paseky-150x150-1.jpg\" alt=\"\" width=\"150\" height=\"150\" \/><\/a><a href=\"http:\/\/www.visitroznov.cz\/cyklovylet-pres-videcske-paseky\/os-1042\" target=\"_blank\" rel=\"noopener\"><strong>Cyklov\u00fdlet \u2013 p\u0159es Vide\u010dsk\u00e9 paseky<\/strong><\/a><br \/><b>START :\u00a0<\/b>Ro\u017enov pod Radho\u0161t\u011bm<br \/><b>C\u00cdL :\u00a0<\/b>Ro\u017enov pod Radho\u0161t\u011bm<br \/><b>TRASA :\u00a0<\/b>Ro\u017enov pod Radho\u0161t\u011bm (6260) \u2013 Vid\u010de (6012) \u2013 Velk\u00e1 Lhota (6012) \u2013 Mal\u00e1 Lhota (6012) \u2013 Vala\u0161sk\u00e9 Mezi\u0159\u00ed\u010d\u00ed (6012) \u2013 Hrachovec (6218) \u2013 Vesel\u00e1 (6260) \u2013 Za\u0161ov\u00e1 (6260) \u2013 Ro\u017enov pod Radho\u0161t\u011bm.<br \/><strong>Celkem 33,5 km, st\u0159edn\u00ed obt\u00ed\u017enost<\/strong><\/p>\t\t\t\t\t\t\t\t<\/div>\n\t\t\t\t<\/div>\n\t\t\t\t<div class=\"elementor-element elementor-element-1c990a3 elementor-widget-divider--view-line elementor-widget elementor-widget-divider\" data-id=\"1c990a3\" data-element_type=\"widget\" data-widget_type=\"divider.default\">\n\t\t\t\t<div class=\"elementor-widget-container\">\n\t\t\t\t\t\t\t<div class=\"elementor-divider\">\n\t\t\t<span class=\"elementor-divider-separator\">\n\t\t\t\t\t\t<\/span>\n\t\t<\/div>\n\t\t\t\t\t\t<\/div>\n\t\t\t\t<\/div>\n\t\t\t\t<div class=\"elementor-element elementor-element-e3f56ce elementor-widget elementor-widget-text-editor\" data-id=\"e3f56ce\" data-element_type=\"widget\" data-widget_type=\"text-editor.default\">\n\t\t\t\t<div class=\"elementor-widget-container\">\n\t\t\t\t\t\t\t\t\t<p><a href=\"http:\/\/www.visitroznov.cz\/cyklovylet-roznovske-kolecko\/os-1044\"><img loading=\"lazy\" decoding=\"async\" class=\"alignleft wp-image-456 size-full\" src=\"https:\/\/penzion-janostik.cz\/wp-content\/uploads\/2025\/02\/hutisko-150x150-1.jpg\" alt=\"\" width=\"150\" height=\"150\" \/><\/a><a href=\"http:\/\/www.visitroznov.cz\/cyklovylet-roznovske-kolecko\/os-1044\" target=\"_blank\" rel=\"noopener\"><strong>Cyklov\u00fdlet \u2013 Ro\u017enovsk\u00e9 kole\u010dko<\/strong><\/a><br \/><b>START :\u00a0<\/b>Ro\u017enov pod Radho\u0161t\u011bm<br \/><b>C\u00cdL :\u00a0<\/b>Ro\u017enov pod Radho\u0161t\u011bm<br \/><b>TRASA :\u00a0<\/b>Ro\u017enov pod Radho\u0161t\u011bm (6260) \u2013 Doln\u00ed Be\u010dva (6260) \u2013 Hutisko-Solanec (6252) \u2013 Vigantice (6014) \u2013 Ro\u017enov pod Radho\u0161t\u011bm.<br \/><strong>Celkem 17,5 km, st\u0159edn\u00ed obt\u00ed\u017enost<\/strong><\/p>\t\t\t\t\t\t\t\t<\/div>\n\t\t\t\t<\/div>\n\t\t\t\t<div class=\"elementor-element elementor-element-061f6d0 elementor-widget-divider--view-line elementor-widget elementor-widget-divider\" data-id=\"061f6d0\" data-element_type=\"widget\" data-widget_type=\"divider.default\">\n\t\t\t\t<div class=\"elementor-widget-container\">\n\t\t\t\t\t\t\t<div class=\"elementor-divider\">\n\t\t\t<span class=\"elementor-divider-separator\">\n\t\t\t\t\t\t<\/span>\n\t\t<\/div>\n\t\t\t\t\t\t<\/div>\n\t\t\t\t<\/div>\n\t\t\t\t<div class=\"elementor-element elementor-element-e1b51b3 elementor-widget elementor-widget-text-editor\" data-id=\"e1b51b3\" data-element_type=\"widget\" data-widget_type=\"text-editor.default\">\n\t\t\t\t<div class=\"elementor-widget-container\">\n\t\t\t\t\t\t\t\t\t<p><strong><a href=\"http:\/\/www.visitroznov.cz\/cyklovylet%2Dudolim%2Droznovske%2Dbecvy\/os-1025\"><img loading=\"lazy\" decoding=\"async\" class=\"alignright wp-image-457 size-full\" src=\"https:\/\/penzion-janostik.cz\/wp-content\/uploads\/2025\/02\/becva-150x150-1.jpg\" alt=\"\" width=\"150\" height=\"150\" \/><\/a><a href=\"http:\/\/www.visitroznov.cz\/cyklovylet%2Dudolim%2Droznovske%2Dbecvy\/os-1025\" target=\"_blank\" rel=\"noopener\"><span class=\"StrongEmphasis\">Cyklov\u00fdlet \u2013 \u00fadol\u00edm Ro\u017enovsk\u00e9 Be\u010dvy<\/span><\/a><\/strong><br \/><b>START:<\/b>\u00a0Horn\u00ed Be\u010dva, pod p\u0159ehradou<br \/><b>C\u00cdL:<\/b>\u00a0 Vala\u0161sk\u00e9 Mezi\u0159\u00ed\u010d\u00ed<br \/><b>TRASA:<\/b>\u00a0Horn\u00ed Be\u010dva \u2013 Prost\u0159edn\u00ed Be\u010dva \u2013 Doln\u00ed Be\u010dva \u2013 Ro\u017enov pod Radho\u0161t\u011bm \u2013 Zub\u0159\u00ed \u2013 St\u0159\u00edte\u017e n. B. \u2013 Za\u0161ov\u00e1 \u2013 Hrachovec \u2013 Vala\u0161sk\u00e9 Mezi\u0159\u00ed\u010d\u00ed<br \/><strong>Celkem 29,8 km, st\u0159edn\u00ed obt\u00ed\u017enost<\/strong><\/p>\t\t\t\t\t\t\t\t<\/div>\n\t\t\t\t<\/div>\n\t\t\t\t<div class=\"elementor-element elementor-element-a0aa607 elementor-widget-divider--view-line elementor-widget elementor-widget-divider\" data-id=\"a0aa607\" data-element_type=\"widget\" data-widget_type=\"divider.default\">\n\t\t\t\t<div class=\"elementor-widget-container\">\n\t\t\t\t\t\t\t<div class=\"elementor-divider\">\n\t\t\t<span class=\"elementor-divider-separator\">\n\t\t\t\t\t\t<\/span>\n\t\t<\/div>\n\t\t\t\t\t\t<\/div>\n\t\t\t\t<\/div>\n\t\t\t\t<div class=\"elementor-element elementor-element-8b2c52c elementor-widget elementor-widget-text-editor\" data-id=\"8b2c52c\" data-element_type=\"widget\" data-widget_type=\"text-editor.default\">\n\t\t\t\t<div class=\"elementor-widget-container\">\n\t\t\t\t\t\t\t\t\t<p><a href=\"http:\/\/www.visitroznov.cz\/cyklovylet-velky-okruh-po-cyklostezce-becva\/os-1036\"><img loading=\"lazy\" decoding=\"async\" class=\"alignleft wp-image-459 size-full\" src=\"https:\/\/penzion-janostik.cz\/wp-content\/uploads\/2025\/02\/huslenky-150x150-1.jpg\" alt=\"\" width=\"150\" height=\"150\" \/><\/a><a href=\"http:\/\/www.visitroznov.cz\/cyklovylet-velky-okruh-po-cyklostezce-becva\/os-1036\" target=\"_blank\" rel=\"noopener\"><strong>Cyklov\u00fdlet \u2013 velk\u00fd okruh po cyklostezce Be\u010dva<\/strong><\/a><br \/><b>START:<\/b>\u00a0Ro\u017enov pod Radho\u0161t\u011bm<br \/><b>C\u00cdL:<\/b>\u00a0Ro\u017enov pod Radho\u0161t\u011bm<br \/><b>TRASA:<\/b>\u00a0Ro\u017enov pod Radho\u0161t\u011bm (cyklobus) \u2013 T\u0159e\u0161t\u00edk (6020\/1) \u2013 Velk\u00e9 Karlovice (50) \u2013 Karolinka (50) \u2013 Nov\u00fd Hrozenkov (50) \u2013 Halenkov (50) \u2013 Huslenky (50) \u2013 Vset\u00edn (50) \u2013 Vala\u0161sk\u00e9 Mezi\u0159\u00ed\u010d\u00ed (6260) \u2013 Zub\u0159\u00ed (6260) \u2013 Ro\u017enov pod Radho\u0161t\u011bm<br \/><strong>Celkem 76,5 km, st\u0159edn\u00ed obt\u00ed\u017enost<\/strong><\/p>\t\t\t\t\t\t\t\t<\/div>\n\t\t\t\t<\/div>\n\t\t\t\t<div class=\"elementor-element elementor-element-6cb7923 elementor-widget-divider--view-line elementor-widget elementor-widget-divider\" data-id=\"6cb7923\" data-element_type=\"widget\" data-widget_type=\"divider.default\">\n\t\t\t\t<div class=\"elementor-widget-container\">\n\t\t\t\t\t\t\t<div class=\"elementor-divider\">\n\t\t\t<span class=\"elementor-divider-separator\">\n\t\t\t\t\t\t<\/span>\n\t\t<\/div>\n\t\t\t\t\t\t<\/div>\n\t\t\t\t<\/div>\n\t\t\t\t<div class=\"elementor-element elementor-element-939e4ad elementor-widget elementor-widget-text-editor\" data-id=\"939e4ad\" data-element_type=\"widget\" data-widget_type=\"text-editor.default\">\n\t\t\t\t<div class=\"elementor-widget-container\">\n\t\t\t\t\t\t\t\t\t<p><a href=\"http:\/\/www.visitroznov.cz\/cyklovylet-verovickymi-vrchy-na-pustevny\/os-1038\"><img loading=\"lazy\" decoding=\"async\" class=\"alignright wp-image-460 size-full\" src=\"https:\/\/penzion-janostik.cz\/wp-content\/uploads\/2025\/02\/verovice-150x150-1.jpg\" alt=\"\" width=\"150\" height=\"150\" \/><\/a><a href=\"http:\/\/www.visitroznov.cz\/cyklovylet-verovickymi-vrchy-na-pustevny\/os-1038\" target=\"_blank\" rel=\"noopener\"><strong>Cyklov\u00fdlet \u2013 Ve\u0159ovick\u00fdmi vrchy na Pustevny<\/strong><\/a><br \/><b>START :\u00a0<\/b>Ro\u017enov pod Radho\u0161t\u011bm<br \/><b>C\u00cdL :\u00a0<\/b>Ro\u017enov pod Radho\u0161t\u011bm, n\u00e1m\u011bst\u00ed<br \/><b>TRASA :\u00a0<\/b>Ro\u017enov pod Radho\u0161t\u011bm (6260) \u2013 Zub\u0159\u00ed (6260) \u2013 Za\u0161ov\u00e1 (6016) \u2013 Jehli\u010dn\u00e1 (6016) \u2013 Pod Hu\u0161t\u00fdnem (6016) \u2013 Hore\u010dky (6016) \u2013 Fren\u0161t\u00e1t pod Radho\u0161t\u011bm (6016) \u2013 Trojanovice (6016) \u2013 Pustevny (46) \u2013 Skal\u00edkova louka (46) \u2013 chata M\u00edr (46) \u2013 Ro\u017enov pod Radho\u0161t\u011bm<br \/><strong>Celkem 68 km, st\u0159edn\u00ed obt\u00ed\u017enost<\/strong><\/p>\t\t\t\t\t\t\t\t<\/div>\n\t\t\t\t<\/div>\n\t\t\t\t<div class=\"elementor-element elementor-element-39a540d elementor-widget-divider--view-line elementor-widget elementor-widget-divider\" data-id=\"39a540d\" data-element_type=\"widget\" data-widget_type=\"divider.default\">\n\t\t\t\t<div class=\"elementor-widget-container\">\n\t\t\t\t\t\t\t<div class=\"elementor-divider\">\n\t\t\t<span class=\"elementor-divider-separator\">\n\t\t\t\t\t\t<\/span>\n\t\t<\/div>\n\t\t\t\t\t\t<\/div>\n\t\t\t\t<\/div>\n\t\t\t\t<div class=\"elementor-element elementor-element-472a060 elementor-widget elementor-widget-text-editor\" data-id=\"472a060\" data-element_type=\"widget\" data-widget_type=\"text-editor.default\">\n\t\t\t\t<div class=\"elementor-widget-container\">\n\t\t\t\t\t\t\t\t\t<p><a href=\"http:\/\/www.visitroznov.cz\/cyklovylet-za-koupanim-k-prehrade-bystricka\/os-1040\"><img loading=\"lazy\" decoding=\"async\" class=\"alignleft wp-image-461 size-full\" src=\"https:\/\/penzion-janostik.cz\/wp-content\/uploads\/2025\/02\/bystricka-150x150-1.jpg\" alt=\"\" width=\"150\" height=\"150\" \/><\/a><a href=\"http:\/\/www.visitroznov.cz\/cyklovylet-za-koupanim-k-prehrade-bystricka\/os-1040\" target=\"_blank\" rel=\"noopener\"><strong>Cyklov\u00fdlet \u2013 Za koup\u00e1n\u00edm k p\u0159ehrad\u011b Byst\u0159i\u010dka<\/strong><\/a><br \/><b>START :\u00a0<\/b>Ro\u017enov pod Radho\u0161t\u011bm<br \/><b>C\u00cdL :\u00a0<\/b>Ro\u017enov pod Radho\u0161t\u011bm<br \/><b>TRASA :\u00a0<\/b>Ro\u017enov pod Radho\u0161t\u011bm (6260) \u2013 St\u0159\u00edte\u017e nad Be\u010dvou (6219) \u2013 Velk\u00e1 Lhota (6018) \u2013 Byst\u0159i\u010dka, p\u0159ehrada (6119) \u2013 Vala\u0161sk\u00e1 Byst\u0159ice (46) \u2013 Ro\u017enov pod Radho\u0161t\u011bm<br \/><strong>Celkem 31,5 km, st\u0159edn\u00ed obt\u00ed\u017enost<\/strong><\/p>\t\t\t\t\t\t\t\t<\/div>\n\t\t\t\t<\/div>\n\t\t\t\t<div class=\"elementor-element elementor-element-f34fcc9 elementor-widget-divider--view-line elementor-widget elementor-widget-divider\" data-id=\"f34fcc9\" data-element_type=\"widget\" data-widget_type=\"divider.default\">\n\t\t\t\t<div class=\"elementor-widget-container\">\n\t\t\t\t\t\t\t<div class=\"elementor-divider\">\n\t\t\t<span class=\"elementor-divider-separator\">\n\t\t\t\t\t\t<\/span>\n\t\t<\/div>\n\t\t\t\t\t\t<\/div>\n\t\t\t\t<\/div>\n\t\t\t\t<\/div>\n\t\t\t\t\t<\/div>\n\t\t\t\t<\/div>\n\t\t\t\t<\/div>\n\t\t","protected":false},"excerpt":{"rendered":"<p>Z Jano\u0161t\u00edku a v okol\u00ed na kole Cyklov\u00fdlet \u2013 Bor\u016fvkov\u00e1 cestaSTART :\u00a0Ro\u017enov pod Radho\u0161t\u011bmC\u00cdL :\u00a0Ro\u017enov pod Radho\u0161t\u011bmTRASA :\u00a0Ro\u017enov pod Radho\u0161t\u011bm (6260) \u2013 Doln\u00ed Be\u010dva (6260) \u2013 Hutisko-Solanec (6252) \u2013 Z\u00e1kop\u010d\u00ed (6252) \u2013 H\u00e1\u017eovick\u00e9 D\u00edly (6252) \u2013 Vala\u0161sk\u00e1 Byst\u0159ice (46) \u2013 Ro\u017enov pod Radho\u0161t\u011bm.Celkem 29,8 km, st\u0159edn\u00ed obt\u00ed\u017enost Cyklov\u00fdlet \u2013 Na um\u011blci pol\u00edbenou Sol\u00e1\u0148START :\u00a0Ro\u017enov pod [&hellip;]<\/p>\n","protected":false},"author":1,"featured_media":0,"parent":0,"menu_order":0,"comment_status":"closed","ping_status":"closed","template":"","meta":{"footnotes":""},"class_list":["post-447","page","type-page","status-publish","hentry"],"_links":{"self":[{"href":"https:\/\/penzion-janostik.cz\/index.php\/wp-json\/wp\/v2\/pages\/447","targetHints":{"allow":["GET"]}}],"collection":[{"href":"https:\/\/penzion-janostik.cz\/index.php\/wp-json\/wp\/v2\/pages"}],"about":[{"href":"https:\/\/penzion-janostik.cz\/index.php\/wp-json\/wp\/v2\/types\/page"}],"author":[{"embeddable":true,"href":"https:\/\/penzion-janostik.cz\/index.php\/wp-json\/wp\/v2\/users\/1"}],"replies":[{"embeddable":true,"href":"https:\/\/penzion-janostik.cz\/index.php\/wp-json\/wp\/v2\/comments?post=447"}],"version-history":[{"count":22,"href":"https:\/\/penzion-janostik.cz\/index.php\/wp-json\/wp\/v2\/pages\/447\/revisions"}],"predecessor-version":[{"id":570,"href":"https:\/\/penzion-janostik.cz\/index.php\/wp-json\/wp\/v2\/pages\/447\/revisions\/570"}],"wp:attachment":[{"href":"https:\/\/penzion-janostik.cz\/index.php\/wp-json\/wp\/v2\/media?parent=447"}],"curies":[{"name":"wp","href":"https:\/\/api.w.org\/{rel}","templated":true}]}}