{"id":851,"date":"2026-01-09T17:18:26","date_gmt":"2026-01-09T17:18:26","guid":{"rendered":"https:\/\/penzion-janostik.cz\/?page_id=851"},"modified":"2026-01-10T07:06:47","modified_gmt":"2026-01-10T07:06:47","slug":"pokoj-8","status":"publish","type":"page","link":"https:\/\/penzion-janostik.cz\/index.php\/pokoj-8\/","title":{"rendered":"Pokoje 8"},"content":{"rendered":"\t\t<div data-elementor-type=\"wp-page\" data-elementor-id=\"851\" class=\"elementor elementor-851\" data-elementor-post-type=\"page\">\n\t\t\t\t<div class=\"elementor-element elementor-element-48d9c44 e-flex e-con-boxed e-con e-parent\" data-id=\"48d9c44\" data-element_type=\"container\">\n\t\t\t\t\t<div class=\"e-con-inner\">\n\t\t\t\t<div class=\"elementor-element elementor-element-777ba19 elementor-widget elementor-widget-heading\" data-id=\"777ba19\" data-element_type=\"widget\" data-widget_type=\"heading.default\">\n\t\t\t\t<div class=\"elementor-widget-container\">\n\t\t\t\t\t<h4 class=\"elementor-heading-title elementor-size-default\">Pokoj 8<\/h4>\t\t\t\t<\/div>\n\t\t\t\t<\/div>\n\t\t\t\t<div class=\"elementor-element elementor-element-9ed94cd elementor-widget elementor-widget-text-editor\" data-id=\"9ed94cd\" data-element_type=\"widget\" data-widget_type=\"text-editor.default\">\n\t\t\t\t<div class=\"elementor-widget-container\">\n\t\t\t\t\t\t\t\t\t<p style=\"text-align: center;\"><strong>Dvoul\u016f\u017ekov\u00fd pokoj Superior s man\u017eelskou postel\u00ed, v\u00fdhled do dvora<br \/><\/strong>Dvoul\u016f\u017ekov\u00fd pokoj s man\u017eelskou postel\u00ed, posezen\u00edm a zvukovou izolac\u00ed. Bezplatn\u00e9 Wi-Fi je k dispozici ve v\u0161ech pokoj\u00edch.<\/p><div class=\"js_hp_rt_lightbox_facilities\"><p class=\"hp_rt_lightbox_facilities\" style=\"text-align: center;\" data-nr-of-facilities=\"26\"><strong>Vybaven\u00ed pokoje:\u00a0<\/strong><span class=\"\" data-name-en=\"\">sprcha<\/span>,\u00a0<span class=\"\" data-name-en=\"\">TV<\/span>,\u00a0<span class=\"\" data-name-en=\"\">r\u00e1dio<\/span>,\u00a0<span class=\"\" data-name-en=\"\">posezen\u00ed<\/span>,\u00a0<span class=\"\" data-name-en=\"\">toaletn\u00ed pot\u0159eby zdarma<\/span>,\u00a0<span class=\"\" data-name-en=\"\">toaleta<\/span>,\u00a0<span class=\"\" data-name-en=\"\">koupelna<\/span>,\u00a0<span class=\"\" data-name-en=\"\">topen\u00ed<\/span>,\u00a0<span class=\"\" data-name-en=\"\">satelitn\u00ed programy<\/span>,\u00a0<span class=\"\" data-name-en=\"\">vana nebo sprcha<\/span>,\u00a0<span class=\"\" data-name-en=\"\">koberec<\/span>,\u00a0<span class=\"\" data-name-en=\"\">TV s plochou obrazovkou<\/span>,\u00a0<span class=\"\" data-name-en=\"\">zvukov\u00e1 izolace<\/span>,\u00a0<span class=\"\" data-name-en=\"\">v\u00fdhled<\/span>,\u00a0<span class=\"\" data-name-en=\"\">bud\u00edk<\/span>, s<span class=\"\" data-name-en=\"\">k\u0159\u00ed\u0148\/\u0161atna<\/span>,\u00a0<span class=\"\" data-name-en=\"\">ru\u010dn\u00edky<\/span>,\u00a0<span class=\"\" data-name-en=\"\">povle\u010den\u00ed<\/span>,\u00a0<span class=\"\" data-name-en=\"\">vy\u0161\u0161\u00ed patra jsou dostupn\u00e1 pouze po schodech<\/span>,\u00a0<span class=\"\" data-name-en=\"\">v\u011b\u0161\u00e1k na oble\u010den\u00ed<\/span>,\u00a0<span class=\"\" data-name-en=\"\">su\u0161\u00e1k na pr\u00e1dlo<\/span>, t<span class=\"\" data-name-en=\"\">oaletn\u00ed pap\u00edr<\/span>,\u00a0<span class=\"\" data-name-en=\"\">knihy, hudba pro d\u011bti<\/span>,\u00a0<span class=\"\" data-name-en=\"\">sprcha<\/span>, o<span class=\"\" data-name-en=\"\">dpadkov\u00e9 ko\u0161e<\/span>,\u00a0<span class=\"\" data-name-en=\"\">d\u011btsk\u00e9 post\u00fdlky a l\u016f\u017eka<\/span><\/p><\/div>\t\t\t\t\t\t\t\t<\/div>\n\t\t\t\t<\/div>\n\t\t\t\t<div class=\"elementor-element elementor-element-7571053 elementor-widget elementor-widget-gallery\" data-id=\"7571053\" data-element_type=\"widget\" data-settings=\"{&quot;columns&quot;:3,&quot;lazyload&quot;:&quot;yes&quot;,&quot;gallery_layout&quot;:&quot;grid&quot;,&quot;columns_tablet&quot;:2,&quot;columns_mobile&quot;:1,&quot;gap&quot;:{&quot;unit&quot;:&quot;px&quot;,&quot;size&quot;:10,&quot;sizes&quot;:[]},&quot;gap_tablet&quot;:{&quot;unit&quot;:&quot;px&quot;,&quot;size&quot;:10,&quot;sizes&quot;:[]},&quot;gap_mobile&quot;:{&quot;unit&quot;:&quot;px&quot;,&quot;size&quot;:10,&quot;sizes&quot;:[]},&quot;link_to&quot;:&quot;file&quot;,&quot;aspect_ratio&quot;:&quot;3:2&quot;,&quot;overlay_background&quot;:&quot;yes&quot;,&quot;content_hover_animation&quot;:&quot;fade-in&quot;}\" data-widget_type=\"gallery.default\">\n\t\t\t\t<div class=\"elementor-widget-container\">\n\t\t\t\t\t\t\t<div class=\"elementor-gallery__container\">\n\t\t\t\t\t\t\t<a class=\"e-gallery-item elementor-gallery-item elementor-animated-content\" href=\"https:\/\/penzion-janostik.cz\/wp-content\/uploads\/2026\/01\/IMG_3916-scaled.jpg\" data-elementor-open-lightbox=\"yes\" data-elementor-lightbox-slideshow=\"7571053\" data-elementor-lightbox-title=\"IMG_3916\" data-e-action-hash=\"#elementor-action%3Aaction%3Dlightbox%26settings%3DeyJpZCI6NzY5LCJ1cmwiOiJodHRwczpcL1wvcGVuemlvbi1qYW5vc3Rpay5jelwvd3AtY29udGVudFwvdXBsb2Fkc1wvMjAyNlwvMDFcL0lNR18zOTE2LXNjYWxlZC5qcGciLCJzbGlkZXNob3ciOiI3NTcxMDUzIn0%3D\">\n\t\t\t\t\t<div class=\"e-gallery-image elementor-gallery-item__image\" data-thumbnail=\"https:\/\/penzion-janostik.cz\/wp-content\/uploads\/2026\/01\/IMG_3916-768x576.jpg\" data-width=\"768\" data-height=\"576\" aria-label=\"\" role=\"img\" ><\/div>\n\t\t\t\t\t\t\t\t\t\t\t<div class=\"elementor-gallery-item__overlay\"><\/div>\n\t\t\t\t\t\t\t\t\t\t\t\t\t\t<\/a>\n\t\t\t\t\t\t\t<a class=\"e-gallery-item elementor-gallery-item elementor-animated-content\" href=\"https:\/\/penzion-janostik.cz\/wp-content\/uploads\/2026\/01\/IMG_3915-scaled.jpg\" data-elementor-open-lightbox=\"yes\" data-elementor-lightbox-slideshow=\"7571053\" data-elementor-lightbox-title=\"IMG_3915\" data-e-action-hash=\"#elementor-action%3Aaction%3Dlightbox%26settings%3DeyJpZCI6NzY4LCJ1cmwiOiJodHRwczpcL1wvcGVuemlvbi1qYW5vc3Rpay5jelwvd3AtY29udGVudFwvdXBsb2Fkc1wvMjAyNlwvMDFcL0lNR18zOTE1LXNjYWxlZC5qcGciLCJzbGlkZXNob3ciOiI3NTcxMDUzIn0%3D\">\n\t\t\t\t\t<div class=\"e-gallery-image elementor-gallery-item__image\" data-thumbnail=\"https:\/\/penzion-janostik.cz\/wp-content\/uploads\/2026\/01\/IMG_3915-768x576.jpg\" data-width=\"768\" data-height=\"576\" aria-label=\"\" role=\"img\" ><\/div>\n\t\t\t\t\t\t\t\t\t\t\t<div class=\"elementor-gallery-item__overlay\"><\/div>\n\t\t\t\t\t\t\t\t\t\t\t\t\t\t<\/a>\n\t\t\t\t\t\t\t<a class=\"e-gallery-item elementor-gallery-item elementor-animated-content\" href=\"https:\/\/penzion-janostik.cz\/wp-content\/uploads\/2026\/01\/IMG_3914-scaled.jpg\" data-elementor-open-lightbox=\"yes\" data-elementor-lightbox-slideshow=\"7571053\" data-elementor-lightbox-title=\"IMG_3914\" data-e-action-hash=\"#elementor-action%3Aaction%3Dlightbox%26settings%3DeyJpZCI6NzY3LCJ1cmwiOiJodHRwczpcL1wvcGVuemlvbi1qYW5vc3Rpay5jelwvd3AtY29udGVudFwvdXBsb2Fkc1wvMjAyNlwvMDFcL0lNR18zOTE0LXNjYWxlZC5qcGciLCJzbGlkZXNob3ciOiI3NTcxMDUzIn0%3D\">\n\t\t\t\t\t<div class=\"e-gallery-image elementor-gallery-item__image\" data-thumbnail=\"https:\/\/penzion-janostik.cz\/wp-content\/uploads\/2026\/01\/IMG_3914-768x576.jpg\" data-width=\"768\" data-height=\"576\" aria-label=\"\" role=\"img\" ><\/div>\n\t\t\t\t\t\t\t\t\t\t\t<div class=\"elementor-gallery-item__overlay\"><\/div>\n\t\t\t\t\t\t\t\t\t\t\t\t\t\t<\/a>\n\t\t\t\t\t\t\t<a class=\"e-gallery-item elementor-gallery-item elementor-animated-content\" href=\"https:\/\/penzion-janostik.cz\/wp-content\/uploads\/2026\/01\/IMG_2257-768x1024-1.jpg\" data-elementor-open-lightbox=\"yes\" data-elementor-lightbox-slideshow=\"7571053\" data-elementor-lightbox-title=\"IMG_2257-768x1024\" data-e-action-hash=\"#elementor-action%3Aaction%3Dlightbox%26settings%3DeyJpZCI6NzY2LCJ1cmwiOiJodHRwczpcL1wvcGVuemlvbi1qYW5vc3Rpay5jelwvd3AtY29udGVudFwvdXBsb2Fkc1wvMjAyNlwvMDFcL0lNR18yMjU3LTc2OHgxMDI0LTEuanBnIiwic2xpZGVzaG93IjoiNzU3MTA1MyJ9\">\n\t\t\t\t\t<div class=\"e-gallery-image elementor-gallery-item__image\" data-thumbnail=\"https:\/\/penzion-janostik.cz\/wp-content\/uploads\/2026\/01\/IMG_2257-768x1024-1.jpg\" data-width=\"768\" data-height=\"1024\" aria-label=\"\" role=\"img\" ><\/div>\n\t\t\t\t\t\t\t\t\t\t\t<div class=\"elementor-gallery-item__overlay\"><\/div>\n\t\t\t\t\t\t\t\t\t\t\t\t\t\t<\/a>\n\t\t\t\t\t<\/div>\n\t\t\t\t\t<\/div>\n\t\t\t\t<\/div>\n\t\t\t\t\t<\/div>\n\t\t\t\t<\/div>\n\t\t\t\t<\/div>\n\t\t","protected":false},"excerpt":{"rendered":"<p>Pokoj 8 Dvoul\u016f\u017ekov\u00fd pokoj Superior s man\u017eelskou postel\u00ed, v\u00fdhled do dvoraDvoul\u016f\u017ekov\u00fd pokoj s man\u017eelskou postel\u00ed, posezen\u00edm a zvukovou izolac\u00ed. Bezplatn\u00e9 Wi-Fi je k dispozici ve v\u0161ech pokoj\u00edch. Vybaven\u00ed pokoje:\u00a0sprcha,\u00a0TV,\u00a0r\u00e1dio,\u00a0posezen\u00ed,\u00a0toaletn\u00ed pot\u0159eby zdarma,\u00a0toaleta,\u00a0koupelna,\u00a0topen\u00ed,\u00a0satelitn\u00ed programy,\u00a0vana nebo sprcha,\u00a0koberec,\u00a0TV s plochou obrazovkou,\u00a0zvukov\u00e1 izolace,\u00a0v\u00fdhled,\u00a0bud\u00edk, sk\u0159\u00ed\u0148\/\u0161atna,\u00a0ru\u010dn\u00edky,\u00a0povle\u010den\u00ed,\u00a0vy\u0161\u0161\u00ed patra jsou dostupn\u00e1 pouze po schodech,\u00a0v\u011b\u0161\u00e1k na oble\u010den\u00ed,\u00a0su\u0161\u00e1k na pr\u00e1dlo, toaletn\u00ed pap\u00edr,\u00a0knihy, hudba pro d\u011bti,\u00a0sprcha, odpadkov\u00e9 [&hellip;]<\/p>\n","protected":false},"author":3,"featured_media":0,"parent":0,"menu_order":0,"comment_status":"closed","ping_status":"closed","template":"","meta":{"footnotes":""},"class_list":["post-851","page","type-page","status-publish","hentry"],"_links":{"self":[{"href":"https:\/\/penzion-janostik.cz\/index.php\/wp-json\/wp\/v2\/pages\/851","targetHints":{"allow":["GET"]}}],"collection":[{"href":"https:\/\/penzion-janostik.cz\/index.php\/wp-json\/wp\/v2\/pages"}],"about":[{"href":"https:\/\/penzion-janostik.cz\/index.php\/wp-json\/wp\/v2\/types\/page"}],"author":[{"embeddable":true,"href":"https:\/\/penzion-janostik.cz\/index.php\/wp-json\/wp\/v2\/users\/3"}],"replies":[{"embeddable":true,"href":"https:\/\/penzion-janostik.cz\/index.php\/wp-json\/wp\/v2\/comments?post=851"}],"version-history":[{"count":10,"href":"https:\/\/penzion-janostik.cz\/index.php\/wp-json\/wp\/v2\/pages\/851\/revisions"}],"predecessor-version":[{"id":929,"href":"https:\/\/penzion-janostik.cz\/index.php\/wp-json\/wp\/v2\/pages\/851\/revisions\/929"}],"wp:attachment":[{"href":"https:\/\/penzion-janostik.cz\/index.php\/wp-json\/wp\/v2\/media?parent=851"}],"curies":[{"name":"wp","href":"https:\/\/api.w.org\/{rel}","templated":true}]}}